{"id":2293,"date":"2021-08-25T09:53:38","date_gmt":"2021-08-25T07:53:38","guid":{"rendered":"https:\/\/blogsaverroes.juntadeandalucia.es\/ceipsanjose\/?page_id=2293"},"modified":"2022-09-12T19:50:02","modified_gmt":"2022-09-12T17:50:02","slug":"covid-19","status":"publish","type":"page","link":"https:\/\/blogsaverroes.juntadeandalucia.es\/ceipsanjose\/covid-19\/","title":{"rendered":"COVID-19"},"content":{"rendered":"<p>En est\u00e1 p\u00e1gina, adem\u00e1s de estar siempre enlazada la \u00faltima revisi\u00f3n del protocolo COVID del centro, facilitaremos informaci\u00f3n oficial sobre la gesti\u00f3n escolar de la pandemia.&nbsp;<\/p>\n<p>Picando en este <a href=\"https:\/\/docs.google.com\/document\/d\/1NIeH5DFJebQpNnLKNGBWkeNGFF9wPWaFzMP_rslhkUg\/edit?usp=sharing\">enlace<\/a>, se puede consultar el PROTOCOLO del curso 22\/23 (revisado con fecha 01.09.22 y pendiente de aprobaci\u00f3n final por parte de la COMISI\u00d3N COVID del centro).&nbsp;<\/p>\n","protected":false},"excerpt":{"rendered":"<p>En est\u00e1 p\u00e1gina, adem\u00e1s de estar siempre enlazada la \u00faltima revisi\u00f3n del protocolo COVID del centro, facilitaremos informaci\u00f3n oficial sobre la gesti\u00f3n escolar de la pandemia.&nbsp; Picando en este enlace, se puede consultar el PROTOCOLO del curso 22\/23 (revisado con fecha 01.09.22 y pendiente de aprobaci\u00f3n final por parte de la COMISI\u00d3N COVID del centro).&nbsp;<\/p>\n","protected":false},"author":2266,"featured_media":0,"parent":0,"menu_order":0,"comment_status":"closed","ping_status":"closed","template":"","meta":{"ngg_post_thumbnail":0,"footnotes":"","_mc_calendar":[]},"aioseo_notices":[],"_links":{"self":[{"href":"https:\/\/blogsaverroes.juntadeandalucia.es\/ceipsanjose\/wp-json\/wp\/v2\/pages\/2293"}],"collection":[{"href":"https:\/\/blogsaverroes.juntadeandalucia.es\/ceipsanjose\/wp-json\/wp\/v2\/pages"}],"about":[{"href":"https:\/\/blogsaverroes.juntadeandalucia.es\/ceipsanjose\/wp-json\/wp\/v2\/types\/page"}],"author":[{"embeddable":true,"href":"https:\/\/blogsaverroes.juntadeandalucia.es\/ceipsanjose\/wp-json\/wp\/v2\/users\/2266"}],"replies":[{"embeddable":true,"href":"https:\/\/blogsaverroes.juntadeandalucia.es\/ceipsanjose\/wp-json\/wp\/v2\/comments?post=2293"}],"version-history":[{"count":4,"href":"https:\/\/blogsaverroes.juntadeandalucia.es\/ceipsanjose\/wp-json\/wp\/v2\/pages\/2293\/revisions"}],"predecessor-version":[{"id":2562,"href":"https:\/\/blogsaverroes.juntadeandalucia.es\/ceipsanjose\/wp-json\/wp\/v2\/pages\/2293\/revisions\/2562"}],"wp:attachment":[{"href":"https:\/\/blogsaverroes.juntadeandalucia.es\/ceipsanjose\/wp-json\/wp\/v2\/media?parent=2293"}],"curies":[{"name":"wp","href":"https:\/\/api.w.org\/{rel}","templated":true}]}}