{"id":2301,"date":"2021-08-25T18:44:59","date_gmt":"2021-08-25T16:44:59","guid":{"rendered":"https:\/\/blogsaverroes.juntadeandalucia.es\/ceipsanjose\/?page_id=2301"},"modified":"2026-04-18T17:32:36","modified_gmt":"2026-04-18T15:32:36","slug":"consejo-escolar-y-comisiones","status":"publish","type":"page","link":"https:\/\/blogsaverroes.juntadeandalucia.es\/ceipsanjose\/consejo-escolar-y-comisiones\/","title":{"rendered":"Consejo Escolar"},"content":{"rendered":"<p style=\"text-align: center\"><strong>Competencias del Consejo Escolar<\/strong><\/p>\n<p style=\"text-align: justify\">Seg\u00fan el Art\u00edculo 127 de Ley Org\u00e1nica 8\/2013, de 9 de diciembre, para la mejora de la calidad educativa (LOMCE), las competencias del Consejo Escolar son (picando en la imagen se puede ampliar):<\/p>\n<p><a href=\"https:\/\/blogsaverroes.juntadeandalucia.es\/ceipsanjose\/files\/2021\/12\/Captura-de-pantalla-2021-12-15-a-las-16.27.31.png\"><img loading=\"lazy\" decoding=\"async\" class=\"alignnone wp-image-2461\" src=\"https:\/\/blogsaverroes.juntadeandalucia.es\/ceipsanjose\/files\/2021\/12\/Captura-de-pantalla-2021-12-15-a-las-16.27.31-300x279.png\" alt=\"\" width=\"822\" height=\"765\"\/><\/a><\/p>\n<p>&nbsp;<\/p>\n<p style=\"text-align: center\"><strong>COMPOSICI\u00d3N DEL CONSEJO ESCOLAR<\/strong><\/p>\n<p>El Consejo escolar de centro queda constituido tal como queda en el presente <a href=\"https:\/\/docs.google.com\/document\/d\/1UGj7CWlW3Ai95wJ_pbNmHOxVUnWc_LBL1itrX4Mb25Y\/edit?usp=sharing\">documento<\/a>.&nbsp;<\/p>\n<div class=\"page\" title=\"Page 1\">\n<div class=\"layoutArea\">\n<div class=\"column\">\n<p>&nbsp;<\/p>\n<\/div>\n<\/div>\n<\/div>\n","protected":false},"excerpt":{"rendered":"<p>Competencias del Consejo Escolar Seg\u00fan el Art\u00edculo 127 de Ley Org\u00e1nica 8\/2013, de 9 de diciembre, para la mejora de la calidad educativa (LOMCE), las competencias del Consejo Escolar son (picando en la imagen se puede ampliar): &nbsp; COMPOSICI\u00d3N DEL CONSEJO ESCOLAR El Consejo escolar de centro queda constituido tal como queda en el presente &hellip; <a href=\"https:\/\/blogsaverroes.juntadeandalucia.es\/ceipsanjose\/consejo-escolar-y-comisiones\/\" class=\"more-link\">Seguir leyendo <span class=\"screen-reader-text\">Consejo Escolar<\/span> <span class=\"meta-nav\">&rarr;<\/span><\/a><\/p>\n","protected":false},"author":2266,"featured_media":0,"parent":0,"menu_order":0,"comment_status":"closed","ping_status":"closed","template":"","meta":{"ngg_post_thumbnail":0,"footnotes":"","_mc_calendar":[]},"aioseo_notices":[],"_links":{"self":[{"href":"https:\/\/blogsaverroes.juntadeandalucia.es\/ceipsanjose\/wp-json\/wp\/v2\/pages\/2301"}],"collection":[{"href":"https:\/\/blogsaverroes.juntadeandalucia.es\/ceipsanjose\/wp-json\/wp\/v2\/pages"}],"about":[{"href":"https:\/\/blogsaverroes.juntadeandalucia.es\/ceipsanjose\/wp-json\/wp\/v2\/types\/page"}],"author":[{"embeddable":true,"href":"https:\/\/blogsaverroes.juntadeandalucia.es\/ceipsanjose\/wp-json\/wp\/v2\/users\/2266"}],"replies":[{"embeddable":true,"href":"https:\/\/blogsaverroes.juntadeandalucia.es\/ceipsanjose\/wp-json\/wp\/v2\/comments?post=2301"}],"version-history":[{"count":5,"href":"https:\/\/blogsaverroes.juntadeandalucia.es\/ceipsanjose\/wp-json\/wp\/v2\/pages\/2301\/revisions"}],"predecessor-version":[{"id":3243,"href":"https:\/\/blogsaverroes.juntadeandalucia.es\/ceipsanjose\/wp-json\/wp\/v2\/pages\/2301\/revisions\/3243"}],"wp:attachment":[{"href":"https:\/\/blogsaverroes.juntadeandalucia.es\/ceipsanjose\/wp-json\/wp\/v2\/media?parent=2301"}],"curies":[{"name":"wp","href":"https:\/\/api.w.org\/{rel}","templated":true}]}}