{"id":2321,"date":"2021-09-02T06:58:55","date_gmt":"2021-09-02T04:58:55","guid":{"rendered":"https:\/\/blogsaverroes.juntadeandalucia.es\/ceipsanjose\/?page_id=2321"},"modified":"2021-09-02T06:58:55","modified_gmt":"2021-09-02T04:58:55","slug":"ensenanzas","status":"publish","type":"page","link":"https:\/\/blogsaverroes.juntadeandalucia.es\/ceipsanjose\/ensenanzas\/","title":{"rendered":"Ense\u00f1anzas"},"content":{"rendered":"<p>El CEIP San Jos\u00e9, de Palenciana, desarrolla las siguientes ense\u00f1anzas:<\/p>\n<ul>\n<li>2\u00ba Ciclo de Educaci\u00f3n Infantil, con tres unidades, una por nivel (3, 4 y 5 a\u00f1os).<\/li>\n<li>Educaci\u00f3n Primaria, con seis unidades, una por nivel, desde 1\u00ba hasta 6\u00ba.&nbsp;<\/li>\n<li>1\u00ba Ciclo de Educaci\u00f3n Secundaria Obligatoria con una unidad de 1\u00ba y otra de 2\u00ba.&nbsp;<\/li>\n<\/ul>\n<p>Actualmente, el centro cuenta con 11 unidades.&nbsp;<\/p>\n","protected":false},"excerpt":{"rendered":"<p>El CEIP San Jos\u00e9, de Palenciana, desarrolla las siguientes ense\u00f1anzas: 2\u00ba Ciclo de Educaci\u00f3n Infantil, con tres unidades, una por nivel (3, 4 y 5 a\u00f1os). Educaci\u00f3n Primaria, con seis unidades, una por nivel, desde 1\u00ba hasta 6\u00ba.&nbsp; 1\u00ba Ciclo de Educaci\u00f3n Secundaria Obligatoria con una unidad de 1\u00ba y otra de 2\u00ba.&nbsp; Actualmente, el &hellip; <a href=\"https:\/\/blogsaverroes.juntadeandalucia.es\/ceipsanjose\/ensenanzas\/\" class=\"more-link\">Seguir leyendo <span class=\"screen-reader-text\">Ense\u00f1anzas<\/span> <span class=\"meta-nav\">&rarr;<\/span><\/a><\/p>\n","protected":false},"author":2266,"featured_media":0,"parent":0,"menu_order":0,"comment_status":"closed","ping_status":"closed","template":"","meta":{"ngg_post_thumbnail":0,"footnotes":"","_mc_calendar":[]},"aioseo_notices":[],"_links":{"self":[{"href":"https:\/\/blogsaverroes.juntadeandalucia.es\/ceipsanjose\/wp-json\/wp\/v2\/pages\/2321"}],"collection":[{"href":"https:\/\/blogsaverroes.juntadeandalucia.es\/ceipsanjose\/wp-json\/wp\/v2\/pages"}],"about":[{"href":"https:\/\/blogsaverroes.juntadeandalucia.es\/ceipsanjose\/wp-json\/wp\/v2\/types\/page"}],"author":[{"embeddable":true,"href":"https:\/\/blogsaverroes.juntadeandalucia.es\/ceipsanjose\/wp-json\/wp\/v2\/users\/2266"}],"replies":[{"embeddable":true,"href":"https:\/\/blogsaverroes.juntadeandalucia.es\/ceipsanjose\/wp-json\/wp\/v2\/comments?post=2321"}],"version-history":[{"count":1,"href":"https:\/\/blogsaverroes.juntadeandalucia.es\/ceipsanjose\/wp-json\/wp\/v2\/pages\/2321\/revisions"}],"predecessor-version":[{"id":2322,"href":"https:\/\/blogsaverroes.juntadeandalucia.es\/ceipsanjose\/wp-json\/wp\/v2\/pages\/2321\/revisions\/2322"}],"wp:attachment":[{"href":"https:\/\/blogsaverroes.juntadeandalucia.es\/ceipsanjose\/wp-json\/wp\/v2\/media?parent=2321"}],"curies":[{"name":"wp","href":"https:\/\/api.w.org\/{rel}","templated":true}]}}