{"id":2330,"date":"2021-09-15T12:39:23","date_gmt":"2021-09-15T10:39:23","guid":{"rendered":"https:\/\/blogsaverroes.juntadeandalucia.es\/ceipsanjose\/?page_id=2330"},"modified":"2024-09-08T23:19:17","modified_gmt":"2024-09-08T21:19:17","slug":"ampa","status":"publish","type":"page","link":"https:\/\/blogsaverroes.juntadeandalucia.es\/ceipsanjose\/ampa\/","title":{"rendered":"AMPA"},"content":{"rendered":"<p>En esta p\u00e1gina tendremos acceso a informaci\u00f3n relacionada con la AMPA.<\/p>\n<p>&nbsp;<\/p>\n<ul>\n<li><a href=\"https:\/\/www.facebook.com\/pg\/AMPA-Palenciana-20-281252852367641\/posts\/\">P\u00c1GINA DE FACEBOOK DE LA AMPA<\/a><\/li>\n<li><a title=\"\u00bfQu\u00e9 es la AMPA?\" href=\"https:\/\/blogsaverroes.juntadeandalucia.es\/ceipsanjose\/que-es-el-ampa\/\">\u00bfQu\u00e9 es y c\u00f3mo funciona la AMPA?<\/a><\/li>\n<\/ul>\n","protected":false},"excerpt":{"rendered":"<p>En esta p\u00e1gina tendremos acceso a informaci\u00f3n relacionada con la AMPA. &nbsp; P\u00c1GINA DE FACEBOOK DE LA AMPA \u00bfQu\u00e9 es y c\u00f3mo funciona la AMPA?<\/p>\n","protected":false},"author":2266,"featured_media":0,"parent":0,"menu_order":0,"comment_status":"closed","ping_status":"closed","template":"","meta":{"ngg_post_thumbnail":0,"footnotes":"","_mc_calendar":[]},"aioseo_notices":[],"_links":{"self":[{"href":"https:\/\/blogsaverroes.juntadeandalucia.es\/ceipsanjose\/wp-json\/wp\/v2\/pages\/2330"}],"collection":[{"href":"https:\/\/blogsaverroes.juntadeandalucia.es\/ceipsanjose\/wp-json\/wp\/v2\/pages"}],"about":[{"href":"https:\/\/blogsaverroes.juntadeandalucia.es\/ceipsanjose\/wp-json\/wp\/v2\/types\/page"}],"author":[{"embeddable":true,"href":"https:\/\/blogsaverroes.juntadeandalucia.es\/ceipsanjose\/wp-json\/wp\/v2\/users\/2266"}],"replies":[{"embeddable":true,"href":"https:\/\/blogsaverroes.juntadeandalucia.es\/ceipsanjose\/wp-json\/wp\/v2\/comments?post=2330"}],"version-history":[{"count":3,"href":"https:\/\/blogsaverroes.juntadeandalucia.es\/ceipsanjose\/wp-json\/wp\/v2\/pages\/2330\/revisions"}],"predecessor-version":[{"id":3024,"href":"https:\/\/blogsaverroes.juntadeandalucia.es\/ceipsanjose\/wp-json\/wp\/v2\/pages\/2330\/revisions\/3024"}],"wp:attachment":[{"href":"https:\/\/blogsaverroes.juntadeandalucia.es\/ceipsanjose\/wp-json\/wp\/v2\/media?parent=2330"}],"curies":[{"name":"wp","href":"https:\/\/api.w.org\/{rel}","templated":true}]}}