{"id":2334,"date":"2021-09-15T12:43:13","date_gmt":"2021-09-15T10:43:13","guid":{"rendered":"https:\/\/blogsaverroes.juntadeandalucia.es\/ceipsanjose\/?page_id=2334"},"modified":"2021-09-15T12:43:13","modified_gmt":"2021-09-15T10:43:13","slug":"que-es-la-ampa","status":"publish","type":"page","link":"https:\/\/blogsaverroes.juntadeandalucia.es\/ceipsanjose\/que-es-la-ampa\/","title":{"rendered":"\u00bfQU\u00c9 ES LA AMPA?"},"content":{"rendered":"<p style=\"text-align: left\"><a href=\"https:\/\/blogsaverroes.juntadeandalucia.es\/ceipsanjose\/files\/2021\/09\/descarga.png\"><img loading=\"lazy\" decoding=\"async\" class=\" wp-image-2335 aligncenter\" src=\"https:\/\/blogsaverroes.juntadeandalucia.es\/ceipsanjose\/files\/2021\/09\/descarga.png\" alt=\"\" width=\"379\" height=\"236\"\/><\/a><\/p>\n<p style=\"text-align: justify\">La <strong>AMPA<\/strong> es una asociaci\u00f3n sin \u00e1nimo de lucro que formada por los padres y madres de todo el alumnado del Colegio.<\/p>\n<p style=\"text-align: justify\">Es un punto de encuentro y de trabajo independiente, abierto y plural.<\/p>\n<p style=\"text-align: justify\">Desde la AMPA podemos contribuir a la mejora de la calidad de la educaci\u00f3n, la convivencia del centro y de las instalaciones.<\/p>\n<h3 style=\"text-align: justify\">\u00bfPor qu\u00e9 es importante vuestra participaci\u00f3n?<\/h3>\n<p style=\"text-align: justify\">En el colegio existen espacios de participaci\u00f3n, siendo la AMPA &nbsp;el \u00fanico espacio de participaci\u00f3n aut\u00f3nomo de padres y madres. La AMPA es importante porque:<\/p>\n<ul style=\"text-align: justify\">\n<li>Somos corresponsables de la educaci\u00f3n que nuestros hijos\/as reciben en el colegio.<\/li>\n<li>Es un espacio para aportar iniciativas y trabajar con la direcci\u00f3n del Centro, sin depender de esta.<\/li>\n<\/ul>\n<h3 style=\"text-align: justify\">\u00bfC\u00f3mo puedes participar?<\/h3>\n<p style=\"text-align: justify\">Participar en la AMPA es muy f\u00e1cil y cada uno decide el nivel de implicaci\u00f3n.<\/p>\n<ul style=\"text-align: justify\">\n<li>Podemos asociarnos en cualquier momento, contactando con alguno de los miembros de la asociaci\u00f3n.&nbsp;<\/li>\n<li>Podemos tambi\u00e9n participar a trav\u00e9s de las asambleas, incorpor\u00e1ndote a las reuniones&nbsp;abiertas que se convoquen.<\/li>\n<li>Podemos colaborar en los diferentes grupos de trabajo o en actividades puntuales que se organizan a lo largo del curso.<\/li>\n<li>Podemos proponer iniciativas, plantear temas de debate, organizar actividades, etc., &nbsp;dirigi\u00e9ndote a cualquier miembro de la junta directiva.<\/li>\n<\/ul>\n<p style=\"text-align: justify\">Como ves, hay muchas formas de participar y es muy importante que m\u00e1s padres y madres pasemos a la participa-ACCI\u00d3N,&nbsp;&nbsp;de forma activa y colectiva.<\/p>\n<h3 style=\"text-align: justify\">\u00bfPara qu\u00e9 sirve?<\/h3>\n<ul style=\"text-align: justify\">\n<li>Para defender y velar por el derecho a una educaci\u00f3n de calidad, democr\u00e1tica, atendiendo a las necesidades de todos los ni\u00f1os\/as &nbsp;y cr\u00edtica.<\/li>\n<li>Para promover la participaci\u00f3n de padres y madres en la vida del centro, defendiendo los intereses del alumnado y de toda la comunidad educativa.<\/li>\n<li>Para buscar soluciones de forma colectiva a temas relacionados con la ense\u00f1anza y educaci\u00f3n de nuestros hijos\/as.<\/li>\n<li>Para crear espacios de encuentro y trabajo en el resto de la comunidad educativa y con el entorno.<\/li>\n<li>Para crear espacios de reflexi\u00f3n y participaci\u00f3n compartida sobre la educaci\u00f3n de nuestros hijos\/as<br \/>\nPara participar en la gesti\u00f3n del colegio.<\/li>\n<\/ul>\n<h3 style=\"text-align: justify\">\u00bfC\u00f3mo se financia?<\/h3>\n<p style=\"text-align: justify\">La AMPA &nbsp;se financia a trav\u00e9s de las cuotas de socios\/as.<br \/>\nLa cuota de socios\/as es el \u00fanico pago que realizan las familias y que gestiona el AMPA para el beneficio exclusivo de la comunidad educativa y en definitiva de la educaci\u00f3n que reciben&nbsp; nuestros hijos\/as en el centro.<\/p>\n","protected":false},"excerpt":{"rendered":"<p>La AMPA es una asociaci\u00f3n sin \u00e1nimo de lucro que formada por los padres y madres de todo el alumnado del Colegio. Es un punto de encuentro y de trabajo independiente, abierto y plural. Desde la AMPA podemos contribuir a la mejora de la calidad de la educaci\u00f3n, la convivencia del centro y de las &hellip; <a href=\"https:\/\/blogsaverroes.juntadeandalucia.es\/ceipsanjose\/que-es-la-ampa\/\" class=\"more-link\">Seguir leyendo <span class=\"screen-reader-text\">\u00bfQU\u00c9 ES LA AMPA?<\/span> <span class=\"meta-nav\">&rarr;<\/span><\/a><\/p>\n","protected":false},"author":2266,"featured_media":0,"parent":0,"menu_order":0,"comment_status":"closed","ping_status":"closed","template":"","meta":{"ngg_post_thumbnail":0,"footnotes":"","_mc_calendar":[]},"aioseo_notices":[],"_links":{"self":[{"href":"https:\/\/blogsaverroes.juntadeandalucia.es\/ceipsanjose\/wp-json\/wp\/v2\/pages\/2334"}],"collection":[{"href":"https:\/\/blogsaverroes.juntadeandalucia.es\/ceipsanjose\/wp-json\/wp\/v2\/pages"}],"about":[{"href":"https:\/\/blogsaverroes.juntadeandalucia.es\/ceipsanjose\/wp-json\/wp\/v2\/types\/page"}],"author":[{"embeddable":true,"href":"https:\/\/blogsaverroes.juntadeandalucia.es\/ceipsanjose\/wp-json\/wp\/v2\/users\/2266"}],"replies":[{"embeddable":true,"href":"https:\/\/blogsaverroes.juntadeandalucia.es\/ceipsanjose\/wp-json\/wp\/v2\/comments?post=2334"}],"version-history":[{"count":1,"href":"https:\/\/blogsaverroes.juntadeandalucia.es\/ceipsanjose\/wp-json\/wp\/v2\/pages\/2334\/revisions"}],"predecessor-version":[{"id":2336,"href":"https:\/\/blogsaverroes.juntadeandalucia.es\/ceipsanjose\/wp-json\/wp\/v2\/pages\/2334\/revisions\/2336"}],"wp:attachment":[{"href":"https:\/\/blogsaverroes.juntadeandalucia.es\/ceipsanjose\/wp-json\/wp\/v2\/media?parent=2334"}],"curies":[{"name":"wp","href":"https:\/\/api.w.org\/{rel}","templated":true}]}}