{"id":2339,"date":"2021-09-15T12:54:37","date_gmt":"2021-09-15T10:54:37","guid":{"rendered":"https:\/\/blogsaverroes.juntadeandalucia.es\/ceipsanjose\/?page_id=2339"},"modified":"2024-09-08T20:04:19","modified_gmt":"2024-09-08T18:04:19","slug":"tutorias","status":"publish","type":"page","link":"https:\/\/blogsaverroes.juntadeandalucia.es\/ceipsanjose\/tutorias\/","title":{"rendered":"TUTOR\u00cdAS"},"content":{"rendered":"<p>Mostramos, a continuaci\u00f3n, las tutor\u00edas de cada curso:<\/p>\n<table class=\" aligncenter\" style=\"height: 250px;width: 77.7692%;border-collapse: collapse;border-color: #e67c0b;background-color: #bbe8f2;border-style: solid\">\n<tbody>\n<tr style=\"height: 24px\">\n<td style=\"width: 31.1697%;height: 24px;background-color: #a8eced;border-style: solid;border-color: #d9761a\">Infantil 3 A\u00f1os<\/td>\n<td style=\"width: 61.44%;height: 24px;background-color: #a8eced;border-style: solid;border-color: #d9761a\">Rosario Pineda Claver\u00edas<\/td>\n<\/tr>\n<tr style=\"height: 24px\">\n<td style=\"width: 31.1697%;height: 24px;background-color: #a8eced;border-style: solid;border-color: #d9761a\">Infantil 4 a\u00f1os<\/td>\n<td style=\"width: 61.44%;height: 24px;background-color: #a8eced;border-style: solid;border-color: #d9761a\">Inmaculada Gin\u00e9s G\u00e1miz<\/td>\n<\/tr>\n<tr style=\"height: 24px\">\n<td style=\"width: 31.1697%;height: 24px;background-color: #a8eced;border-style: solid;border-color: #d9761a\">Infantil 5 a\u00f1os<\/td>\n<td style=\"width: 61.44%;height: 24px;background-color: #a8eced;border-style: solid;border-color: #d9761a\">M\u00aa Jes\u00fas Porcuna Cobo<\/td>\n<\/tr>\n<tr style=\"height: 24px\">\n<td style=\"width: 31.1697%;height: 24px;background-color: #a8eced;border-style: solid;border-color: #d9761a\">1\u00ba Primaria<\/td>\n<td style=\"width: 61.44%;height: 24px;background-color: #a8eced;border-style: solid;border-color: #d9761a\">M\u00aa Dolores Reyes de la Cruz<\/td>\n<\/tr>\n<tr style=\"height: 24px\">\n<td style=\"width: 31.1697%;height: 10px;background-color: #a8eced;border-style: solid;border-color: #d9761a\">2\u00ba Primaria<\/td>\n<td style=\"width: 61.44%;height: 10px;background-color: #a8eced;border-style: solid;border-color: #d9761a\">\u00c1ngela March\u00e1n Luna<\/td>\n<\/tr>\n<tr style=\"height: 24px\">\n<td style=\"width: 31.1697%;height: 24px;background-color: #a8eced;border-style: solid;border-color: #d9761a\">3\u00ba Primaria<\/td>\n<td style=\"width: 61.44%;height: 24px;background-color: #a8eced;border-style: solid;border-color: #d9761a\">Clara E. Torres Pino<\/td>\n<\/tr>\n<tr style=\"height: 24px\">\n<td style=\"width: 31.1697%;height: 24px;background-color: #a8eced;border-style: solid;border-color: #d9761a\">4\u00ba Primaria<\/td>\n<td style=\"width: 61.44%;height: 24px;background-color: #a8eced;border-style: solid;border-color: #d9761a\">Jos\u00e9 Manuel Pinto Ram\u00edrez<\/td>\n<\/tr>\n<tr style=\"height: 24px\">\n<td style=\"width: 31.1697%;height: 24px;background-color: #a8eced;border-style: solid;border-color: #d9761a\">5\u00ba Primaria<\/td>\n<td style=\"width: 61.44%;height: 24px;background-color: #a8eced;border-style: solid;border-color: #d9761a\">Jos\u00e9 Luis Meng\u00edbar Guerrero<\/td>\n<\/tr>\n<tr style=\"height: 24px\">\n<td style=\"width: 31.1697%;height: 24px;background-color: #a8eced;border-style: solid;border-color: #d9761a\">6\u00ba Primaria<\/td>\n<td style=\"width: 61.44%;height: 24px;background-color: #a8eced;border-style: solid;border-color: #d9761a\">Ignacio L\u00f3pez G\u00e1mez<\/td>\n<\/tr>\n<tr style=\"height: 24px\">\n<td style=\"width: 31.1697%;height: 24px;background-color: #a8eced;border-style: solid;border-color: #d9761a\">1\u00ba ESO<\/td>\n<td style=\"width: 61.44%;height: 24px;background-color: #a8eced;border-style: solid;border-color: #d9761a\">David Palomo Pend\u00f3n<\/td>\n<\/tr>\n<tr style=\"height: 24px\">\n<td style=\"width: 31.1697%;height: 24px;background-color: #a8eced;border-style: solid;border-color: #d9761a\">2\u00ba ESO<\/td>\n<td style=\"width: 61.44%;height: 24px;background-color: #a8eced;border-style: solid;border-color: #d9761a\">Antonio M. Castro M\u00e1rquez<\/td>\n<\/tr>\n<\/tbody>\n<\/table>\n<p>&nbsp;<\/p>\n","protected":false},"excerpt":{"rendered":"<p>Mostramos, a continuaci\u00f3n, las tutor\u00edas de cada curso: Infantil 3 A\u00f1os Rosario Pineda Claver\u00edas Infantil 4 a\u00f1os Inmaculada Gin\u00e9s G\u00e1miz Infantil 5 a\u00f1os M\u00aa Jes\u00fas Porcuna Cobo 1\u00ba Primaria M\u00aa Dolores Reyes de la Cruz 2\u00ba Primaria \u00c1ngela March\u00e1n Luna 3\u00ba Primaria Clara E. Torres Pino 4\u00ba Primaria Jos\u00e9 Manuel Pinto Ram\u00edrez 5\u00ba Primaria Jos\u00e9 &hellip; <a href=\"https:\/\/blogsaverroes.juntadeandalucia.es\/ceipsanjose\/tutorias\/\" class=\"more-link\">Seguir leyendo <span class=\"screen-reader-text\">TUTOR\u00cdAS<\/span> <span class=\"meta-nav\">&rarr;<\/span><\/a><\/p>\n","protected":false},"author":2266,"featured_media":0,"parent":0,"menu_order":0,"comment_status":"closed","ping_status":"closed","template":"","meta":{"ngg_post_thumbnail":0,"footnotes":"","_mc_calendar":[]},"aioseo_notices":[],"_links":{"self":[{"href":"https:\/\/blogsaverroes.juntadeandalucia.es\/ceipsanjose\/wp-json\/wp\/v2\/pages\/2339"}],"collection":[{"href":"https:\/\/blogsaverroes.juntadeandalucia.es\/ceipsanjose\/wp-json\/wp\/v2\/pages"}],"about":[{"href":"https:\/\/blogsaverroes.juntadeandalucia.es\/ceipsanjose\/wp-json\/wp\/v2\/types\/page"}],"author":[{"embeddable":true,"href":"https:\/\/blogsaverroes.juntadeandalucia.es\/ceipsanjose\/wp-json\/wp\/v2\/users\/2266"}],"replies":[{"embeddable":true,"href":"https:\/\/blogsaverroes.juntadeandalucia.es\/ceipsanjose\/wp-json\/wp\/v2\/comments?post=2339"}],"version-history":[{"count":10,"href":"https:\/\/blogsaverroes.juntadeandalucia.es\/ceipsanjose\/wp-json\/wp\/v2\/pages\/2339\/revisions"}],"predecessor-version":[{"id":3021,"href":"https:\/\/blogsaverroes.juntadeandalucia.es\/ceipsanjose\/wp-json\/wp\/v2\/pages\/2339\/revisions\/3021"}],"wp:attachment":[{"href":"https:\/\/blogsaverroes.juntadeandalucia.es\/ceipsanjose\/wp-json\/wp\/v2\/media?parent=2339"}],"curies":[{"name":"wp","href":"https:\/\/api.w.org\/{rel}","templated":true}]}}