{"id":2639,"date":"2023-03-20T10:56:11","date_gmt":"2023-03-20T09:56:11","guid":{"rendered":"https:\/\/blogsaverroes.juntadeandalucia.es\/ceipsanjose\/?page_id=2639"},"modified":"2023-03-20T10:56:11","modified_gmt":"2023-03-20T09:56:11","slug":"servicios-complementarios","status":"publish","type":"page","link":"https:\/\/blogsaverroes.juntadeandalucia.es\/ceipsanjose\/servicios-complementarios\/","title":{"rendered":"SERVICIOS COMPLEMENTARIOS"},"content":{"rendered":"<p>En esta p\u00e1gina iremos colgando informaci\u00f3n sobre los servicios complementarios del centro.&nbsp;<\/p>\n<p><strong>COMEDOR ESCOLAR<\/strong><\/p>\n<ul>\n<li><a href=\"https:\/\/drive.google.com\/file\/d\/1dD63ubIE-fv9E3vTSMpREkDeO04avxEq\/view?usp=sharing\">Men\u00fa febrero-marzo 2023<\/a><\/li>\n<li><a href=\"https:\/\/drive.google.com\/file\/d\/1dD63ubIE-fv9E3vTSMpREkDeO04avxEq\/view?usp=sharing\">Men\u00fa marzo-abril 2023<\/a><\/li>\n<\/ul>\n","protected":false},"excerpt":{"rendered":"<p>En esta p\u00e1gina iremos colgando informaci\u00f3n sobre los servicios complementarios del centro.&nbsp; COMEDOR ESCOLAR Men\u00fa febrero-marzo 2023 Men\u00fa marzo-abril 2023<\/p>\n","protected":false},"author":2266,"featured_media":0,"parent":0,"menu_order":0,"comment_status":"closed","ping_status":"closed","template":"","meta":{"ngg_post_thumbnail":0,"footnotes":"","_mc_calendar":[]},"aioseo_notices":[],"_links":{"self":[{"href":"https:\/\/blogsaverroes.juntadeandalucia.es\/ceipsanjose\/wp-json\/wp\/v2\/pages\/2639"}],"collection":[{"href":"https:\/\/blogsaverroes.juntadeandalucia.es\/ceipsanjose\/wp-json\/wp\/v2\/pages"}],"about":[{"href":"https:\/\/blogsaverroes.juntadeandalucia.es\/ceipsanjose\/wp-json\/wp\/v2\/types\/page"}],"author":[{"embeddable":true,"href":"https:\/\/blogsaverroes.juntadeandalucia.es\/ceipsanjose\/wp-json\/wp\/v2\/users\/2266"}],"replies":[{"embeddable":true,"href":"https:\/\/blogsaverroes.juntadeandalucia.es\/ceipsanjose\/wp-json\/wp\/v2\/comments?post=2639"}],"version-history":[{"count":1,"href":"https:\/\/blogsaverroes.juntadeandalucia.es\/ceipsanjose\/wp-json\/wp\/v2\/pages\/2639\/revisions"}],"predecessor-version":[{"id":2640,"href":"https:\/\/blogsaverroes.juntadeandalucia.es\/ceipsanjose\/wp-json\/wp\/v2\/pages\/2639\/revisions\/2640"}],"wp:attachment":[{"href":"https:\/\/blogsaverroes.juntadeandalucia.es\/ceipsanjose\/wp-json\/wp\/v2\/media?parent=2639"}],"curies":[{"name":"wp","href":"https:\/\/api.w.org\/{rel}","templated":true}]}}