{"id":3016,"date":"2024-09-08T19:48:50","date_gmt":"2024-09-08T17:48:50","guid":{"rendered":"https:\/\/blogsaverroes.juntadeandalucia.es\/ceipsanjose\/?page_id=3016"},"modified":"2024-11-25T09:52:43","modified_gmt":"2024-11-25T08:52:43","slug":"normas-del-centro","status":"publish","type":"page","link":"https:\/\/blogsaverroes.juntadeandalucia.es\/ceipsanjose\/normas-del-centro\/","title":{"rendered":"Normas del Centro"},"content":{"rendered":"<p style=\"text-align: justify\">Las normas generales del centro se concretan en diferentes documentos oficiales:<\/p>\n<ul>\n<li>Proyecto Educativo.<\/li>\n<li>Reglamento de Organizaci\u00f3n y Funcionamiento.&nbsp;<\/li>\n<li>Plan de convivencia.&nbsp;<\/li>\n<\/ul>\n<p>Todo esos documentos est\u00e1n accesibles en la pesta\u00f1a de Plan de Centro.&nbsp;<\/p>\n","protected":false},"excerpt":{"rendered":"<p>Las normas generales del centro se concretan en diferentes documentos oficiales: Proyecto Educativo. Reglamento de Organizaci\u00f3n y Funcionamiento.&nbsp; Plan de convivencia.&nbsp; Todo esos documentos est\u00e1n accesibles en la pesta\u00f1a de Plan de Centro.&nbsp;<\/p>\n","protected":false},"author":2266,"featured_media":0,"parent":0,"menu_order":0,"comment_status":"closed","ping_status":"closed","template":"page-templates\/full-width.php","meta":{"ngg_post_thumbnail":0,"footnotes":"","_mc_calendar":[]},"aioseo_notices":[],"_links":{"self":[{"href":"https:\/\/blogsaverroes.juntadeandalucia.es\/ceipsanjose\/wp-json\/wp\/v2\/pages\/3016"}],"collection":[{"href":"https:\/\/blogsaverroes.juntadeandalucia.es\/ceipsanjose\/wp-json\/wp\/v2\/pages"}],"about":[{"href":"https:\/\/blogsaverroes.juntadeandalucia.es\/ceipsanjose\/wp-json\/wp\/v2\/types\/page"}],"author":[{"embeddable":true,"href":"https:\/\/blogsaverroes.juntadeandalucia.es\/ceipsanjose\/wp-json\/wp\/v2\/users\/2266"}],"replies":[{"embeddable":true,"href":"https:\/\/blogsaverroes.juntadeandalucia.es\/ceipsanjose\/wp-json\/wp\/v2\/comments?post=3016"}],"version-history":[{"count":5,"href":"https:\/\/blogsaverroes.juntadeandalucia.es\/ceipsanjose\/wp-json\/wp\/v2\/pages\/3016\/revisions"}],"predecessor-version":[{"id":3036,"href":"https:\/\/blogsaverroes.juntadeandalucia.es\/ceipsanjose\/wp-json\/wp\/v2\/pages\/3016\/revisions\/3036"}],"wp:attachment":[{"href":"https:\/\/blogsaverroes.juntadeandalucia.es\/ceipsanjose\/wp-json\/wp\/v2\/media?parent=3016"}],"curies":[{"name":"wp","href":"https:\/\/api.w.org\/{rel}","templated":true}]}}