{"id":3234,"date":"2026-04-18T17:14:20","date_gmt":"2026-04-18T15:14:20","guid":{"rendered":"https:\/\/blogsaverroes.juntadeandalucia.es\/ceipsanjose\/?page_id=3234"},"modified":"2026-04-18T18:00:50","modified_gmt":"2026-04-18T16:00:50","slug":"ayuda-digital-a-familias","status":"publish","type":"page","link":"https:\/\/blogsaverroes.juntadeandalucia.es\/ceipsanjose\/ayuda-digital-a-familias\/","title":{"rendered":"AYUDA DIGITAL A FAMILIAS"},"content":{"rendered":"<p>En el CEIP San Jos\u00e9 somos conscientes de que la realidad digital forma parte del d\u00eda a d\u00eda de nuestro alumnado. M\u00f3viles, redes sociales, videojuegos y contenidos audiovisuales est\u00e1n presentes en su entorno y, bien gestionados, pueden ser herramientas \u00fatiles; sin embargo, un uso inadecuado puede tener consecuencias importantes en su desarrollo personal, emocional y acad\u00e9mico.<\/p>\n<p>Por ello, ponemos en marcha este espacio de apoyo y acompa\u00f1amiento digital a las familias, con el objetivo de ofrecer informaci\u00f3n clara, herramientas pr\u00e1cticas y orientaciones sencillas que faciliten la toma de decisiones en el \u00e1mbito familiar.<\/p>\n<p>Sabemos que no siempre es f\u00e1cil enfrentarse a estos retos, especialmente cuando la tecnolog\u00eda avanza a gran velocidad. Esta p\u00e1gina pretende ser un punto de referencia donde encontrar:<\/p>\n<p>Gu\u00edas paso a paso para la instalaci\u00f3n y uso de controles parentales.<br \/>\nOrientaciones para establecer normas y l\u00edmites en casa.<br \/>\nRecursos para conocer mejor las redes sociales, videojuegos y contenidos que consume el alumnado.<br \/>\nHerramientas de autoevaluaci\u00f3n para reflexionar sobre los h\u00e1bitos digitales familiares.<\/p>\n<p>Nuestro objetivo no es controlar, sino acompa\u00f1ar, educar y proteger, favoreciendo un uso responsable de la tecnolog\u00eda que contribuya al bienestar del alumnado y a su desarrollo integral.<\/p>\n<p>Les animamos a hacer uso de estos recursos y, sobre todo, a mantener un di\u00e1logo abierto con sus hijos e hijas, ya que la clave no est\u00e1 \u00fanicamente en las herramientas, sino en la presencia, el acompa\u00f1amiento y el ejemplo que ofrecemos desde casa.<\/p>\n<p>Os dejamos a continuaci\u00f3n, una presentaci\u00f3n con asuntos fundamentales sobre el tema que nos ocupa.&nbsp;<\/p>\n<p><iframe loading=\"lazy\" src=\"https:\/\/docs.google.com\/presentation\/d\/e\/2PACX-1vSivJVLvWg7suFvqsxL__BxykOiIWXpWC03hd68kKJiKSvccU7Zq23OcgBPvZ49FQ\/pubembed?start=false&amp;loop=true&amp;delayms=60000\" width=\"853\" height=\"445\" frameborder=\"0\"><\/iframe><\/p>\n","protected":false},"excerpt":{"rendered":"<p>En el CEIP San Jos\u00e9 somos conscientes de que la realidad digital forma parte del d\u00eda a d\u00eda de nuestro alumnado. M\u00f3viles, redes sociales, videojuegos y contenidos audiovisuales est\u00e1n presentes en su entorno y, bien gestionados, pueden ser herramientas \u00fatiles; sin embargo, un uso inadecuado puede tener consecuencias importantes en su desarrollo personal, emocional y &hellip; <a href=\"https:\/\/blogsaverroes.juntadeandalucia.es\/ceipsanjose\/ayuda-digital-a-familias\/\" class=\"more-link\">Seguir leyendo <span class=\"screen-reader-text\">AYUDA DIGITAL A FAMILIAS<\/span> <span class=\"meta-nav\">&rarr;<\/span><\/a><\/p>\n","protected":false},"author":2266,"featured_media":0,"parent":0,"menu_order":0,"comment_status":"closed","ping_status":"closed","template":"","meta":{"ngg_post_thumbnail":0,"footnotes":"","_mc_calendar":[]},"aioseo_notices":[],"_links":{"self":[{"href":"https:\/\/blogsaverroes.juntadeandalucia.es\/ceipsanjose\/wp-json\/wp\/v2\/pages\/3234"}],"collection":[{"href":"https:\/\/blogsaverroes.juntadeandalucia.es\/ceipsanjose\/wp-json\/wp\/v2\/pages"}],"about":[{"href":"https:\/\/blogsaverroes.juntadeandalucia.es\/ceipsanjose\/wp-json\/wp\/v2\/types\/page"}],"author":[{"embeddable":true,"href":"https:\/\/blogsaverroes.juntadeandalucia.es\/ceipsanjose\/wp-json\/wp\/v2\/users\/2266"}],"replies":[{"embeddable":true,"href":"https:\/\/blogsaverroes.juntadeandalucia.es\/ceipsanjose\/wp-json\/wp\/v2\/comments?post=3234"}],"version-history":[{"count":3,"href":"https:\/\/blogsaverroes.juntadeandalucia.es\/ceipsanjose\/wp-json\/wp\/v2\/pages\/3234\/revisions"}],"predecessor-version":[{"id":3251,"href":"https:\/\/blogsaverroes.juntadeandalucia.es\/ceipsanjose\/wp-json\/wp\/v2\/pages\/3234\/revisions\/3251"}],"wp:attachment":[{"href":"https:\/\/blogsaverroes.juntadeandalucia.es\/ceipsanjose\/wp-json\/wp\/v2\/media?parent=3234"}],"curies":[{"name":"wp","href":"https:\/\/api.w.org\/{rel}","templated":true}]}}