{"id":35,"date":"2015-03-13T08:21:43","date_gmt":"2015-03-13T08:21:43","guid":{"rendered":"http:\/\/blogsaverroes.juntadeandalucia.es\/pre\/ceip\/?page_id=35"},"modified":"2021-08-24T13:21:05","modified_gmt":"2021-08-24T11:21:05","slug":"el-centro-2","status":"publish","type":"page","link":"https:\/\/blogsaverroes.juntadeandalucia.es\/ceipsanjose\/","title":{"rendered":"Datos del centro"},"content":{"rendered":"<p><span style=\"color: #0000ff\"><strong>BIENVENIDOS A LA P\u00c1GINA WEB OFICIAL DEL CEIP SAN JOS\u00c9 DE PALENCIANA.<\/strong><\/span><\/p>\n<p>Por medio del men\u00fa de navegaci\u00f3n podr\u00e1s desplazarte por esta y otras p\u00e1ginas enlazadas, cuyo objetivo es informar a la comunidad educativa, as\u00ed como difundir las pr\u00e1cticas y experiencias que desarrollamos en el centro.&nbsp;<\/p>\n<h4><span style=\"color: #0000ff\">Datos de contacto<\/span><\/h4>\n<p>CEIP SAN JOS\u00c9&nbsp;<\/p>\n<p><strong>Direcci\u00f3n:<\/strong> &nbsp;Calle Alameda, 3 &#8211; 14914 &#8211; Palenciana (C\u00f3rdoba)<\/p>\n<p><strong>Tel\u00e9fono \/ FAX 957 59 67 24&nbsp;<\/strong><\/p>\n<p><strong>Email:<\/strong> 14005134.edu@juntadeandalucia.es<\/p>\n<h4><span style=\"color: #0000ff\"><strong>Horarios<\/strong><\/span><\/h4>\n<p>INFANTIL Y PRIMARIA: 9,00 &#8211; 14,00 horas.<\/p>\n<p>1\u00ba CICLO ESO: 8,30 &#8211; 15,00 horas.&nbsp;<\/p>\n<p>AULA MATINAL: 7,30 &#8211; 9,00<\/p>\n<p>COMEDOR: 14,00 &#8211; 16,00<\/p>\n<p><strong><span style=\"color: #0000ff\">Ubicaci\u00f3n<\/span><\/strong><\/p>\n<p>&nbsp;<br \/>\n<iframe loading=\"lazy\" src=\"https:\/\/www.google.com\/maps\/embed?pb=!1m18!1m12!1m3!1d3176.0203317048395!2d-4.587462984961827!3d37.247225079858914!2m3!1f0!2f0!3f0!3m2!1i1024!2i768!4f13.1!3m3!1m2!1s0xd6d62e127b372c5%3A0xef71a9611d24bc29!2sColegio%20P%C3%BAblico%20San%20Jos%C3%A9!5e0!3m2!1ses!2ses!4v1629804020679!5m2!1ses!2ses\" width=\"600\" height=\"450\"><\/iframe><\/p>\n","protected":false},"excerpt":{"rendered":"<p>BIENVENIDOS A LA P\u00c1GINA WEB OFICIAL DEL CEIP SAN JOS\u00c9 DE PALENCIANA. Por medio del men\u00fa de navegaci\u00f3n podr\u00e1s desplazarte por esta y otras p\u00e1ginas enlazadas, cuyo objetivo es informar a la comunidad educativa, as\u00ed como difundir las pr\u00e1cticas y experiencias que desarrollamos en el centro.&nbsp; Datos de contacto CEIP SAN JOS\u00c9&nbsp; Direcci\u00f3n: &nbsp;Calle Alameda, &hellip; <a href=\"https:\/\/blogsaverroes.juntadeandalucia.es\/ceipsanjose\/\" class=\"more-link\">Seguir leyendo <span class=\"screen-reader-text\">Datos del centro<\/span> <span class=\"meta-nav\">&rarr;<\/span><\/a><\/p>\n","protected":false},"author":1,"featured_media":0,"parent":0,"menu_order":0,"comment_status":"closed","ping_status":"open","template":"","meta":{"ngg_post_thumbnail":0,"footnotes":"","_mc_calendar":[]},"aioseo_notices":[],"_links":{"self":[{"href":"https:\/\/blogsaverroes.juntadeandalucia.es\/ceipsanjose\/wp-json\/wp\/v2\/pages\/35"}],"collection":[{"href":"https:\/\/blogsaverroes.juntadeandalucia.es\/ceipsanjose\/wp-json\/wp\/v2\/pages"}],"about":[{"href":"https:\/\/blogsaverroes.juntadeandalucia.es\/ceipsanjose\/wp-json\/wp\/v2\/types\/page"}],"author":[{"embeddable":true,"href":"https:\/\/blogsaverroes.juntadeandalucia.es\/ceipsanjose\/wp-json\/wp\/v2\/users\/1"}],"replies":[{"embeddable":true,"href":"https:\/\/blogsaverroes.juntadeandalucia.es\/ceipsanjose\/wp-json\/wp\/v2\/comments?post=35"}],"version-history":[{"count":25,"href":"https:\/\/blogsaverroes.juntadeandalucia.es\/ceipsanjose\/wp-json\/wp\/v2\/pages\/35\/revisions"}],"predecessor-version":[{"id":2248,"href":"https:\/\/blogsaverroes.juntadeandalucia.es\/ceipsanjose\/wp-json\/wp\/v2\/pages\/35\/revisions\/2248"}],"wp:attachment":[{"href":"https:\/\/blogsaverroes.juntadeandalucia.es\/ceipsanjose\/wp-json\/wp\/v2\/media?parent=35"}],"curies":[{"name":"wp","href":"https:\/\/api.w.org\/{rel}","templated":true}]}}