{"id":44,"date":"2015-03-13T08:42:15","date_gmt":"2015-03-13T08:42:15","guid":{"rendered":"http:\/\/blogsaverroes.juntadeandalucia.es\/pre\/ceip\/?page_id=44"},"modified":"2024-09-08T10:39:45","modified_gmt":"2024-09-08T08:39:45","slug":"planes-y-proyectos","status":"publish","type":"page","link":"https:\/\/blogsaverroes.juntadeandalucia.es\/ceipsanjose\/planes-y-proyectos\/","title":{"rendered":"Planes y Programas"},"content":{"rendered":"<p><a href=\"https:\/\/blogsaverroes.juntadeandalucia.es\/ceipsanjose\/files\/2022\/01\/descarga.jpg\"><img loading=\"lazy\" decoding=\"async\" class=\"wp-image-2471 aligncenter\" src=\"https:\/\/blogsaverroes.juntadeandalucia.es\/ceipsanjose\/files\/2022\/01\/descarga-300x122.jpg\" alt=\"\" width=\"401\" height=\"163\" srcset=\"https:\/\/blogsaverroes.juntadeandalucia.es\/ceipsanjose\/files\/2022\/01\/descarga-300x122.jpg 300w, https:\/\/blogsaverroes.juntadeandalucia.es\/ceipsanjose\/files\/2022\/01\/descarga.jpg 352w\" sizes=\"(max-width: 401px) 100vw, 401px\" \/><\/a><\/p>\n<p>El colegio desarrolla los siguientes planes y programas .&nbsp;<\/p>\n<ul>\n<li><strong><a href=\"https:\/\/blogsaverroes.juntadeandalucia.es\/ceipsanjose\/plan-de-igualdad\/?customize_changeset_uuid=3f3c05ad-425c-4f5c-acd6-38891989a17c&amp;customize_autosaved=on\">Plan de Igualdad.<\/a><\/strong><\/li>\n<li><strong>Plan de Apertura.<\/strong><\/li>\n<li><strong>Programa de H\u00e1bitos Saludables.<\/strong><\/li>\n<li><strong>Programa \u00abM\u00e1s Deporte\u00bb.<\/strong><\/li>\n<li><strong>Programa TDE (Transformaci\u00f3n Digital Educativa).<\/strong><\/li>\n<li><strong>Programa \u00ab#STEAM\u00bb; Pensamiento computacional y R\u00f3botica en el aula.&nbsp;<\/strong><\/li>\n<li><strong>Proyecto Long\u00fc\u00edstico de Centro.&nbsp;<\/strong><\/li>\n<li><strong>Salud P\u00fablica y Asistencia Sanitaria<\/strong><\/li>\n<li><strong>Bienestar y Protecci\u00f3n de la Infancia y Adolescencia.&nbsp;<\/strong><\/li>\n<li><strong>Programa de Prevenci\u00f3n de Violencia de G\u00e9nero.&nbsp;<\/strong><\/li>\n<li><strong>Plan de Lectura y Biblioteca.&nbsp;<\/strong><\/li>\n<li><strong>Escuela: Espacio de Paz.<\/strong><\/li>\n<li><strong>Plan de Autoprotecci\u00f3n y Salud laboral.&nbsp;<\/strong><\/li>\n<li><strong>Programa \u00abM\u00e1s Equidad\u00bb<\/strong><\/li>\n<\/ul>\n<p>El documento en el cual se explican los objetivos y actividades a desarrollar en cada programa lo podemos encontrar dentro de la secci\u00f3n<a href=\"https:\/\/blogsaverroes.juntadeandalucia.es\/ceipsanjose\/proyecto-educativo\/?customize_changeset_uuid=3f3c05ad-425c-4f5c-acd6-38891989a17c&amp;customize_autosaved=on\"> Proyecto Educativo<\/a>. Igualmente, podemos acceder a m\u00e1s informaci\u00f3n y actividades desarrolladas en cada programa picando sobre el t\u00edtulo de los mismos.&nbsp;<\/p>\n","protected":false},"excerpt":{"rendered":"<p>El colegio desarrolla los siguientes planes y programas .&nbsp; Plan de Igualdad. Plan de Apertura. Programa de H\u00e1bitos Saludables. Programa \u00abM\u00e1s Deporte\u00bb. Programa TDE (Transformaci\u00f3n Digital Educativa). Programa \u00ab#STEAM\u00bb; Pensamiento computacional y R\u00f3botica en el aula.&nbsp; Proyecto Long\u00fc\u00edstico de Centro.&nbsp; Salud P\u00fablica y Asistencia Sanitaria Bienestar y Protecci\u00f3n de la Infancia y Adolescencia.&nbsp; Programa de &hellip; <a href=\"https:\/\/blogsaverroes.juntadeandalucia.es\/ceipsanjose\/planes-y-proyectos\/\" class=\"more-link\">Seguir leyendo <span class=\"screen-reader-text\">Planes y Programas<\/span> <span class=\"meta-nav\">&rarr;<\/span><\/a><\/p>\n","protected":false},"author":1,"featured_media":0,"parent":0,"menu_order":0,"comment_status":"closed","ping_status":"closed","template":"","meta":{"ngg_post_thumbnail":0,"footnotes":"","_mc_calendar":[]},"aioseo_notices":[],"_links":{"self":[{"href":"https:\/\/blogsaverroes.juntadeandalucia.es\/ceipsanjose\/wp-json\/wp\/v2\/pages\/44"}],"collection":[{"href":"https:\/\/blogsaverroes.juntadeandalucia.es\/ceipsanjose\/wp-json\/wp\/v2\/pages"}],"about":[{"href":"https:\/\/blogsaverroes.juntadeandalucia.es\/ceipsanjose\/wp-json\/wp\/v2\/types\/page"}],"author":[{"embeddable":true,"href":"https:\/\/blogsaverroes.juntadeandalucia.es\/ceipsanjose\/wp-json\/wp\/v2\/users\/1"}],"replies":[{"embeddable":true,"href":"https:\/\/blogsaverroes.juntadeandalucia.es\/ceipsanjose\/wp-json\/wp\/v2\/comments?post=44"}],"version-history":[{"count":10,"href":"https:\/\/blogsaverroes.juntadeandalucia.es\/ceipsanjose\/wp-json\/wp\/v2\/pages\/44\/revisions"}],"predecessor-version":[{"id":3014,"href":"https:\/\/blogsaverroes.juntadeandalucia.es\/ceipsanjose\/wp-json\/wp\/v2\/pages\/44\/revisions\/3014"}],"wp:attachment":[{"href":"https:\/\/blogsaverroes.juntadeandalucia.es\/ceipsanjose\/wp-json\/wp\/v2\/media?parent=44"}],"curies":[{"name":"wp","href":"https:\/\/api.w.org\/{rel}","templated":true}]}}