{"id":49,"date":"2015-03-13T08:47:05","date_gmt":"2015-03-13T08:47:05","guid":{"rendered":"http:\/\/blogsaverroes.juntadeandalucia.es\/pre\/ceip\/?page_id=49"},"modified":"2025-11-11T09:10:18","modified_gmt":"2025-11-11T08:10:18","slug":"proyecto-educativo","status":"publish","type":"page","link":"https:\/\/blogsaverroes.juntadeandalucia.es\/ceipsanjose\/proyecto-educativo\/","title":{"rendered":"PLAN DE CENTRO"},"content":{"rendered":"<p data-start=\"126\" data-end=\"745\">En la sesi\u00f3n del <strong data-start=\"171\" data-end=\"227\">Consejo Escolar celebrada el 10 de noviembre de 2025<\/strong>, se <strong data-start=\"232\" data-end=\"282\">aprob\u00f3 el Plan de Centro del CEIP San Jos\u00e9<\/strong> y el conjunto de documentos que lo integran: <strong data-start=\"328\" data-end=\"346\">Programaciones<\/strong>, <strong data-start=\"348\" data-end=\"401\">Reglamento de Organizaci\u00f3n y Funcionamiento (ROF)<\/strong>, <strong data-start=\"403\" data-end=\"426\">Proyecto de Gesti\u00f3n<\/strong>, <strong data-start=\"428\" data-end=\"451\">Plan de Convivencia<\/strong>, <strong data-start=\"453\" data-end=\"471\">Plan de Mejora<\/strong>, <strong data-start=\"473\" data-end=\"494\">Plan de Formaci\u00f3n<\/strong>, as\u00ed como los <strong data-start=\"509\" data-end=\"531\">planes y programas<\/strong> educativos en vigor del centro. Todos ellos forman parte del <strong data-start=\"593\" data-end=\"619\">Plan de Centro 2025\/26<\/strong> y sus <strong data-start=\"626\" data-end=\"636\">anexos<\/strong> (ROF, Proyecto de Gesti\u00f3n, Plan de Convivencia, Programaciones, etc.).<\/p>\n<p data-start=\"747\" data-end=\"1248\">En coherencia con nuestro compromiso de <strong data-start=\"787\" data-end=\"804\">transparencia<\/strong>, ponemos a disposici\u00f3n p\u00fablica <strong data-start=\"836\" data-end=\"880\">la totalidad de la documentaci\u00f3n oficial<\/strong> del centro, incluyendo <strong data-start=\"904\" data-end=\"933\">programaciones did\u00e1cticas<\/strong>, <strong data-start=\"935\" data-end=\"965\">situaciones de aprendizaje<\/strong>, <strong data-start=\"967\" data-end=\"1009\">criterios e instrumentos de evaluaci\u00f3n<\/strong>, <strong data-start=\"1011\" data-end=\"1036\">concreci\u00f3n curricular<\/strong> y <strong data-start=\"1039\" data-end=\"1065\">enfoques metodol\u00f3gicos<\/strong> que se desarrollar\u00e1n con el alumnado durante el curso. Podr\u00e1n acceder a <strong data-start=\"1138\" data-end=\"1163\">toda la documentaci\u00f3n<\/strong> mediante el siguiente enlace:<\/p>\n<p data-start=\"747\" data-end=\"1248\"><a href=\"https:\/\/docs.google.com\/document\/d\/1uWIHSt-B_M6KBvdbs9TZW0od5OeRXP965Yw-nJDENGo\/edit?usp=sharing\"><strong data-start=\"1199\" data-end=\"1248\">ENLACE AL PLAN DE CENTRO<\/strong><\/a><\/p>\n<p data-start=\"1250\" data-end=\"1664\">Les recordamos que los <strong data-start=\"1273\" data-end=\"1297\">documentos enlazados<\/strong> est\u00e1n <strong data-start=\"1304\" data-end=\"1337\">en revisi\u00f3n y mejora continua<\/strong>, de modo que ir\u00e1n incorporando actualizaciones y evidencias a lo largo del curso (versi\u00f3n viva del Plan de Centro y sus anexos). Asimismo, determinados planes cuentan con su <strong data-start=\"1512\" data-end=\"1533\">plan de actuaci\u00f3n<\/strong> disponible para consulta, y pueden solicitarse a la direcci\u00f3n del centro cuando corresponda.<\/p>\n<p data-start=\"1666\" data-end=\"1794\">Para cualquier <strong data-start=\"1681\" data-end=\"1700\">duda o consulta<\/strong>, quedamos a su disposici\u00f3n a trav\u00e9s de los <strong data-start=\"1744\" data-end=\"1782\">canales habituales de comunicaci\u00f3n<\/strong> del centro.<\/p>\n<p data-start=\"1796\" data-end=\"1882\">Gracias por su confianza y por seguir colaborando en la educaci\u00f3n de nuestro alumnado.<\/p>\n","protected":false},"excerpt":{"rendered":"<p>En la sesi\u00f3n del Consejo Escolar celebrada el 10 de noviembre de 2025, se aprob\u00f3 el Plan de Centro del CEIP San Jos\u00e9 y el conjunto de documentos que lo integran: Programaciones, Reglamento de Organizaci\u00f3n y Funcionamiento (ROF), Proyecto de Gesti\u00f3n, Plan de Convivencia, Plan de Mejora, Plan de Formaci\u00f3n, as\u00ed como los planes y &hellip; <a href=\"https:\/\/blogsaverroes.juntadeandalucia.es\/ceipsanjose\/proyecto-educativo\/\" class=\"more-link\">Seguir leyendo <span class=\"screen-reader-text\">PLAN DE CENTRO<\/span> <span class=\"meta-nav\">&rarr;<\/span><\/a><\/p>\n","protected":false},"author":1,"featured_media":0,"parent":0,"menu_order":0,"comment_status":"closed","ping_status":"open","template":"","meta":{"ngg_post_thumbnail":0,"footnotes":"","_mc_calendar":[]},"aioseo_notices":[],"_links":{"self":[{"href":"https:\/\/blogsaverroes.juntadeandalucia.es\/ceipsanjose\/wp-json\/wp\/v2\/pages\/49"}],"collection":[{"href":"https:\/\/blogsaverroes.juntadeandalucia.es\/ceipsanjose\/wp-json\/wp\/v2\/pages"}],"about":[{"href":"https:\/\/blogsaverroes.juntadeandalucia.es\/ceipsanjose\/wp-json\/wp\/v2\/types\/page"}],"author":[{"embeddable":true,"href":"https:\/\/blogsaverroes.juntadeandalucia.es\/ceipsanjose\/wp-json\/wp\/v2\/users\/1"}],"replies":[{"embeddable":true,"href":"https:\/\/blogsaverroes.juntadeandalucia.es\/ceipsanjose\/wp-json\/wp\/v2\/comments?post=49"}],"version-history":[{"count":12,"href":"https:\/\/blogsaverroes.juntadeandalucia.es\/ceipsanjose\/wp-json\/wp\/v2\/pages\/49\/revisions"}],"predecessor-version":[{"id":3122,"href":"https:\/\/blogsaverroes.juntadeandalucia.es\/ceipsanjose\/wp-json\/wp\/v2\/pages\/49\/revisions\/3122"}],"wp:attachment":[{"href":"https:\/\/blogsaverroes.juntadeandalucia.es\/ceipsanjose\/wp-json\/wp\/v2\/media?parent=49"}],"curies":[{"name":"wp","href":"https:\/\/api.w.org\/{rel}","templated":true}]}}