{"id":77,"date":"2015-03-16T06:54:56","date_gmt":"2015-03-16T06:54:56","guid":{"rendered":"http:\/\/blogsaverroes.juntadeandalucia.es\/pre\/ceip\/?page_id=77"},"modified":"2022-09-12T13:36:14","modified_gmt":"2022-09-12T11:36:14","slug":"secretaria","status":"publish","type":"page","link":"https:\/\/blogsaverroes.juntadeandalucia.es\/ceipsanjose\/secretaria\/","title":{"rendered":"Secretar\u00eda"},"content":{"rendered":"<p style=\"text-align: justify\">La <strong>Secretar\u00eda<\/strong> desarrolla muchas funciones importantes en la vida de un centro, especialmente en la relaci\u00f3n que mantiene con las familias en los diferentes tr\u00e1mites administrativos a lo largo de la escolarizaci\u00f3n: admisi\u00f3n, matr\u00edcula, comedor escolar, becas, etc. Cada d\u00eda se encuentran m\u00e1s opciones habilitadas en la sede electr\u00f3nica de la Consejer\u00eda de Educaci\u00f3n. No obstante, la atenci\u00f3n presencial en el centro se har\u00e1 en el siguiente horario:<\/p>\n<p>&nbsp;<\/p>\n<table class=\" aligncenter\" style=\"width: 50.8974%;border-collapse: collapse;height: 119px\">\n<tbody>\n<tr style=\"height: 24px\">\n<td style=\"width: 5.3507%;height: 24px;border-style: solid;border-color: #e81c1c;background-color: #52f2dd\"><strong>Lunes<\/strong><\/td>\n<td style=\"width: 43.3571%;height: 24px;border-style: solid;border-color: #e81c1c;background-color: #52f2dd\"><em>de 9,00 a 14,00<\/em><\/td>\n<\/tr>\n<tr style=\"height: 23px\">\n<td style=\"width: 5.3507%;height: 23px;border-style: solid;border-color: #e81c1c;background-color: #52f2dd\"><strong>Martes<\/strong><\/td>\n<td style=\"width: 43.3571%;height: 23px;border-style: solid;border-color: #e81c1c;background-color: #52f2dd\"><em>de 9,00 a 14,00<\/em><\/td>\n<\/tr>\n<tr style=\"height: 24px\">\n<td style=\"width: 5.3507%;height: 24px;border-style: solid;border-color: #e81c1c;background-color: #52f2dd\"><strong>Mi\u00e9rcoles<\/strong><\/td>\n<td style=\"width: 43.3571%;height: 24px;border-style: solid;border-color: #e81c1c;background-color: #52f2dd\"><em>de 10,30 a 13,00<\/em><\/td>\n<\/tr>\n<tr style=\"height: 24px\">\n<td style=\"width: 5.3507%;height: 24px;border-style: solid;border-color: #e81c1c;background-color: #52f2dd\"><strong>Jueves<\/strong><\/td>\n<td style=\"width: 43.3571%;height: 24px;border-style: solid;border-color: #e81c1c;background-color: #52f2dd\"><em>de 10,30 a 11,30<\/em><\/td>\n<\/tr>\n<tr style=\"height: 24px\">\n<td style=\"width: 5.3507%;height: 24px;border-style: solid;border-color: #e81c1c;background-color: #52f2dd\"><strong>Viernes<\/strong><\/td>\n<td style=\"width: 43.3571%;height: 24px;border-style: solid;border-color: #e81c1c;background-color: #52f2dd\"><em>de 10,30 a 13,00<\/em><\/td>\n<\/tr>\n<\/tbody>\n<\/table>\n<p>&nbsp;<\/p>\n<p>&nbsp;<\/p>\n<p>&nbsp;<\/p>\n<p>Puede contactar con la secretar\u00eda en el tel\u00e9fono 957596724.<\/p>\n","protected":false},"excerpt":{"rendered":"<p>La Secretar\u00eda desarrolla muchas funciones importantes en la vida de un centro, especialmente en la relaci\u00f3n que mantiene con las familias en los diferentes tr\u00e1mites administrativos a lo largo de la escolarizaci\u00f3n: admisi\u00f3n, matr\u00edcula, comedor escolar, becas, etc. Cada d\u00eda se encuentran m\u00e1s opciones habilitadas en la sede electr\u00f3nica de la Consejer\u00eda de Educaci\u00f3n. No &hellip; <a href=\"https:\/\/blogsaverroes.juntadeandalucia.es\/ceipsanjose\/secretaria\/\" class=\"more-link\">Seguir leyendo <span class=\"screen-reader-text\">Secretar\u00eda<\/span> <span class=\"meta-nav\">&rarr;<\/span><\/a><\/p>\n","protected":false},"author":1,"featured_media":0,"parent":0,"menu_order":0,"comment_status":"closed","ping_status":"open","template":"","meta":{"ngg_post_thumbnail":0,"footnotes":"","_mc_calendar":[]},"aioseo_notices":[],"_links":{"self":[{"href":"https:\/\/blogsaverroes.juntadeandalucia.es\/ceipsanjose\/wp-json\/wp\/v2\/pages\/77"}],"collection":[{"href":"https:\/\/blogsaverroes.juntadeandalucia.es\/ceipsanjose\/wp-json\/wp\/v2\/pages"}],"about":[{"href":"https:\/\/blogsaverroes.juntadeandalucia.es\/ceipsanjose\/wp-json\/wp\/v2\/types\/page"}],"author":[{"embeddable":true,"href":"https:\/\/blogsaverroes.juntadeandalucia.es\/ceipsanjose\/wp-json\/wp\/v2\/users\/1"}],"replies":[{"embeddable":true,"href":"https:\/\/blogsaverroes.juntadeandalucia.es\/ceipsanjose\/wp-json\/wp\/v2\/comments?post=77"}],"version-history":[{"count":7,"href":"https:\/\/blogsaverroes.juntadeandalucia.es\/ceipsanjose\/wp-json\/wp\/v2\/pages\/77\/revisions"}],"predecessor-version":[{"id":2555,"href":"https:\/\/blogsaverroes.juntadeandalucia.es\/ceipsanjose\/wp-json\/wp\/v2\/pages\/77\/revisions\/2555"}],"wp:attachment":[{"href":"https:\/\/blogsaverroes.juntadeandalucia.es\/ceipsanjose\/wp-json\/wp\/v2\/media?parent=77"}],"curies":[{"name":"wp","href":"https:\/\/api.w.org\/{rel}","templated":true}]}}