{"id":613,"date":"2021-12-11T19:16:30","date_gmt":"2021-12-11T18:16:30","guid":{"rendered":"https:\/\/blogsaverroes.juntadeandalucia.es\/ceipsanjoseartesano\/?page_id=613"},"modified":"2023-05-29T05:40:35","modified_gmt":"2023-05-29T04:40:35","slug":"bilinguismo","status":"publish","type":"page","link":"https:\/\/blogsaverroes.juntadeandalucia.es\/ceipsanjoseartesano\/planes-y-proyectos\/bilinguismo\/","title":{"rendered":"Biling\u00fcismo"},"content":{"rendered":"<p><a href=\"https:\/\/blogsaverroes.juntadeandalucia.es\/ceipsanjoseartesano\/files\/2022\/04\/Information-Sheet-for-LANGUAGE-Assistants-1.pdf\">Information Sheet for LANGUAGE Assistants <\/a><\/p>\n<p><a href=\"https:\/\/blogsaverroes.juntadeandalucia.es\/ceipsanjoseartesano\/files\/2022\/04\/Ficha-de-Informaci\u00f3n-para-Auxiliares-de-Conversaci\u00f3n.pdf\">Ficha de Informaci\u00f3n para Auxiliares de Conversaci\u00f3n<\/a><\/p>\n<p><a href=\"https:\/\/blogsaverroes.juntadeandalucia.es\/ceipsanjoseartesano\/planes-y-proyectos\/bilinguismo\/planificacion-organizacion-y-funcionamiento-de-la-ensenanza-bilingue\/\" rel=\"attachment wp-att-788\">PLANIFICACI\u00d3N, ORGANIZACI\u00d3N Y FUNCIONAMIENTO DE LA ENSE\u00d1ANZA BILING\u00dcE<\/a><\/p>\n<p><a href=\"https:\/\/blogsaverroes.juntadeandalucia.es\/ceipsanjoseartesano\/planes-y-proyectos\/bilinguismo\/listado-vocabulario-ingles-1-3-4-5\/\" rel=\"attachment wp-att-790\">Listado vocabulario ingl\u00e9s<\/a><\/p>\n","protected":false},"excerpt":{"rendered":"<p>Information Sheet for LANGUAGE Assistants Ficha de Informaci\u00f3n para Auxiliares de Conversaci\u00f3n PLANIFICACI\u00d3N, ORGANIZACI\u00d3N Y FUNCIONAMIENTO DE LA ENSE\u00d1ANZA BILING\u00dcE Listado vocabulario ingl\u00e9s<\/p>\n","protected":false},"author":3845,"featured_media":0,"parent":55,"menu_order":0,"comment_status":"closed","ping_status":"closed","template":"","meta":{"_et_pb_use_builder":"","_et_pb_old_content":"","_et_gb_content_width":"","ngg_post_thumbnail":0,"footnotes":""},"aioseo_notices":[],"_links":{"self":[{"href":"https:\/\/blogsaverroes.juntadeandalucia.es\/ceipsanjoseartesano\/wp-json\/wp\/v2\/pages\/613"}],"collection":[{"href":"https:\/\/blogsaverroes.juntadeandalucia.es\/ceipsanjoseartesano\/wp-json\/wp\/v2\/pages"}],"about":[{"href":"https:\/\/blogsaverroes.juntadeandalucia.es\/ceipsanjoseartesano\/wp-json\/wp\/v2\/types\/page"}],"author":[{"embeddable":true,"href":"https:\/\/blogsaverroes.juntadeandalucia.es\/ceipsanjoseartesano\/wp-json\/wp\/v2\/users\/3845"}],"replies":[{"embeddable":true,"href":"https:\/\/blogsaverroes.juntadeandalucia.es\/ceipsanjoseartesano\/wp-json\/wp\/v2\/comments?post=613"}],"version-history":[{"count":7,"href":"https:\/\/blogsaverroes.juntadeandalucia.es\/ceipsanjoseartesano\/wp-json\/wp\/v2\/pages\/613\/revisions"}],"predecessor-version":[{"id":791,"href":"https:\/\/blogsaverroes.juntadeandalucia.es\/ceipsanjoseartesano\/wp-json\/wp\/v2\/pages\/613\/revisions\/791"}],"up":[{"embeddable":true,"href":"https:\/\/blogsaverroes.juntadeandalucia.es\/ceipsanjoseartesano\/wp-json\/wp\/v2\/pages\/55"}],"wp:attachment":[{"href":"https:\/\/blogsaverroes.juntadeandalucia.es\/ceipsanjoseartesano\/wp-json\/wp\/v2\/media?parent=613"}],"curies":[{"name":"wp","href":"https:\/\/api.w.org\/{rel}","templated":true}]}}