{"id":39,"date":"2020-01-09T12:44:11","date_gmt":"2020-01-09T11:44:11","guid":{"rendered":"http:\/\/blogsaverroes.juntadeandalucia.es\/pre\/nuevoceip2v2\/?page_id=39"},"modified":"2026-05-06T12:55:25","modified_gmt":"2026-05-06T11:55:25","slug":"comedor-escolar","status":"publish","type":"page","link":"https:\/\/blogsaverroes.juntadeandalucia.es\/ceipsanjosecalasanzlapaloma\/comedor-escolar\/","title":{"rendered":"Comedor escolar"},"content":{"rendered":"<p>Nuestro centro escolar, cuenta con servicio de comedor gestionado por la Junta de Andaluc\u00eda.<\/p>\n<p>La empresa concesionaria del servicio es Comertel. <a href=\"https:\/\/www.elgustodecrecer.es\">&nbsp;www.elgustodecrecer.es<\/a><\/p>\n<p class=\"p1\">Para consultar el men\u00fa mensual, pincha <a href=\"https:\/\/blogsaverroes.juntadeandalucia.es\/ceipsanjosecalasanzlapaloma\/files\/2026\/05\/BASAL_MAYO-COMERTEL.pdf\">aqu\u00ed<\/a>.<\/p>\n<p>Para consultar las recomendaciones de cenas del mes, pincha <a href=\"https:\/\/blogsaverroes.juntadeandalucia.es\/ceipsanjosecalasanzlapaloma\/files\/2026\/05\/RECOMENDACIONES-DE-CENA.pdf\">aqu\u00ed<\/a><\/p>\n<p>Para consultar el reglamento del comedor, pincha <a href=\"https:\/\/blogsaverroes.juntadeandalucia.es\/ceipsanjosecalasanzlapaloma\/files\/2025\/03\/Reglamento-comedor.pdf\">aqu\u00ed.<\/a><\/p>\n<p>Para consultar la circular informativa para las familias, pincha <a href=\"https:\/\/blogsaverroes.juntadeandalucia.es\/ceipsanjosecalasanzlapaloma\/files\/2025\/03\/Circular-a-Familias-Curso-2024-2025-COMERTEL.pdf\">aqu\u00ed.<\/a><\/p>\n","protected":false},"excerpt":{"rendered":"<p>Nuestro centro escolar, cuenta con servicio de comedor gestionado por la Junta de Andaluc\u00eda. La empresa concesionaria del servicio es Comertel. &nbsp;www.elgustodecrecer.es Para consultar el men\u00fa mensual, pincha aqu\u00ed. Para consultar las recomendaciones de cenas&#46;&#46;&#46;<\/p>\n","protected":false},"author":7051,"featured_media":0,"parent":0,"menu_order":0,"comment_status":"closed","ping_status":"closed","template":"","meta":{"ngg_post_thumbnail":0,"footnotes":""},"aioseo_notices":[],"_links":{"self":[{"href":"https:\/\/blogsaverroes.juntadeandalucia.es\/ceipsanjosecalasanzlapaloma\/wp-json\/wp\/v2\/pages\/39"}],"collection":[{"href":"https:\/\/blogsaverroes.juntadeandalucia.es\/ceipsanjosecalasanzlapaloma\/wp-json\/wp\/v2\/pages"}],"about":[{"href":"https:\/\/blogsaverroes.juntadeandalucia.es\/ceipsanjosecalasanzlapaloma\/wp-json\/wp\/v2\/types\/page"}],"author":[{"embeddable":true,"href":"https:\/\/blogsaverroes.juntadeandalucia.es\/ceipsanjosecalasanzlapaloma\/wp-json\/wp\/v2\/users\/7051"}],"replies":[{"embeddable":true,"href":"https:\/\/blogsaverroes.juntadeandalucia.es\/ceipsanjosecalasanzlapaloma\/wp-json\/wp\/v2\/comments?post=39"}],"version-history":[{"count":27,"href":"https:\/\/blogsaverroes.juntadeandalucia.es\/ceipsanjosecalasanzlapaloma\/wp-json\/wp\/v2\/pages\/39\/revisions"}],"predecessor-version":[{"id":875,"href":"https:\/\/blogsaverroes.juntadeandalucia.es\/ceipsanjosecalasanzlapaloma\/wp-json\/wp\/v2\/pages\/39\/revisions\/875"}],"wp:attachment":[{"href":"https:\/\/blogsaverroes.juntadeandalucia.es\/ceipsanjosecalasanzlapaloma\/wp-json\/wp\/v2\/media?parent=39"}],"curies":[{"name":"wp","href":"https:\/\/api.w.org\/{rel}","templated":true}]}}