{"id":600,"date":"2024-11-15T13:05:53","date_gmt":"2024-11-15T12:05:53","guid":{"rendered":"https:\/\/blogsaverroes.juntadeandalucia.es\/ceipsanjosecalasanzlapaloma\/?page_id=600"},"modified":"2026-01-20T14:06:30","modified_gmt":"2026-01-20T13:06:30","slug":"tutoriales","status":"publish","type":"page","link":"https:\/\/blogsaverroes.juntadeandalucia.es\/ceipsanjosecalasanzlapaloma\/tutoriales\/","title":{"rendered":"Tutoriales"},"content":{"rendered":"<p>En esta secci\u00f3n tendr\u00e1s \u00fatiles videotutoriales que te aclarar\u00e1n c\u00f3mo realizar f\u00e1cilmente diversos tr\u00e1mites educativos.<\/p>\n<p>&nbsp;<\/p>\n<ol>\n<li><a href=\"https:\/\/www.youtube.com\/watch?v=DWNm7tE2UUQ\">Matriculaci\u00f3n del alumnado por @gabartha<\/a><\/li>\n<li><a href=\"https:\/\/www.youtube.com\/watch?v=GolSetOB82M\">Clave IANDE por Marina Navarrete.<\/a><\/li>\n<li><a href=\"https:\/\/www.youtube.com\/watch?v=cHLova48ULE\">Autologin &nbsp;por EDUYTEC<\/a><\/li>\n<li><a href=\"https:\/\/www.youtube.com\/watch?v=rw27GboA9MM\">Autorizar actividades en IPasen por EDUYTEC<\/a><\/li>\n<li><a href=\"https:\/\/www.youtube.com\/watch?v=ls7EritoyC0\">Descargar documentaci\u00f3n punto de recogida por Olicasares.<\/a><\/li>\n<li><a href=\"https:\/\/www.youtube.com\/watch?v=wL8DKGU8xL4\">Recuperar usuario IPasen por &nbsp;Marina Navarrete.<\/a><\/li>\n<li><a href=\"https:\/\/blogsaverroes.juntadeandalucia.es\/ceipsanjosecalasanzlapaloma\/files\/2026\/01\/Gestion-de-tutorias-5_-iPASEN-vision-de-las-familias.mp4\">Solicitar\/aceptar tutor\u00eda a trav\u00e9s de IPasen por Maestro Mallo.<\/a><\/li>\n<\/ol>\n","protected":false},"excerpt":{"rendered":"<p>En esta secci\u00f3n tendr\u00e1s \u00fatiles videotutoriales que te aclarar\u00e1n c\u00f3mo realizar f\u00e1cilmente diversos tr\u00e1mites educativos. &nbsp; Matriculaci\u00f3n del alumnado por @gabartha Clave IANDE por Marina Navarrete. Autologin &nbsp;por EDUYTEC Autorizar actividades en IPasen por EDUYTEC&#46;&#46;&#46;<\/p>\n","protected":false},"author":20031,"featured_media":0,"parent":0,"menu_order":0,"comment_status":"closed","ping_status":"closed","template":"","meta":{"ngg_post_thumbnail":0,"footnotes":""},"aioseo_notices":[],"_links":{"self":[{"href":"https:\/\/blogsaverroes.juntadeandalucia.es\/ceipsanjosecalasanzlapaloma\/wp-json\/wp\/v2\/pages\/600"}],"collection":[{"href":"https:\/\/blogsaverroes.juntadeandalucia.es\/ceipsanjosecalasanzlapaloma\/wp-json\/wp\/v2\/pages"}],"about":[{"href":"https:\/\/blogsaverroes.juntadeandalucia.es\/ceipsanjosecalasanzlapaloma\/wp-json\/wp\/v2\/types\/page"}],"author":[{"embeddable":true,"href":"https:\/\/blogsaverroes.juntadeandalucia.es\/ceipsanjosecalasanzlapaloma\/wp-json\/wp\/v2\/users\/20031"}],"replies":[{"embeddable":true,"href":"https:\/\/blogsaverroes.juntadeandalucia.es\/ceipsanjosecalasanzlapaloma\/wp-json\/wp\/v2\/comments?post=600"}],"version-history":[{"count":11,"href":"https:\/\/blogsaverroes.juntadeandalucia.es\/ceipsanjosecalasanzlapaloma\/wp-json\/wp\/v2\/pages\/600\/revisions"}],"predecessor-version":[{"id":809,"href":"https:\/\/blogsaverroes.juntadeandalucia.es\/ceipsanjosecalasanzlapaloma\/wp-json\/wp\/v2\/pages\/600\/revisions\/809"}],"wp:attachment":[{"href":"https:\/\/blogsaverroes.juntadeandalucia.es\/ceipsanjosecalasanzlapaloma\/wp-json\/wp\/v2\/media?parent=600"}],"curies":[{"name":"wp","href":"https:\/\/api.w.org\/{rel}","templated":true}]}}