{"id":690,"date":"2025-03-25T11:18:12","date_gmt":"2025-03-25T10:18:12","guid":{"rendered":"https:\/\/blogsaverroes.juntadeandalucia.es\/ceipsanjosecalasanzlapaloma\/?page_id=690"},"modified":"2025-03-25T12:06:49","modified_gmt":"2025-03-25T11:06:49","slug":"programa-de-transito","status":"publish","type":"page","link":"https:\/\/blogsaverroes.juntadeandalucia.es\/ceipsanjosecalasanzlapaloma\/programa-de-transito\/","title":{"rendered":"Programa de tr\u00e1nsito"},"content":{"rendered":"<p class=\"p1\">Con el fin de garantizar la adecuada transici\u00f3n del alumnado de la etapa de Educacin Infantil a la etapa de Educacin Primaria, el CEIP San Jos de Calasanz (Mancha Real) ha desarrollado una serie de mecanismos cuyos referentes legales a tener en cuenta est\u00e1n recogidos en el Art. 20.4 del Decreto 101\/2023, de 9 de mayo y en la Orden de 30 de mayo de 2023, por la que se desarrolla el curr\u00edculo correspondiente a la etapa de&nbsp;Educaci\u00f3n Primaria en la Comunidad Aut\u00f3noma de Andaluza.<\/p>\n<p>Puede consultarlo <a href=\"https:\/\/blogsaverroes.juntadeandalucia.es\/ceipsanjosecalasanzlapaloma\/files\/2025\/03\/Programa-de-Transito.pdf\">aqu\u00ed.<\/a><\/p>\n","protected":false},"excerpt":{"rendered":"<p>Con el fin de garantizar la adecuada transici\u00f3n del alumnado de la etapa de Educacin Infantil a la etapa de Educacin Primaria, el CEIP San Jos de Calasanz (Mancha Real) ha desarrollado una serie de&#46;&#46;&#46;<\/p>\n","protected":false},"author":19931,"featured_media":0,"parent":0,"menu_order":0,"comment_status":"closed","ping_status":"closed","template":"","meta":{"ngg_post_thumbnail":0,"footnotes":""},"aioseo_notices":[],"_links":{"self":[{"href":"https:\/\/blogsaverroes.juntadeandalucia.es\/ceipsanjosecalasanzlapaloma\/wp-json\/wp\/v2\/pages\/690"}],"collection":[{"href":"https:\/\/blogsaverroes.juntadeandalucia.es\/ceipsanjosecalasanzlapaloma\/wp-json\/wp\/v2\/pages"}],"about":[{"href":"https:\/\/blogsaverroes.juntadeandalucia.es\/ceipsanjosecalasanzlapaloma\/wp-json\/wp\/v2\/types\/page"}],"author":[{"embeddable":true,"href":"https:\/\/blogsaverroes.juntadeandalucia.es\/ceipsanjosecalasanzlapaloma\/wp-json\/wp\/v2\/users\/19931"}],"replies":[{"embeddable":true,"href":"https:\/\/blogsaverroes.juntadeandalucia.es\/ceipsanjosecalasanzlapaloma\/wp-json\/wp\/v2\/comments?post=690"}],"version-history":[{"count":3,"href":"https:\/\/blogsaverroes.juntadeandalucia.es\/ceipsanjosecalasanzlapaloma\/wp-json\/wp\/v2\/pages\/690\/revisions"}],"predecessor-version":[{"id":715,"href":"https:\/\/blogsaverroes.juntadeandalucia.es\/ceipsanjosecalasanzlapaloma\/wp-json\/wp\/v2\/pages\/690\/revisions\/715"}],"wp:attachment":[{"href":"https:\/\/blogsaverroes.juntadeandalucia.es\/ceipsanjosecalasanzlapaloma\/wp-json\/wp\/v2\/media?parent=690"}],"curies":[{"name":"wp","href":"https:\/\/api.w.org\/{rel}","templated":true}]}}