{"id":2225,"date":"2019-04-24T10:30:05","date_gmt":"2019-04-24T10:30:05","guid":{"rendered":"https:\/\/blogsaverroes.juntadeandalucia.es\/ceipsanjosedecalasanbaza\/?page_id=2225"},"modified":"2020-11-03T09:36:42","modified_gmt":"2020-11-03T09:36:42","slug":"l-s-e","status":"publish","type":"page","link":"https:\/\/blogsaverroes.juntadeandalucia.es\/ceipsanjosedecalasanbaza\/l-s-e\/","title":{"rendered":"L.S.E."},"content":{"rendered":"<p>Nuestro colegio como centro preferente de alumnado con d\u00e9ficit auditivo lleva a cabo una serie de medidas formativas:<\/p>\n<p><strong><span style=\"color: #800080\">A nivel de centro:<\/span><\/strong><\/p>\n<ul>\n<li class=\"first-child\">Nuestro&nbsp; centro cuenta con un&nbsp; Equipo de Atenci\u00f3n a la Diversidad, orientadora del E.O.E.P. de zona, una maestra de Pedagog\u00eda Terape\u00fatica y una maestra de Audici\u00f3n y Lenguaje, las dos con conocimientos de Lengua de Signos.<\/li>\n<li>Formaci\u00f3n de todo el profesorado mensualmente y a lo largo del todo el curso con curso de LSE impartidos por el CEP de Baza.&nbsp;<\/li>\n<\/ul>\n<p><span style=\"color: #800080\"><strong>A nivel de aula<\/strong>:<\/span><\/p>\n<ul>\n<li class=\"first-child\">Uso de equipos de Frecuencia Modulada, para aquellos alumnos que se benefician de esta ayuda t\u00e9cnica, disminuyendo la distancia y el ruido ambiente que hay en las aulas.<\/li>\n<li>Uso de medios inform\u00e1ticos (pizarra digital, ca\u00f1\u00f3n proyector, etc.) para la presentaci\u00f3n de las materias y contenidos curriculares a nivel visual.<\/li>\n<li class=\"last-child\">Taller de Sensibilizaci\u00f3n para alumnado: se lleva a cabo en todas las aulas y se trabajan actividades sobre la iniciaci\u00f3n a la Lengua de Signos Espa\u00f1ola.<\/li>\n<\/ul>\n<p><strong><span style=\"color: #993366\">A nivel de alumnado:<\/span><\/strong><\/p>\n<ul>\n<li class=\"first-child\">Apoyo especializado por parte de la P.T. y de la maestra de A.L.<em>&nbsp;<\/em><\/li>\n<\/ul>\n<p><em>&nbsp;<\/em><\/p>\n<p>&nbsp;<\/p>\n<p>&nbsp;<\/p>\n","protected":false},"excerpt":{"rendered":"<p>Nuestro colegio como centro preferente de alumnado con d\u00e9ficit auditivo lleva a cabo una&#46;&#46;&#46;<\/p>\n","protected":false},"author":3337,"featured_media":0,"parent":0,"menu_order":0,"comment_status":"closed","ping_status":"closed","template":"","meta":{"ngg_post_thumbnail":0,"footnotes":"","_mc_calendar":[]},"aioseo_notices":[],"_links":{"self":[{"href":"https:\/\/blogsaverroes.juntadeandalucia.es\/ceipsanjosedecalasanbaza\/wp-json\/wp\/v2\/pages\/2225"}],"collection":[{"href":"https:\/\/blogsaverroes.juntadeandalucia.es\/ceipsanjosedecalasanbaza\/wp-json\/wp\/v2\/pages"}],"about":[{"href":"https:\/\/blogsaverroes.juntadeandalucia.es\/ceipsanjosedecalasanbaza\/wp-json\/wp\/v2\/types\/page"}],"author":[{"embeddable":true,"href":"https:\/\/blogsaverroes.juntadeandalucia.es\/ceipsanjosedecalasanbaza\/wp-json\/wp\/v2\/users\/3337"}],"replies":[{"embeddable":true,"href":"https:\/\/blogsaverroes.juntadeandalucia.es\/ceipsanjosedecalasanbaza\/wp-json\/wp\/v2\/comments?post=2225"}],"version-history":[{"count":5,"href":"https:\/\/blogsaverroes.juntadeandalucia.es\/ceipsanjosedecalasanbaza\/wp-json\/wp\/v2\/pages\/2225\/revisions"}],"predecessor-version":[{"id":2554,"href":"https:\/\/blogsaverroes.juntadeandalucia.es\/ceipsanjosedecalasanbaza\/wp-json\/wp\/v2\/pages\/2225\/revisions\/2554"}],"wp:attachment":[{"href":"https:\/\/blogsaverroes.juntadeandalucia.es\/ceipsanjosedecalasanbaza\/wp-json\/wp\/v2\/media?parent=2225"}],"curies":[{"name":"wp","href":"https:\/\/api.w.org\/{rel}","templated":true}]}}