{"id":2911,"date":"2021-09-30T11:54:49","date_gmt":"2021-09-30T11:54:49","guid":{"rendered":"https:\/\/blogsaverroes.juntadeandalucia.es\/ceipsanjosedecalasanbaza\/?page_id=2911"},"modified":"2021-09-30T11:54:49","modified_gmt":"2021-09-30T11:54:49","slug":"consejo-escolar","status":"publish","type":"page","link":"https:\/\/blogsaverroes.juntadeandalucia.es\/ceipsanjosedecalasanbaza\/consejo-escolar\/","title":{"rendered":"CONSEJO ESCOLAR"},"content":{"rendered":"<p>ELECCIONES AL CONSEJO ESCOLAR CURSO 2021\/2022<br \/>\nEl Consejo escolar es un \u00f3rgano colegiado de Participaci\u00f3n de la comunidad educativa en el<br \/>\ngobierno del centro. La Constituci\u00f3n Espa\u00f1ola, en su art\u00edculo 27, establece que \u00abLos<br \/>\nprofesores, los padres y, en su caso, los alumnos intervendr\u00e1n en el control y gesti\u00f3n de todos<br \/>\nlos centros sostenidos por la Administraci\u00f3n con fondos p\u00fablicos\u00bb; este principio de<br \/>\nparticipaci\u00f3n constituye el principal instrumento para que toda la comunidad educativa pueda<br \/>\nimplicarse directamente en la toma de decisiones del mismo.<br \/>\nSeg\u00fan Resoluci\u00f3n de 24 de septiembre de 2021 la Delegaci\u00f3n Territorial de Educaci\u00f3n<br \/>\ny Deporte de Granada acuerda convocatoria de celebraci\u00f3n de elecciones extraordinarias en<br \/>\nlos centros docentes andaluces.<img loading=\"lazy\" decoding=\"async\" class=\"aligncenter size-full wp-image-2912\" src=\"https:\/\/blogsaverroes.juntadeandalucia.es\/ceipsanjosedecalasanbaza\/files\/2021\/09\/lfZ9LcYgDOoPdIvspGsIZsP5tlmi5xw_7x8Fa7DYuNW39STHo3pHwuGRnSA1uLjU8FXCztRsFPsj34cKPYPnoWaSntU4rOWSFK6L15BRleOZ4ybJZl8yYaRiSROJWMBm037CtZIH346g30VEP3njMtf0vSkozJ4AegvgZZ7G2I.jpg\" alt=\"\" width=\"213\" height=\"237\"\/><\/p>\n","protected":false},"excerpt":{"rendered":"<p>ELECCIONES AL CONSEJO ESCOLAR CURSO 2021\/2022 El Consejo escolar es un \u00f3rgano colegiado de&#46;&#46;&#46;<\/p>\n","protected":false},"author":3337,"featured_media":2912,"parent":0,"menu_order":0,"comment_status":"closed","ping_status":"closed","template":"","meta":{"ngg_post_thumbnail":0,"footnotes":"","_mc_calendar":[]},"aioseo_notices":[],"_links":{"self":[{"href":"https:\/\/blogsaverroes.juntadeandalucia.es\/ceipsanjosedecalasanbaza\/wp-json\/wp\/v2\/pages\/2911"}],"collection":[{"href":"https:\/\/blogsaverroes.juntadeandalucia.es\/ceipsanjosedecalasanbaza\/wp-json\/wp\/v2\/pages"}],"about":[{"href":"https:\/\/blogsaverroes.juntadeandalucia.es\/ceipsanjosedecalasanbaza\/wp-json\/wp\/v2\/types\/page"}],"author":[{"embeddable":true,"href":"https:\/\/blogsaverroes.juntadeandalucia.es\/ceipsanjosedecalasanbaza\/wp-json\/wp\/v2\/users\/3337"}],"replies":[{"embeddable":true,"href":"https:\/\/blogsaverroes.juntadeandalucia.es\/ceipsanjosedecalasanbaza\/wp-json\/wp\/v2\/comments?post=2911"}],"version-history":[{"count":1,"href":"https:\/\/blogsaverroes.juntadeandalucia.es\/ceipsanjosedecalasanbaza\/wp-json\/wp\/v2\/pages\/2911\/revisions"}],"predecessor-version":[{"id":2915,"href":"https:\/\/blogsaverroes.juntadeandalucia.es\/ceipsanjosedecalasanbaza\/wp-json\/wp\/v2\/pages\/2911\/revisions\/2915"}],"wp:featuredmedia":[{"embeddable":true,"href":"https:\/\/blogsaverroes.juntadeandalucia.es\/ceipsanjosedecalasanbaza\/wp-json\/wp\/v2\/media\/2912"}],"wp:attachment":[{"href":"https:\/\/blogsaverroes.juntadeandalucia.es\/ceipsanjosedecalasanbaza\/wp-json\/wp\/v2\/media?parent=2911"}],"curies":[{"name":"wp","href":"https:\/\/api.w.org\/{rel}","templated":true}]}}