{"id":42,"date":"2015-03-13T08:40:47","date_gmt":"2015-03-13T08:40:47","guid":{"rendered":"http:\/\/blogsaverroes.juntadeandalucia.es\/pre\/ceip\/?page_id=42"},"modified":"2019-02-19T12:33:28","modified_gmt":"2019-02-19T12:33:28","slug":"equipo-directivo","status":"publish","type":"page","link":"https:\/\/blogsaverroes.juntadeandalucia.es\/ceipsanjosedecalasanbaza\/equipo-directivo\/","title":{"rendered":"Equipo directivo"},"content":{"rendered":"<p>&nbsp;<\/p>\n<p><strong>Direcci\u00f3n: Amalia Mu\u00f1oz Ruiz.<\/strong><\/p>\n<p><strong>Jefatura de estudios: Inmaculada Zamora Casta\u00f1o.<\/strong><\/p>\n<p><strong>Secretar\u00eda: Mar\u00eda Inmaculada Rodr\u00edguez Bl\u00e1nquez.<\/strong><\/p>\n","protected":false},"excerpt":{"rendered":"<p>&nbsp; Direcci\u00f3n: Amalia Mu\u00f1oz Ruiz. Jefatura de estudios: Inmaculada Zamora Casta\u00f1o. Secretar\u00eda: Mar\u00eda Inmaculada&#46;&#46;&#46;<\/p>\n","protected":false},"author":1,"featured_media":0,"parent":0,"menu_order":0,"comment_status":"open","ping_status":"open","template":"page-templates\/child-menu.php","meta":{"ngg_post_thumbnail":0,"footnotes":"","_mc_calendar":[]},"aioseo_notices":[],"_links":{"self":[{"href":"https:\/\/blogsaverroes.juntadeandalucia.es\/ceipsanjosedecalasanbaza\/wp-json\/wp\/v2\/pages\/42"}],"collection":[{"href":"https:\/\/blogsaverroes.juntadeandalucia.es\/ceipsanjosedecalasanbaza\/wp-json\/wp\/v2\/pages"}],"about":[{"href":"https:\/\/blogsaverroes.juntadeandalucia.es\/ceipsanjosedecalasanbaza\/wp-json\/wp\/v2\/types\/page"}],"author":[{"embeddable":true,"href":"https:\/\/blogsaverroes.juntadeandalucia.es\/ceipsanjosedecalasanbaza\/wp-json\/wp\/v2\/users\/1"}],"replies":[{"embeddable":true,"href":"https:\/\/blogsaverroes.juntadeandalucia.es\/ceipsanjosedecalasanbaza\/wp-json\/wp\/v2\/comments?post=42"}],"version-history":[{"count":5,"href":"https:\/\/blogsaverroes.juntadeandalucia.es\/ceipsanjosedecalasanbaza\/wp-json\/wp\/v2\/pages\/42\/revisions"}],"predecessor-version":[{"id":2148,"href":"https:\/\/blogsaverroes.juntadeandalucia.es\/ceipsanjosedecalasanbaza\/wp-json\/wp\/v2\/pages\/42\/revisions\/2148"}],"wp:attachment":[{"href":"https:\/\/blogsaverroes.juntadeandalucia.es\/ceipsanjosedecalasanbaza\/wp-json\/wp\/v2\/media?parent=42"}],"curies":[{"name":"wp","href":"https:\/\/api.w.org\/{rel}","templated":true}]}}