{"id":77,"date":"2015-03-16T06:54:56","date_gmt":"2015-03-16T06:54:56","guid":{"rendered":"http:\/\/blogsaverroes.juntadeandalucia.es\/pre\/ceip\/?page_id=77"},"modified":"2020-10-29T09:18:21","modified_gmt":"2020-10-29T09:18:21","slug":"secretaria","status":"publish","type":"page","link":"https:\/\/blogsaverroes.juntadeandalucia.es\/ceipsanjosedecalasanbaza\/secretaria\/","title":{"rendered":"Secretar\u00eda"},"content":{"rendered":"<p><span style=\"color: #333399\">La <strong>Secretar\u00eda es la primera toma de contacto con las familias y desde ah\u00ed la monitora escolar<\/strong>&nbsp;desarrolla muchas funciones importantes en la vida de un centro, especialmente en la relaci\u00f3n que mantiene con las familias en los diferentes tr\u00e1mites administrativos a lo largo de la escolarizaci\u00f3n: admisi\u00f3n, matr\u00edcula, comedor escolar, becas, etc.<\/span><\/p>\n<h2><span style=\"color: #0000ff\"><strong>El horario ser\u00e1 de 9:00 a 14:00 horas de lunes a viernes.&nbsp;<\/strong><\/span><\/h2>\n<p><span style=\"color: #800000\">En la actual situaci\u00f3n que vivimos debido a la COVID 19&nbsp; los tr\u00e1mites administrativos ser\u00e1n atendidos v\u00eda tel\u00e9fonica o a trav\u00e9s de correos electr\u00f3nicos.&nbsp;<\/span><\/p>\n<p><span style=\"color: #800000\">Si es necesario acudir a recoger al alumnado acudir\u00e1n a la Secretar\u00eda siguiendo los protocolos de seguridad (toma de temperatura y lavado de manos con gel hidroalcoh\u00f3lico, guardando la distancia de seguridad). Rellenar\u00e1n la autorizaci\u00f3n de recogida de alumnado y ser\u00e1 la monitora la que vaya a su clase a recogerlo y traerlo a secretar\u00eda.<\/span><\/p>\n<p><span style=\"color: #800000\">Lo mismo ocurre cuando el alumnado llegue tarde. Se dejar\u00e1n en secretar\u00eda y la monitora los llevar\u00e1 a clase si son de infantil y en las otras etapas el alumnado ir\u00e1 solo\/a a sus respectivas aulas.<\/span><\/p>\n<p>&nbsp;<\/p>\n","protected":false},"excerpt":{"rendered":"<p>La Secretar\u00eda es la primera toma de contacto con las familias y desde ah\u00ed&#46;&#46;&#46;<\/p>\n","protected":false},"author":1,"featured_media":0,"parent":0,"menu_order":0,"comment_status":"open","ping_status":"open","template":"page-templates\/child-menu.php","meta":{"ngg_post_thumbnail":0,"footnotes":"","_mc_calendar":[]},"aioseo_notices":[],"_links":{"self":[{"href":"https:\/\/blogsaverroes.juntadeandalucia.es\/ceipsanjosedecalasanbaza\/wp-json\/wp\/v2\/pages\/77"}],"collection":[{"href":"https:\/\/blogsaverroes.juntadeandalucia.es\/ceipsanjosedecalasanbaza\/wp-json\/wp\/v2\/pages"}],"about":[{"href":"https:\/\/blogsaverroes.juntadeandalucia.es\/ceipsanjosedecalasanbaza\/wp-json\/wp\/v2\/types\/page"}],"author":[{"embeddable":true,"href":"https:\/\/blogsaverroes.juntadeandalucia.es\/ceipsanjosedecalasanbaza\/wp-json\/wp\/v2\/users\/1"}],"replies":[{"embeddable":true,"href":"https:\/\/blogsaverroes.juntadeandalucia.es\/ceipsanjosedecalasanbaza\/wp-json\/wp\/v2\/comments?post=77"}],"version-history":[{"count":6,"href":"https:\/\/blogsaverroes.juntadeandalucia.es\/ceipsanjosedecalasanbaza\/wp-json\/wp\/v2\/pages\/77\/revisions"}],"predecessor-version":[{"id":2492,"href":"https:\/\/blogsaverroes.juntadeandalucia.es\/ceipsanjosedecalasanbaza\/wp-json\/wp\/v2\/pages\/77\/revisions\/2492"}],"wp:attachment":[{"href":"https:\/\/blogsaverroes.juntadeandalucia.es\/ceipsanjosedecalasanbaza\/wp-json\/wp\/v2\/media?parent=77"}],"curies":[{"name":"wp","href":"https:\/\/api.w.org\/{rel}","templated":true}]}}