{"id":10314,"date":"2021-12-20T17:36:49","date_gmt":"2021-12-20T16:36:49","guid":{"rendered":"https:\/\/blogsaverroes.juntadeandalucia.es\/ceipsanjosedepalmete\/?page_id=10314"},"modified":"2022-07-07T11:40:49","modified_gmt":"2022-07-07T09:40:49","slug":"fotos-curso-2021-2022","status":"publish","type":"page","link":"https:\/\/blogsaverroes.juntadeandalucia.es\/ceipsanjosedepalmete\/fotos-curso-2021-2022\/","title":{"rendered":"Fotos Curso 2021-2022"},"content":{"rendered":"<h3>CURSO 2021-2022<img loading=\"lazy\" decoding=\"async\" class=\"size-full wp-image-3239 alignright\" src=\"https:\/\/blogsaverroes.juntadeandalucia.es\/ceipsanjosedepalmete\/files\/2015\/11\/camara.png\" alt=\"\" width=\"338\" height=\"450\" srcset=\"https:\/\/blogsaverroes.juntadeandalucia.es\/ceipsanjosedepalmete\/files\/2015\/11\/camara.png 338w, https:\/\/blogsaverroes.juntadeandalucia.es\/ceipsanjosedepalmete\/files\/2015\/11\/camara-225x300.png 225w\" sizes=\"(max-width: 338px) 100vw, 338px\" \/><\/h3>\n<p><a title=\"Entrega de premios de concursos navide\u00f1os\" href=\"https:\/\/blogsaverroes.juntadeandalucia.es\/ceipsanjosedepalmete\/entrega-de-concursos-navidenos\/\">Entrega de premios concursos navide\u00f1os<\/a><\/p>\n<p><a title=\"Desde la mirada de los ni\u00f1os y las ni\u00f1as\" href=\"https:\/\/blogsaverroes.juntadeandalucia.es\/ceipsanjosedepalmete\/fotos-curso-2021-2022\/desde-la-mirada-de-los-ninos-y-las-ninas\/\" target=\"_blank\" rel=\"noopener noreferrer\">Desde la mirada de los ni\u00f1os y las ni\u00f1as &#8211; Ayuntamiento<\/a><\/p>\n<p><a title=\"Pintando el muro del cole \u2013 1\u00ba\" href=\"https:\/\/blogsaverroes.juntadeandalucia.es\/ceipsanjosedepalmete\/fotos-curso-2021-2022\/pintando-el-muro-del-cole-1o\/\" target=\"_blank\" rel=\"noopener noreferrer\">Pintando el muro del cole &#8211; 1\u00ba<\/a><\/p>\n<p><a title=\"D\u00eda de Andaluc\u00eda \u2013 2022\" href=\"https:\/\/blogsaverroes.juntadeandalucia.es\/ceipsanjosedepalmete\/fotos-curso-2021-2022\/dia-de-andalucia-2022\/\" target=\"_blank\" rel=\"noopener noreferrer\">D\u00eda de Andaluc\u00eda<\/a><\/p>\n<p><a title=\"Desde la mirada de los ni\u00f1os y las ni\u00f1as \u2013 Plantaci\u00f3n de \u00e1rboles en el parque Amate\" href=\"https:\/\/blogsaverroes.juntadeandalucia.es\/ceipsanjosedepalmete\/fotos-curso-2021-2022\/desde-la-mirada-de-los-ninos-y-las-ninas-plantacion-de-arboles-en-el-parque-amate\/\" target=\"_blank\" rel=\"noopener noreferrer\">Desde la mirada de los ni\u00f1os y las ni\u00f1as &#8211; Plantaci\u00f3n de \u00e1rboles en el parque Amate<\/a><\/p>\n<p><a title=\"Concurso de marcap\u00e1ginas \u2013 Biblioteca\" href=\"https:\/\/blogsaverroes.juntadeandalucia.es\/ceipsanjosedepalmete\/concurso-de-marcapaginas-biblioteca\/\" target=\"_blank\" rel=\"noopener noreferrer\">Concurso de marcap\u00e1ginas &#8211; Biblioteca<\/a><\/p>\n<p><a href=\"https:\/\/photos.app.goo.gl\/JfjDM8cG4iio4vNH8\" target=\"_blank\" rel=\"noopener noreferrer\">Excursi\u00f3n al zoobot\u00e1nico de Jerez &#8211; 5\u00ba<\/a><\/p>\n<p><a title=\"Graduaci\u00f3n de Infantil de 5 a\u00f1os\" href=\"https:\/\/blogsaverroes.juntadeandalucia.es\/ceipsanjosedepalmete\/graduacion-de-infantil-de-5-anos\/\" target=\"_blank\" rel=\"noopener noreferrer\">Graduaci\u00f3n Infantil 5 a\u00f1os<\/a><\/p>\n<p><a title=\"Graduaci\u00f3n de 6\u00ba\" href=\"https:\/\/blogsaverroes.juntadeandalucia.es\/ceipsanjosedepalmete\/fotos-curso-2021-2022\/graduacion-de-6o\/\" target=\"_blank\" rel=\"noopener noreferrer\">Graduaci\u00f3n de 6\u00ba<\/a><\/p>\n<p><a title=\"Pintura de camisetas\" href=\"https:\/\/blogsaverroes.juntadeandalucia.es\/ceipsanjosedepalmete\/fotos-curso-2021-2022\/pintura-de-camisetas\/\" target=\"_blank\" rel=\"noopener noreferrer\">Pintura de camisetas &#8211; 6\u00ba<\/a><\/p>\n<p><a title=\"Taller de alfarer\u00eda\" href=\"https:\/\/blogsaverroes.juntadeandalucia.es\/ceipsanjosedepalmete\/fotos-curso-2021-2022\/taller-de-alfareria\/\" target=\"_blank\" rel=\"noopener noreferrer\">Taller de alfarer\u00eda<\/a><\/p>\n<p><a title=\"Visita al Acuario de Sevilla\" href=\"https:\/\/blogsaverroes.juntadeandalucia.es\/ceipsanjosedepalmete\/fotos-curso-2021-2022\/visita-al-acuario-de-sevilla\/\" target=\"_blank\" rel=\"noopener noreferrer\">Visita al Acuario de Sevilla<\/a><\/p>\n","protected":false},"excerpt":{"rendered":"<p>CURSO 2021-2022 Entrega de premios concursos navide\u00f1os Desde la mirada de los ni\u00f1os y las ni\u00f1as &#8211; Ayuntamiento Pintando el muro del cole &#8211; 1\u00ba D\u00eda de Andaluc\u00eda Desde la mirada de los ni\u00f1os&#46;&#46;&#46;<\/p>\n","protected":false},"author":2168,"featured_media":0,"parent":0,"menu_order":0,"comment_status":"closed","ping_status":"closed","template":"","meta":{"ngg_post_thumbnail":0,"footnotes":"","_mc_calendar":[]},"aioseo_notices":[],"_links":{"self":[{"href":"https:\/\/blogsaverroes.juntadeandalucia.es\/ceipsanjosedepalmete\/wp-json\/wp\/v2\/pages\/10314"}],"collection":[{"href":"https:\/\/blogsaverroes.juntadeandalucia.es\/ceipsanjosedepalmete\/wp-json\/wp\/v2\/pages"}],"about":[{"href":"https:\/\/blogsaverroes.juntadeandalucia.es\/ceipsanjosedepalmete\/wp-json\/wp\/v2\/types\/page"}],"author":[{"embeddable":true,"href":"https:\/\/blogsaverroes.juntadeandalucia.es\/ceipsanjosedepalmete\/wp-json\/wp\/v2\/users\/2168"}],"replies":[{"embeddable":true,"href":"https:\/\/blogsaverroes.juntadeandalucia.es\/ceipsanjosedepalmete\/wp-json\/wp\/v2\/comments?post=10314"}],"version-history":[{"count":16,"href":"https:\/\/blogsaverroes.juntadeandalucia.es\/ceipsanjosedepalmete\/wp-json\/wp\/v2\/pages\/10314\/revisions"}],"predecessor-version":[{"id":10634,"href":"https:\/\/blogsaverroes.juntadeandalucia.es\/ceipsanjosedepalmete\/wp-json\/wp\/v2\/pages\/10314\/revisions\/10634"}],"wp:attachment":[{"href":"https:\/\/blogsaverroes.juntadeandalucia.es\/ceipsanjosedepalmete\/wp-json\/wp\/v2\/media?parent=10314"}],"curies":[{"name":"wp","href":"https:\/\/api.w.org\/{rel}","templated":true}]}}