{"id":3042,"date":"2015-11-14T19:46:56","date_gmt":"2015-11-14T18:46:56","guid":{"rendered":"http:\/\/blogsaverroes.juntadeandalucia.es\/ceipsanjosedepalmete\/?page_id=3042"},"modified":"2019-06-16T21:52:02","modified_gmt":"2019-06-16T19:52:02","slug":"la-voz-de-palmete","status":"publish","type":"page","link":"https:\/\/blogsaverroes.juntadeandalucia.es\/ceipsanjosedepalmete\/la-voz-de-palmete\/","title":{"rendered":"La voz de Palmete"},"content":{"rendered":"<p>Este peri\u00f3dico est\u00e1 elaborado exclusivamente por profesores y alumnos del CEIP San Jos\u00e9 de Palmete.<\/p>\n<ol>\n<li><a href=\"http:\/\/issuu.com\/jmm00114\/docs\/periodico_palmete_1?e=0\/31374206\" target=\"_blank\" rel=\"noopener\">La voz de Palmete &#8211; N\u00ba 1 en Issuu<\/a><\/li>\n<li><a href=\"https:\/\/www.calameo.com\/read\/001003667bf5a3a9ac398\" target=\"_blank\" rel=\"noopener\">La voz de Palmete &#8211; N\u00ba 1 en Calam\u00e9o<\/a><\/li>\n<li><a href=\"https:\/\/www.calameo.com\/read\/001003667f164d6758259\" target=\"_blank\" rel=\"noopener\">La voz de Palmete &#8211; N\u00ba 2 en Calam\u00e9o<\/a><\/li>\n<li><a href=\"https:\/\/es.calameo.com\/read\/00100366748c4f176d47a\" target=\"_blank\" rel=\"noopener\">La voz de Palmete &#8211; N\u00ba 3 en Calam\u00e9o<\/a><\/li>\n<\/ol>\n","protected":false},"excerpt":{"rendered":"<p>Este peri\u00f3dico est\u00e1 elaborado exclusivamente por profesores y alumnos del CEIP San Jos\u00e9 de Palmete. La voz de Palmete &#8211; N\u00ba 1 en Issuu La voz de Palmete &#8211; N\u00ba 1 en Calam\u00e9o La&#46;&#46;&#46;<\/p>\n","protected":false},"author":2168,"featured_media":0,"parent":0,"menu_order":0,"comment_status":"open","ping_status":"closed","template":"","meta":{"ngg_post_thumbnail":0,"footnotes":"","_mc_calendar":[]},"aioseo_notices":[],"_links":{"self":[{"href":"https:\/\/blogsaverroes.juntadeandalucia.es\/ceipsanjosedepalmete\/wp-json\/wp\/v2\/pages\/3042"}],"collection":[{"href":"https:\/\/blogsaverroes.juntadeandalucia.es\/ceipsanjosedepalmete\/wp-json\/wp\/v2\/pages"}],"about":[{"href":"https:\/\/blogsaverroes.juntadeandalucia.es\/ceipsanjosedepalmete\/wp-json\/wp\/v2\/types\/page"}],"author":[{"embeddable":true,"href":"https:\/\/blogsaverroes.juntadeandalucia.es\/ceipsanjosedepalmete\/wp-json\/wp\/v2\/users\/2168"}],"replies":[{"embeddable":true,"href":"https:\/\/blogsaverroes.juntadeandalucia.es\/ceipsanjosedepalmete\/wp-json\/wp\/v2\/comments?post=3042"}],"version-history":[{"count":9,"href":"https:\/\/blogsaverroes.juntadeandalucia.es\/ceipsanjosedepalmete\/wp-json\/wp\/v2\/pages\/3042\/revisions"}],"predecessor-version":[{"id":9458,"href":"https:\/\/blogsaverroes.juntadeandalucia.es\/ceipsanjosedepalmete\/wp-json\/wp\/v2\/pages\/3042\/revisions\/9458"}],"wp:attachment":[{"href":"https:\/\/blogsaverroes.juntadeandalucia.es\/ceipsanjosedepalmete\/wp-json\/wp\/v2\/media?parent=3042"}],"curies":[{"name":"wp","href":"https:\/\/api.w.org\/{rel}","templated":true}]}}