{"id":3815,"date":"2015-11-16T13:19:48","date_gmt":"2015-11-16T12:19:48","guid":{"rendered":"http:\/\/blogsaverroes.juntadeandalucia.es\/ceipsanjosedepalmete\/?page_id=3815"},"modified":"2019-02-05T11:52:10","modified_gmt":"2019-02-05T10:52:10","slug":"normativa","status":"publish","type":"page","link":"https:\/\/blogsaverroes.juntadeandalucia.es\/ceipsanjosedepalmete\/normativa\/","title":{"rendered":"Normativa"},"content":{"rendered":"<p><strong>LOMCE (Andaluc\u00eda)<\/strong><img loading=\"lazy\" decoding=\"async\" class=\" alignright wp-image-1662\" src=\"http:\/\/blogsaverroes.juntadeandalucia.es\/ceipsanjosedepalmete\/files\/2015\/03\/proyecto.png\" alt=\"proyecto\" width=\"243\" height=\"216\" srcset=\"https:\/\/blogsaverroes.juntadeandalucia.es\/ceipsanjosedepalmete\/files\/2015\/03\/proyecto.png 640w, https:\/\/blogsaverroes.juntadeandalucia.es\/ceipsanjosedepalmete\/files\/2015\/03\/proyecto-300x266.png 300w, https:\/\/blogsaverroes.juntadeandalucia.es\/ceipsanjosedepalmete\/files\/2015\/03\/proyecto-332x295.png 332w\" sizes=\"(max-width: 243px) 100vw, 243px\" \/><\/p>\n<ul>\n<li><a href=\"http:\/\/www.juntadeandalucia.es\/eboja\/2015\/50\/BOJA15-050-00012-4617-01_00065845.pdf\" target=\"_blank\" rel=\"noopener\">Decreto 97\/2015 de 3 de marzo &#8211; Curr\u00edculo Primaria Andaluc\u00eda<\/a><\/li>\n<li><a href=\"http:\/\/www.juntadeandalucia.es\/boja\/2015\/60\/index.html\" target=\"_blank\" rel=\"noopener\">Orden de 17 de marzo de 2015 &#8211; Curr\u00edculo Primaria Andaluc\u00eda<\/a><\/li>\n<li><a href=\"http:\/\/www.juntadeandalucia.es\/educacion\/webportal\/abaco-portlet\/content\/13e6a517-832b-45c6-8f2d-9367fafc7441\" target=\"_blank\" rel=\"noopener\">Instrucciones de 22 de junio de 2015, de la Direcci\u00f3n General de Participaci\u00f3n y Equidad, por las que se establece el. Protocolo de detecci\u00f3n, identificaci\u00f3n del alumnado con necesidades espec\u00edficas de apoyo educativo y organizaci\u00f3n de la respuesta educativa<\/a><\/li>\n<li><a href=\"http:\/\/juntadeandalucia.es\/boja\/2015\/230\/BOJA15-230-00047-19647-01_00080568.pdf\" target=\"_blank\" rel=\"noopener\">Orden de 4 de noviembre de 2015 &#8211; Evaluaci\u00f3n Primaria<\/a><\/li>\n<\/ul>\n<p><strong>ENLACES &#8211; Inspecci\u00f3n<\/strong><\/p>\n<ul>\n<li><a href=\"http:\/\/www.juntadeandalucia.es\/educacion\/webportal\/web\/inspeccion\" target=\"_blank\" rel=\"noopener\">Portal de Inspecci\u00f3n de Andaluc\u00eda<\/a><\/li>\n<li><a href=\"http:\/\/www.adideandalucia.es\/\" target=\"_blank\" rel=\"noopener\">ADIDE<\/a><\/li>\n<\/ul>\n<p><strong>Otros enlaces<\/strong><\/p>\n<ul>\n<li><a href=\"https:\/\/blogsaverroes.juntadeandalucia.es\/ceipsanjosedepalmete\/files\/2015\/11\/PROTOCOLO-JUSTIFICACI\u00d3N-DE-FALTAS_-SUBCOMISI\u00d3N-TORREBLANCA_PALMETE.pdf\">Protocolo para la justificaci\u00f3n de faltas de asistencia (Subcomisi\u00f3n Torreblanca-Palmete)<\/a><\/li>\n<li><a href=\"https:\/\/blogsaverroes.juntadeandalucia.es\/ceipsanjosedepalmete\/files\/2015\/11\/Plan_de_Autoproteccion.pdf\" target=\"_blank\" rel=\"noopener\">Plan_de_Autoproteccion<\/a><\/li>\n<\/ul>\n<p>&nbsp;<\/p>\n<p>&nbsp;<\/p>\n<p>&nbsp;<\/p>\n","protected":false},"excerpt":{"rendered":"<p>LOMCE (Andaluc\u00eda) Decreto 97\/2015 de 3 de marzo &#8211; Curr\u00edculo Primaria Andaluc\u00eda Orden de 17 de marzo de 2015 &#8211; Curr\u00edculo Primaria Andaluc\u00eda Instrucciones de 22 de junio de 2015, de la Direcci\u00f3n General&#46;&#46;&#46;<\/p>\n","protected":false},"author":2168,"featured_media":0,"parent":0,"menu_order":0,"comment_status":"open","ping_status":"open","template":"","meta":{"ngg_post_thumbnail":0,"footnotes":"","_mc_calendar":[]},"aioseo_notices":[],"_links":{"self":[{"href":"https:\/\/blogsaverroes.juntadeandalucia.es\/ceipsanjosedepalmete\/wp-json\/wp\/v2\/pages\/3815"}],"collection":[{"href":"https:\/\/blogsaverroes.juntadeandalucia.es\/ceipsanjosedepalmete\/wp-json\/wp\/v2\/pages"}],"about":[{"href":"https:\/\/blogsaverroes.juntadeandalucia.es\/ceipsanjosedepalmete\/wp-json\/wp\/v2\/types\/page"}],"author":[{"embeddable":true,"href":"https:\/\/blogsaverroes.juntadeandalucia.es\/ceipsanjosedepalmete\/wp-json\/wp\/v2\/users\/2168"}],"replies":[{"embeddable":true,"href":"https:\/\/blogsaverroes.juntadeandalucia.es\/ceipsanjosedepalmete\/wp-json\/wp\/v2\/comments?post=3815"}],"version-history":[{"count":15,"href":"https:\/\/blogsaverroes.juntadeandalucia.es\/ceipsanjosedepalmete\/wp-json\/wp\/v2\/pages\/3815\/revisions"}],"predecessor-version":[{"id":9164,"href":"https:\/\/blogsaverroes.juntadeandalucia.es\/ceipsanjosedepalmete\/wp-json\/wp\/v2\/pages\/3815\/revisions\/9164"}],"wp:attachment":[{"href":"https:\/\/blogsaverroes.juntadeandalucia.es\/ceipsanjosedepalmete\/wp-json\/wp\/v2\/media?parent=3815"}],"curies":[{"name":"wp","href":"https:\/\/api.w.org\/{rel}","templated":true}]}}