{"id":49,"date":"2015-03-13T08:47:05","date_gmt":"2015-03-13T08:47:05","guid":{"rendered":"http:\/\/blogsaverroes.juntadeandalucia.es\/pre\/ceip\/?page_id=49"},"modified":"2024-12-02T09:21:06","modified_gmt":"2024-12-02T08:21:06","slug":"proyecto-educativo","status":"publish","type":"page","link":"https:\/\/blogsaverroes.juntadeandalucia.es\/ceipsanjosedepalmete\/proyecto-educativo\/","title":{"rendered":"Proyecto Educativo"},"content":{"rendered":"<p><a href=\"https:\/\/blogsaverroes.juntadeandalucia.es\/ceipsanjosedepalmete\/files\/2023\/11\/Logo-Proyecto-Educativo.jpg\"><img loading=\"lazy\" decoding=\"async\" class=\"wp-image-11299 alignright\" src=\"https:\/\/blogsaverroes.juntadeandalucia.es\/ceipsanjosedepalmete\/files\/2023\/11\/Logo-Proyecto-Educativo.jpg\" alt=\"\" width=\"292\" height=\"173\"><\/a><\/p>\n<p><em>Un centro se define en gran medida por su <strong>Proyecto Educativo<\/strong>. En \u00e9l se plasma el modelo educativo y la concreci\u00f3n de la normativa que un centro realiza respecto a las ense\u00f1anzas que imparte. Aspectos tales como las finalidades educativas, objetivos, atenci\u00f3n a la diversidad, etc.<\/em><\/p>\n<p><em> A continuaci\u00f3n, presentamos todos los documentos actualizados del curso 2024-2025<\/em><\/p>\n<ul style=\"list-style-type: circle\">\n<li><strong><span style=\"color: #3366ff\"><a style=\"color: #3366ff\" href=\"https:\/\/blogsaverroes.juntadeandalucia.es\/ceipsanjosedepalmete\/files\/2024\/12\/Proyecto-Educativo-24-25.pdf\"><span style=\"color: #339966\">Proyecto-Educativo-24-25<\/span><\/a><\/span><\/strong><\/li>\n<li><span style=\"color: #339966\"><strong><a style=\"color: #339966\" href=\"https:\/\/blogsaverroes.juntadeandalucia.es\/ceipsanjosedepalmete\/files\/2024\/12\/REGLAMENTO-DE-ORGANIZACION-Y-FUNCIONAMIENTO.docx-curso-24-25.pdf\">Reglamento de Organizaci\u00f3n y Funcionamiento- 24-25<\/a><\/strong><\/span><\/li>\n<\/ul>\n<p><strong><span style=\"color: #000000\">PROGRAMACI\u00d3N DID\u00c1CTICAS INFANTIL CURSO 2024-2025<\/span><\/strong><\/p>\n<ul>\n<li><strong><span style=\"color: #339966\"><a style=\"color: #339966\" href=\"https:\/\/blogsaverroes.juntadeandalucia.es\/ceipsanjosedepalmete\/files\/2024\/12\/Programacion-E.-Infantil-Creciendo-en-Armonia.pdf\">Programaci\u00f3n Creciendo en Armon\u00eda<\/a><\/span><\/strong><\/li>\n<li><strong><span style=\"color: #339966\"><a style=\"color: #339966\" href=\"https:\/\/blogsaverroes.juntadeandalucia.es\/ceipsanjosedepalmete\/files\/2024\/12\/Programacion-E.Infantil-Comunicacion-y-Representacion-de-la-Realidad.pdf\">Programaci\u00f3n Comunicaci\u00f3n y Representaci\u00f3n de la Realidad<\/a><\/span><\/strong><\/li>\n<li><strong><span style=\"color: #339966\"><a style=\"color: #339966\" href=\"https:\/\/blogsaverroes.juntadeandalucia.es\/ceipsanjosedepalmete\/files\/2024\/12\/Programacion-E.Infantil-Exploracion-del-entorno.pdf\">Programaci\u00f3n Exploraci\u00f3n del entorno<\/a><\/span><\/strong><\/li>\n<li><strong><span style=\"color: #339966\"><a style=\"color: #339966\" href=\"https:\/\/blogsaverroes.juntadeandalucia.es\/ceipsanjosedepalmete\/files\/2024\/12\/Programacion-E.Infantil-Religion.pdf\">Programaci\u00f3n Religi\u00f3n<\/a><\/span><\/strong><\/li>\n<\/ul>\n<p><strong>PROGRAMACIONES DID\u00c1CTICAS PRIMARIA CURSO 2024-2025<\/strong><\/p>\n<ul>\n<li><strong><span style=\"color: #339966\"><a style=\"color: #339966\" href=\"https:\/\/blogsaverroes.juntadeandalucia.es\/ceipsanjosedepalmete\/files\/2024\/12\/Programacion-Matematicas-24-25.pdf\">Programaci\u00f3n Matem\u00e1ticas<\/a>&nbsp; <\/span><\/strong><\/li>\n<li><strong><span style=\"color: #339966\"><a style=\"color: #339966\" href=\"https:\/\/blogsaverroes.juntadeandalucia.es\/ceipsanjosedepalmete\/files\/2024\/12\/Programacion-Lengua-Castellana-y-Literatura-24-25.pdf\">Programaci\u00f3n Lengua Castellana y Literatura<\/a><\/span><\/strong><\/li>\n<li><strong><span style=\"color: #339966\"><a style=\"color: #339966\" href=\"https:\/\/blogsaverroes.juntadeandalucia.es\/ceipsanjosedepalmete\/files\/2024\/12\/Programacion-Ingles-24-25.pdf\">Programaci\u00f3n Ingl\u00e9s<\/a><\/span><\/strong><\/li>\n<li><strong><span style=\"color: #339966\"><a style=\"color: #339966\" href=\"https:\/\/blogsaverroes.juntadeandalucia.es\/ceipsanjosedepalmete\/files\/2024\/12\/Programacion-Prima.-Conocimiento-del-Medio-Natural-Social-y-Cultural-24-25.pdf\">Programaci\u00f3n Conocimiento del Medio Natural Social y Cultural<\/a><\/span><\/strong><\/li>\n<li><strong><span style=\"color: #339966\"><a style=\"color: #339966\" href=\"https:\/\/blogsaverroes.juntadeandalucia.es\/ceipsanjosedepalmete\/files\/2024\/12\/Programacion-Educacion-Fisica-24-25.pdf\">Programaci\u00f3n Educaci\u00f3n F\u00edsica<\/a><\/span><\/strong><\/li>\n<li><strong><span style=\"color: #339966\"><a style=\"color: #339966\" href=\"https:\/\/blogsaverroes.juntadeandalucia.es\/ceipsanjosedepalmete\/files\/2024\/12\/Programacion-Educacion-Artistica-24-25.pdf\">Programaci\u00f3n Educaci\u00f3n Art\u00edstica<\/a><\/span><\/strong><\/li>\n<li><strong><span style=\"color: #339966\"><a style=\"color: #339966\" href=\"https:\/\/blogsaverroes.juntadeandalucia.es\/ceipsanjosedepalmete\/files\/2024\/12\/Programacion-Frances-24-25.pdf\">Programaci\u00f3n Franc\u00e9s <\/a><\/span><\/strong><\/li>\n<li><strong><span style=\"color: #339966\"><a style=\"color: #339966\" href=\"https:\/\/blogsaverroes.juntadeandalucia.es\/ceipsanjosedepalmete\/files\/2024\/12\/Programacion-Religion-Catolica-24-25.pdf\">Programaci\u00f3n Religi\u00f3n Cat\u00f3lica<\/a><\/span><\/strong><\/li>\n<li><strong><span style=\"color: #339966\"><a style=\"color: #339966\" href=\"https:\/\/blogsaverroes.juntadeandalucia.es\/ceipsanjosedepalmete\/files\/2024\/12\/Programacion-Educacion-en-Valores-Civicos-y-Eticos-24-25.pdf\">Programaci\u00f3n Educaci\u00f3n en Valores C\u00edvicos y \u00c9ticos<\/a><\/span><\/strong><\/li>\n<\/ul>\n<p><span style=\"color: #000000\"><strong>ANEXOS:<\/strong><\/span><\/p>\n<ul>\n<li><strong><span style=\"color: #339966\">Anexo I <a style=\"color: #339966\" href=\"https:\/\/blogsaverroes.juntadeandalucia.es\/ceipsanjosedepalmete\/files\/2024\/12\/PROYECTO-DE-GESTION-CEIP-SAN-JOSE-DE-PALMETE-24-25.pdf\">Proyecto de Gesti\u00f3n <\/a><\/span><\/strong><\/li>\n<li><strong><span style=\"color: #339966\">Anexo II- Perfil de \u00e1rea-competencia. Se generan en S\u00e9neca<\/span><\/strong><\/li>\n<li><span style=\"color: #339966\"><strong><span style=\"color: #339966\">Anexo III<\/span> <a style=\"color: #339966\" href=\"https:\/\/blogsaverroes.juntadeandalucia.es\/ceipsanjosedepalmete\/files\/2024\/12\/PROGRAMACION-DE-ATENCION-EDUCATIVA.pdf\">Programa de atenci\u00f3n Educativa<\/a><\/strong><\/span><\/li>\n<li><span style=\"color: #339966\"><strong><span style=\"color: #339966\">Anexo IV <\/span><a style=\"color: #339966\" href=\"https:\/\/blogsaverroes.juntadeandalucia.es\/ceipsanjosedepalmete\/files\/2023\/11\/Protocolo-general-ola-calor-altas-temperaturas.pdf\">Protocolo general ola calor altas temperaturas<\/a><\/strong><\/span><\/li>\n<li><strong><span style=\"color: #333399\"><span style=\"color: #339966\"><a style=\"color: #339966\" href=\"https:\/\/blogsaverroes.juntadeandalucia.es\/ceipsanjosedepalmete\/files\/2023\/11\/Anexo_VI_infiorme_del_profesor_de_apoyo.pdf\">Anexo VI I<\/a><a style=\"color: #339966\" href=\"https:\/\/blogsaverroes.juntadeandalucia.es\/ceipsanjosedepalmete\/files\/2024\/12\/Anexo_VI_infiorme_del_profesor-tutor_de_apoyo-24-25.pdf\">nforme del profesor tutor de apoyo <\/a><\/span><\/span><\/strong><\/li>\n<li><strong><span style=\"color: #333399\"><span style=\"color: #339966\"><a style=\"color: #339966\" href=\"https:\/\/blogsaverroes.juntadeandalucia.es\/ceipsanjosedepalmete\/files\/2023\/11\/2023-24-PLAN-DE-APOYO-Y-REFUERZO.pdf\">Anexo VII <\/a><a style=\"color: #339966\" href=\"https:\/\/blogsaverroes.juntadeandalucia.es\/ceipsanjosedepalmete\/files\/2024\/12\/2024-25-PLAN-DE-APOYO-Y-REFUERZO.pdf\">&nbsp;Plan de Apoyo y Refuerzo<\/a><\/span><\/span><\/strong><\/li>\n<li><span style=\"color: #339966\"><a style=\"color: #339966\" href=\"https:\/\/blogsaverroes.juntadeandalucia.es\/ceipsanjosedepalmete\/files\/2015\/03\/Anexo_VIII_Plan_de_orientacion_a_y_t.pdf\" target=\"_blank\" rel=\"noopener noreferrer\"><strong><span style=\"color: #339966\">Anexo VIII<\/span><\/strong>&nbsp;<\/a><strong><a style=\"color: #339966\" href=\"https:\/\/blogsaverroes.juntadeandalucia.es\/ceipsanjosedepalmete\/files\/2023\/01\/Anexo_VIII_Plan_de_orientacion_a_y_t.pdf\">Plan de Orientaci\u00f3n y Acci\u00f3n tutorial&nbsp;<\/a><\/strong><\/span><\/li>\n<li><strong><span style=\"color: #339966\">Anexo IX <a style=\"color: #339966\" href=\"https:\/\/blogsaverroes.juntadeandalucia.es\/ceipsanjosedepalmete\/files\/2024\/12\/24-25-Anexo_IX_Plan_de_convivencia-1.pdf\">Plan de convivencia <\/a><\/span><\/strong><\/li>\n<li><strong><span style=\"color: #333399\"><span style=\"color: #339966\"><a style=\"color: #339966\" href=\"https:\/\/blogsaverroes.juntadeandalucia.es\/ceipsanjosedepalmete\/files\/2021\/10\/Anexo_X_Plan_de_apertura.pdf\">Anexo X <\/a><a style=\"color: #339966\" href=\"https:\/\/blogsaverroes.juntadeandalucia.es\/ceipsanjosedepalmete\/files\/2024\/12\/PLAN-DE-APERTURA.docx-2024-25.pdf\">Plan de Apertura<\/a><\/span><\/span><\/strong><\/li>\n<li><span style=\"color: #339966\"><strong><a style=\"color: #339966\" href=\"https:\/\/blogsaverroes.juntadeandalucia.es\/ceipsanjosedepalmete\/files\/2020\/11\/Anexo_XI_Programa_de_acompanamiento.pdf\" target=\"_blank\" rel=\"noopener noreferrer\">Anexo XI <\/a><a style=\"color: #339966\" href=\"https:\/\/blogsaverroes.juntadeandalucia.es\/ceipsanjosedepalmete\/files\/2023\/11\/Anexo_XI_Programa_de_acompanamiento.pdf\">Programa de acompa\u00f1amiento<\/a><\/strong><\/span><\/li>\n<li><strong><span style=\"color: #339966\">Anexo XII <a style=\"color: #339966\" href=\"https:\/\/blogsaverroes.juntadeandalucia.es\/ceipsanjosedepalmete\/files\/2024\/12\/Anexo_XII_Plan_de_Compensacion_Educativa-2024-25.pdf\">Plan de Compensaci\u00f3n Educativa<\/a><\/span><\/strong><\/li>\n<li><strong><span style=\"color: #339966\">Anexo XIII <a style=\"color: #339966\" href=\"https:\/\/blogsaverroes.juntadeandalucia.es\/ceipsanjosedepalmete\/files\/2024\/12\/PROYECTO-TDE-2024-25-CEIP-SAN-JOSE-DE-PALMETE.pdf\">Proyecto-TDE<\/a><\/span><\/strong><\/li>\n<li><span style=\"color: #333399\"><strong><span style=\"color: #339966\"><a style=\"color: #339966\" href=\"https:\/\/blogsaverroes.juntadeandalucia.es\/ceipsanjosedepalmete\/files\/2021\/10\/Anexo_XIV_Plan_Lector_y_uso_de_la_-Biblioteca-21-22.pdf\">Anexo XIV <\/a><a style=\"color: #339966\" href=\"https:\/\/blogsaverroes.juntadeandalucia.es\/ceipsanjosedepalmete\/files\/2024\/12\/Anexo_XIV_Plan_Lector_y_uso_de_la_-Biblioteca-24-25.pdf\">Plan Lector y uso de la Biblioteca<\/a><\/span><\/strong><\/span><\/li>\n<li><span style=\"color: #339966\"><strong><a style=\"color: #339966\" href=\"https:\/\/blogsaverroes.juntadeandalucia.es\/ceipsanjosedepalmete\/files\/2015\/03\/Anexo_XVI_Proyecto_cima.pdf\" target=\"_blank\" rel=\"noopener noreferrer\">Anexo XVI&nbsp; Proyecto CIMA<\/a><\/strong><\/span><\/li>\n<li><span style=\"color: #339966\"><strong><a style=\"color: #339966\" href=\"https:\/\/blogsaverroes.juntadeandalucia.es\/ceipsanjosedepalmete\/proyecto-linguistico\/\" target=\"_blank\" rel=\"noopener noreferrer\">Anexo XVII Proyecto Ling\u00fc\u00edstico<\/a><\/strong><\/span><\/li>\n<li><span style=\"color: #333399\"><strong><a style=\"color: #333399\" href=\"https:\/\/blogsaverroes.juntadeandalucia.es\/ceipsanjosedepalmete\/files\/2021\/11\/Anexo_XVIII-Plan-de-Igualdad-21-22.pdf\">Anexo XVIII <\/a><a style=\"color: #333399\" href=\"https:\/\/blogsaverroes.juntadeandalucia.es\/ceipsanjosedepalmete\/files\/2023\/11\/Plan-de-Igualdad-2023-2024.pdf\">Plan de Igualdad <\/a> <\/strong><\/span><\/li>\n<li><span style=\"color: #333399\"><strong><span style=\"color: #339966\"><a style=\"color: #339966\" href=\"https:\/\/blogsaverroes.juntadeandalucia.es\/ceipsanjosedepalmete\/files\/2021\/09\/20-09-2021-PROTOCOLO-DE-ACTUACION-COVID-19.pdf\">Anexo XIX <\/a><a style=\"color: #339966\" href=\"https:\/\/blogsaverroes.juntadeandalucia.es\/ceipsanjosedepalmete\/files\/2024\/12\/24-25-PLAN-DE-AUTOPROTECCION.pdf\">Plan de Autoprotecci\u00f3n<\/a><\/span><\/strong><\/span><\/li>\n<li><strong><span style=\"color: #339966\">Anexo XX <\/span><\/strong><a href=\"https:\/\/blogsaverroes.juntadeandalucia.es\/ceipsanjosedepalmete\/files\/2024\/12\/Plan-de-actuacion-Digital-2024-2025.pdf\"><strong><span style=\"color: #339966\">Plan de actuaci\u00f3n Digital<\/span><\/strong><\/a><\/li>\n<li><strong><span style=\"color: #339966\"><a style=\"color: #339966\" href=\"https:\/\/blogsaverroes.juntadeandalucia.es\/ceipsanjosedepalmete\/files\/2024\/12\/PLAN-DE-FORMACION-DEL-PROFESORADO-CEIP-SAN-JOSE-DE-PALMETE-2024-2025.pdf\">Anexo XXI Plan de Formaci\u00f3n del Profesorado <\/a><\/span><\/strong><\/li>\n<\/ul>\n","protected":false},"excerpt":{"rendered":"<p>Un centro se define en gran medida por su Proyecto Educativo. En \u00e9l se plasma el modelo educativo y la concreci\u00f3n de la normativa que un centro realiza respecto a las ense\u00f1anzas que imparte.&#46;&#46;&#46;<\/p>\n","protected":false},"author":1,"featured_media":0,"parent":0,"menu_order":0,"comment_status":"closed","ping_status":"open","template":"","meta":{"ngg_post_thumbnail":0,"footnotes":"","_mc_calendar":[]},"aioseo_notices":[],"_links":{"self":[{"href":"https:\/\/blogsaverroes.juntadeandalucia.es\/ceipsanjosedepalmete\/wp-json\/wp\/v2\/pages\/49"}],"collection":[{"href":"https:\/\/blogsaverroes.juntadeandalucia.es\/ceipsanjosedepalmete\/wp-json\/wp\/v2\/pages"}],"about":[{"href":"https:\/\/blogsaverroes.juntadeandalucia.es\/ceipsanjosedepalmete\/wp-json\/wp\/v2\/types\/page"}],"author":[{"embeddable":true,"href":"https:\/\/blogsaverroes.juntadeandalucia.es\/ceipsanjosedepalmete\/wp-json\/wp\/v2\/users\/1"}],"replies":[{"embeddable":true,"href":"https:\/\/blogsaverroes.juntadeandalucia.es\/ceipsanjosedepalmete\/wp-json\/wp\/v2\/comments?post=49"}],"version-history":[{"count":160,"href":"https:\/\/blogsaverroes.juntadeandalucia.es\/ceipsanjosedepalmete\/wp-json\/wp\/v2\/pages\/49\/revisions"}],"predecessor-version":[{"id":11382,"href":"https:\/\/blogsaverroes.juntadeandalucia.es\/ceipsanjosedepalmete\/wp-json\/wp\/v2\/pages\/49\/revisions\/11382"}],"wp:attachment":[{"href":"https:\/\/blogsaverroes.juntadeandalucia.es\/ceipsanjosedepalmete\/wp-json\/wp\/v2\/media?parent=49"}],"curies":[{"name":"wp","href":"https:\/\/api.w.org\/{rel}","templated":true}]}}