{"id":6343,"date":"2016-10-12T15:36:57","date_gmt":"2016-10-12T13:36:57","guid":{"rendered":"http:\/\/blogsaverroes.juntadeandalucia.es\/ceipsanjosedepalmete\/?page_id=6343"},"modified":"2021-03-12T19:59:11","modified_gmt":"2021-03-12T18:59:11","slug":"el-barrio","status":"publish","type":"page","link":"https:\/\/blogsaverroes.juntadeandalucia.es\/ceipsanjosedepalmete\/el-barrio\/","title":{"rendered":"Nuestro barrio"},"content":{"rendered":"<ul>\n<li><a title=\"Fotos antiguas del barrio de Palmete\" href=\"https:\/\/blogsaverroes.juntadeandalucia.es\/ceipsanjosedepalmete\/fotos-antiguas-del-barrio-de-palmete\/\" target=\"_blank\" rel=\"noopener noreferrer\">Fotos hist\u00f3ricas del Barrio de Palmete.<\/a><\/li>\n<li><a href=\"https:\/\/get.google.com\/albumarchive\/113424179771746513082\/album\/AF1QipPQmMELoQljxwWD82edc9fhhQEPPd5nqgsPEdZS\" target=\"_blank\" rel=\"noopener noreferrer\">Fotos a\u00e9reas del CEIP San Jos\u00e9 de Palmete<\/a><\/li>\n<li><a href=\"https:\/\/www.youtube.com\/watch?v=9NWenWYsA20\" target=\"_blank\" rel=\"noopener noreferrer\">Historia de la construcci\u00f3n del barrio de San Jos\u00e9 de Palmete de Sevilla (Manuel \u00c1ngel Rom\u00e1n-Naranjo Romero)<\/a><\/li>\n<li><a href=\"http:\/\/educapalmete.blogspot.com.es\/\" target=\"_blank\" rel=\"noopener noreferrer\">Blog: Actiaciones Socioeducativas en San Jos\u00e9 de Palmete<\/a><\/li>\n<\/ul>\n<p><iframe loading=\"lazy\" src=\"https:\/\/www.google.com\/maps\/embed?pb=!1m18!1m12!1m3!1d3170.720143740609!2d-5.929706984693847!3d37.372798279834534!2m3!1f0!2f0!3f0!3m2!1i1024!2i768!4f13.1!3m3!1m2!1s0xd126f1a63685081%3A0xe7b26ada04405a5e!2sColegio+de+Educaci%C3%B3n+Infantil+y+Primaria+San+Jos%C3%A9+de+Palmete!5e0!3m2!1ses!2ses!4v1476283316706\" width=\"600\" height=\"450\" frameborder=\"0\"><\/iframe><\/p>\n<p>&nbsp;<\/p>\n<div class=\"titulos\" align=\"left\">\n<h3>Historia del barrio de Palmete<\/h3>\n<p class=\"subtitulo\">Hemos de decir que Palmete es una barriada configurada por San Jos\u00e9 de Palmete, Doctora Este, Doctora Oeste, Padre P\u00edo y la Negrilla.<\/p>\n<p class=\"subtitulo\">Tiene una extensi\u00f3n, incluido Padre Pio y seg\u00fan la Gerencia de Urbanismo, de 2.204 Ha. Se encuentra situada al S.E. de Sevilla y limita geogr\u00e1ficamente:<\/p>\n<p class=\"subtitulo\">-Al norte, con la red ferroviaria y la Estaci\u00f3n de Contenedores.<\/p>\n<p class=\"subtitulo\">-Al sur, con la Ctra. nueva de conexi\u00f3n N-334 y N-4.<\/p>\n<p class=\"subtitulo\">-Al oeste con la barriada de Padre P\u00edo.<\/p>\n<p class=\"subtitulo\">-Al este por el Pol\u00edgono Industrial El Pino.<\/p>\n<p class=\"subtitulo\">La barriada de Palmete forma parte del Distrito Este; son tres zonas separadas por distintas carreteras, por el Canal de la Ranilla y por espacios abiertos. La Doctora est\u00e1 separada de S. Jos\u00e9 de Palmete por el Canal de la Ranilla y se encuentra dividida en la Doctora Este y Doctora Oeste por la estaci\u00f3n ferroviaria.<\/p>\n<p class=\"subtitulo\">Los comienzos de Palmete hay que situarlos en las emigraciones producidas en la d\u00e9cada de los 60; migraciones de zonas rurales a urbanas atra\u00eddas por el \u00abenga\u00f1oso\u00bb esplendor de la ciudad.<\/p>\n<p class=\"subtitulo\">La barriada de Palmete nace en la periferia de Sevilla en la zona S.E. en unos terrenos colindantes a la depuradora Ranilla y a la futura estaci\u00f3n de contenedores de R.E.N.F.E. Estos terrenos de labranza propiedad de la familia Torr\u00e1s Calvi son parcelados y vendidos como parcelas urbanas; irregular desde sus comienzos puesto que eran terrenos r\u00fasticos y por lo tanto sin proyecto de urbanizaci\u00f3n y sin las autorizaciones correspondientes.<\/p>\n<p class=\"subtitulo\">Este asentamiento, en sus comienzos (a\u00f1os 1.965-66) casas aisladas y construidas por los mismos propietarios (ya que la mayor\u00eda proced\u00eda del mundo de la construcci\u00f3n), queda amenazado de expropiaci\u00f3n por la ilegalidad de la parcelaci\u00f3n de los terrenos y pendiente de negociaci\u00f3n entre el Instituto Nacional de Urbanismo y los propietarios.<\/p>\n<p class=\"subtitulo\">En 1.970 Palmete ya tiene forma de barrio, con una poblaci\u00f3n aproximada de unas 250 familias, pero sin estructura urbana.<\/p>\n<p class=\"subtitulo\">La ausencia de una planificaci\u00f3n urban\u00edstica implica la carencia de tendido el\u00e9ctrico, acerado, alcantarillado, distribuci\u00f3n de agua, recogida de basura, red vial, etc..<\/p>\n<p class=\"subtitulo\">A partir del a\u00f1o 1.970 las barriadas de S. Jos\u00e9 de Palmete, la Doctora (Este y Oeste) y la Negrilla comienzan sus reivindicaciones para urbanizaci\u00f3n y normalizaci\u00f3n de la barriada.<\/p>\n<p class=\"subtitulo\">Hasta 1.974 no existe compromiso por parte de Torr\u00e1s Calvi de distribuci\u00f3n de aguas. En S. Jos\u00e9 de Palmete se abastec\u00edan por medio de camiones cisternas previo pago. En la Doctora y la Negrilla no llegaba de esta forma, sino a trav\u00e9s del Cuerpo de Bomberos y de forma gratuita.<\/p>\n<p class=\"subtitulo\">En el transcurso de los a\u00f1os 75-76 estas barriadas, que ya dispon\u00edan de instalaciones provisionales de agua, la siguen obteniendo a trav\u00e9s de cubas. Se hacen peticiones para legalizar las parcelas, implantaci\u00f3n de tendido el\u00e9ctrico y reducci\u00f3n de la contribuciones especiales por parte de los vecinos.<\/p>\n<p class=\"subtitulo\">En 1.977 comienzan las obras de acceso a las barriadas en las que se incluyen la Pasarela que cruza el Canal de la Ranilla, financiada en \u00faltimo momento por la aportaci\u00f3n econ\u00f3mica de los vecinos.<\/p>\n<p class=\"subtitulo\">De igual modo las Entidades Vecinales reivindican la pavimentaci\u00f3n de las calles, edificaci\u00f3n de colegios p\u00fablicos as\u00ed como la construcci\u00f3n de un Ambulatorio que atienda a toda la barriada.<\/p>\n<p class=\"subtitulo\">Peticiones como \u00e9stas se fueron concediendo a trav\u00e9s de los a\u00f1os y otras se siguen demandando en la actualidad como: zonas verdes, plazas, Instituto de Formaci\u00f3n Profesional, Centro C\u00edvico, mejora del acerado etc. En 1.994 se cre\u00f3 en el barrio un Centro M\u00e9dico.<\/p>\n<p class=\"subtitulo\">La disposici\u00f3n de algunas calles son un tanto an\u00e1rquicas, ya que las casas se han ido creando sin ning\u00fan tipo de planificaci\u00f3n, o se han ido distribuyendo los terrenos en peque\u00f1as parcelas. Estas viviendas son en su mayor\u00eca autoconstru\u00eddas y poco a poco se han ido mejorando a lo largo de los a\u00f1os.<\/p>\n<p class=\"subtitulo\">Los barrios circundantes se construyen m\u00e1s adelante de forma planificada, como por ejemplo Juan XXIII, estando dotado por lo tanto de una mayor infraestructura.<\/p>\n<p class=\"subtitulo\">En general, se puede decir que estos barrios se han ido construyendo sin ninguna planificaci\u00f3n urban\u00edstica, careciendo por lo tanto de una infraestructura y recursos necesarios para que se d\u00e9 un desarrollo adecuado de la zona. Muchos de los servicios y dotaciones que hoy en d\u00eda tienen han sido gracias a la lucha y a las reivindicaciones de los vecinos que se han unido para conseguirlos.<\/p>\n<\/div>\n","protected":false},"excerpt":{"rendered":"<p>Fotos hist\u00f3ricas del Barrio de Palmete. Fotos a\u00e9reas del CEIP San Jos\u00e9 de Palmete Historia de la construcci\u00f3n del barrio de San Jos\u00e9 de Palmete de Sevilla (Manuel \u00c1ngel Rom\u00e1n-Naranjo Romero) Blog: Actiaciones Socioeducativas&#46;&#46;&#46;<\/p>\n","protected":false},"author":2168,"featured_media":0,"parent":0,"menu_order":0,"comment_status":"open","ping_status":"open","template":"","meta":{"ngg_post_thumbnail":0,"footnotes":"","_mc_calendar":[]},"aioseo_notices":[],"_links":{"self":[{"href":"https:\/\/blogsaverroes.juntadeandalucia.es\/ceipsanjosedepalmete\/wp-json\/wp\/v2\/pages\/6343"}],"collection":[{"href":"https:\/\/blogsaverroes.juntadeandalucia.es\/ceipsanjosedepalmete\/wp-json\/wp\/v2\/pages"}],"about":[{"href":"https:\/\/blogsaverroes.juntadeandalucia.es\/ceipsanjosedepalmete\/wp-json\/wp\/v2\/types\/page"}],"author":[{"embeddable":true,"href":"https:\/\/blogsaverroes.juntadeandalucia.es\/ceipsanjosedepalmete\/wp-json\/wp\/v2\/users\/2168"}],"replies":[{"embeddable":true,"href":"https:\/\/blogsaverroes.juntadeandalucia.es\/ceipsanjosedepalmete\/wp-json\/wp\/v2\/comments?post=6343"}],"version-history":[{"count":13,"href":"https:\/\/blogsaverroes.juntadeandalucia.es\/ceipsanjosedepalmete\/wp-json\/wp\/v2\/pages\/6343\/revisions"}],"predecessor-version":[{"id":9968,"href":"https:\/\/blogsaverroes.juntadeandalucia.es\/ceipsanjosedepalmete\/wp-json\/wp\/v2\/pages\/6343\/revisions\/9968"}],"wp:attachment":[{"href":"https:\/\/blogsaverroes.juntadeandalucia.es\/ceipsanjosedepalmete\/wp-json\/wp\/v2\/media?parent=6343"}],"curies":[{"name":"wp","href":"https:\/\/api.w.org\/{rel}","templated":true}]}}