{"id":6578,"date":"2017-03-09T10:24:58","date_gmt":"2017-03-09T09:24:58","guid":{"rendered":"http:\/\/blogsaverroes.juntadeandalucia.es\/ceipsanjosedepalmete\/?page_id=6578"},"modified":"2017-03-09T10:24:58","modified_gmt":"2017-03-09T09:24:58","slug":"celebracion-del-dia-de-andalucia","status":"publish","type":"page","link":"https:\/\/blogsaverroes.juntadeandalucia.es\/ceipsanjosedepalmete\/fotos-curso-2016-2017\/celebracion-del-dia-de-andalucia\/","title":{"rendered":"Celebraci\u00f3n del d\u00eda de Andaluc\u00eda"},"content":{"rendered":"<p>CURSO 2016-2017<\/p>\nngg_shortcode_0_placeholder\n","protected":false},"excerpt":{"rendered":"<p>CURSO 2016-2017 \u00bb order_by=\u00bbsortorder\u00bb order_direction=\u00bbASC\u00bb returns=\u00bbincluded\u00bb maximum_entity_count=\u00bb500&#8243;]<\/p>\n","protected":false},"author":2168,"featured_media":0,"parent":6318,"menu_order":0,"comment_status":"closed","ping_status":"closed","template":"","meta":{"ngg_post_thumbnail":0,"footnotes":"","_mc_calendar":[]},"aioseo_notices":[],"_links":{"self":[{"href":"https:\/\/blogsaverroes.juntadeandalucia.es\/ceipsanjosedepalmete\/wp-json\/wp\/v2\/pages\/6578"}],"collection":[{"href":"https:\/\/blogsaverroes.juntadeandalucia.es\/ceipsanjosedepalmete\/wp-json\/wp\/v2\/pages"}],"about":[{"href":"https:\/\/blogsaverroes.juntadeandalucia.es\/ceipsanjosedepalmete\/wp-json\/wp\/v2\/types\/page"}],"author":[{"embeddable":true,"href":"https:\/\/blogsaverroes.juntadeandalucia.es\/ceipsanjosedepalmete\/wp-json\/wp\/v2\/users\/2168"}],"replies":[{"embeddable":true,"href":"https:\/\/blogsaverroes.juntadeandalucia.es\/ceipsanjosedepalmete\/wp-json\/wp\/v2\/comments?post=6578"}],"version-history":[{"count":1,"href":"https:\/\/blogsaverroes.juntadeandalucia.es\/ceipsanjosedepalmete\/wp-json\/wp\/v2\/pages\/6578\/revisions"}],"predecessor-version":[{"id":6735,"href":"https:\/\/blogsaverroes.juntadeandalucia.es\/ceipsanjosedepalmete\/wp-json\/wp\/v2\/pages\/6578\/revisions\/6735"}],"up":[{"embeddable":true,"href":"https:\/\/blogsaverroes.juntadeandalucia.es\/ceipsanjosedepalmete\/wp-json\/wp\/v2\/pages\/6318"}],"wp:attachment":[{"href":"https:\/\/blogsaverroes.juntadeandalucia.es\/ceipsanjosedepalmete\/wp-json\/wp\/v2\/media?parent=6578"}],"curies":[{"name":"wp","href":"https:\/\/api.w.org\/{rel}","templated":true}]}}