{"id":9446,"date":"2019-05-27T20:15:38","date_gmt":"2019-05-27T18:15:38","guid":{"rendered":"https:\/\/blogsaverroes.juntadeandalucia.es\/ceipsanjosedepalmete\/?page_id=9446"},"modified":"2019-05-27T21:08:41","modified_gmt":"2019-05-27T19:08:41","slug":"exhibicion-de-la-policia-nacional-en-el-benito-villamarin","status":"publish","type":"page","link":"https:\/\/blogsaverroes.juntadeandalucia.es\/ceipsanjosedepalmete\/fotos-curso-2018-2019\/exhibicion-de-la-policia-nacional-en-el-benito-villamarin\/","title":{"rendered":"Exhibici\u00f3n de la Polic\u00eda Nacional en el Benito Villamar\u00edn"},"content":{"rendered":"<h3>CURSO 2018-19<\/h3>\nngg_shortcode_0_placeholder\n<p>&nbsp;<\/p>\n<p>En v\u00eddeo:<\/p>\n<p><iframe loading=\"lazy\" src=\"https:\/\/www.youtube.com\/embed\/am692wqRCx8\" width=\"560\" height=\"315\" frameborder=\"0\"><\/iframe><\/p>\n","protected":false},"excerpt":{"rendered":"<p>CURSO 2018-19 \u00bb order_by=\u00bbsortorder\u00bb order_direction=\u00bbASC\u00bb returns=\u00bbincluded\u00bb maximum_entity_count=\u00bb500&#8243;] &nbsp; En v\u00eddeo:<\/p>\n","protected":false},"author":2168,"featured_media":0,"parent":8889,"menu_order":0,"comment_status":"closed","ping_status":"closed","template":"","meta":{"ngg_post_thumbnail":0,"footnotes":"","_mc_calendar":[]},"aioseo_notices":[],"_links":{"self":[{"href":"https:\/\/blogsaverroes.juntadeandalucia.es\/ceipsanjosedepalmete\/wp-json\/wp\/v2\/pages\/9446"}],"collection":[{"href":"https:\/\/blogsaverroes.juntadeandalucia.es\/ceipsanjosedepalmete\/wp-json\/wp\/v2\/pages"}],"about":[{"href":"https:\/\/blogsaverroes.juntadeandalucia.es\/ceipsanjosedepalmete\/wp-json\/wp\/v2\/types\/page"}],"author":[{"embeddable":true,"href":"https:\/\/blogsaverroes.juntadeandalucia.es\/ceipsanjosedepalmete\/wp-json\/wp\/v2\/users\/2168"}],"replies":[{"embeddable":true,"href":"https:\/\/blogsaverroes.juntadeandalucia.es\/ceipsanjosedepalmete\/wp-json\/wp\/v2\/comments?post=9446"}],"version-history":[{"count":3,"href":"https:\/\/blogsaverroes.juntadeandalucia.es\/ceipsanjosedepalmete\/wp-json\/wp\/v2\/pages\/9446\/revisions"}],"predecessor-version":[{"id":9450,"href":"https:\/\/blogsaverroes.juntadeandalucia.es\/ceipsanjosedepalmete\/wp-json\/wp\/v2\/pages\/9446\/revisions\/9450"}],"up":[{"embeddable":true,"href":"https:\/\/blogsaverroes.juntadeandalucia.es\/ceipsanjosedepalmete\/wp-json\/wp\/v2\/pages\/8889"}],"wp:attachment":[{"href":"https:\/\/blogsaverroes.juntadeandalucia.es\/ceipsanjosedepalmete\/wp-json\/wp\/v2\/media?parent=9446"}],"curies":[{"name":"wp","href":"https:\/\/api.w.org\/{rel}","templated":true}]}}