{"id":99,"date":"2015-03-16T07:22:54","date_gmt":"2015-03-16T07:22:54","guid":{"rendered":"http:\/\/blogsaverroes.juntadeandalucia.es\/pre\/ceip\/?page_id=99"},"modified":"2020-11-23T09:06:09","modified_gmt":"2020-11-23T08:06:09","slug":"comedor-escolar","status":"publish","type":"page","link":"https:\/\/blogsaverroes.juntadeandalucia.es\/ceipsanjosedepalmete\/comedor-escolar\/","title":{"rendered":"Comedor escolar"},"content":{"rendered":"<h4><img loading=\"lazy\" decoding=\"async\" class=\"size-full wp-image-538 aligncenter\" src=\"https:\/\/blogsaverroes.juntadeandalucia.es\/ceipsanjosedepalmete\/files\/2014\/12\/comida.jpg\" alt=\"\" width=\"709\" height=\"411\" srcset=\"https:\/\/blogsaverroes.juntadeandalucia.es\/ceipsanjosedepalmete\/files\/2014\/12\/comida.jpg 709w, https:\/\/blogsaverroes.juntadeandalucia.es\/ceipsanjosedepalmete\/files\/2014\/12\/comida-300x174.jpg 300w, https:\/\/blogsaverroes.juntadeandalucia.es\/ceipsanjosedepalmete\/files\/2014\/12\/comida-700x406.jpg 700w, https:\/\/blogsaverroes.juntadeandalucia.es\/ceipsanjosedepalmete\/files\/2014\/12\/comida-332x192.jpg 332w\" sizes=\"(max-width: 709px) 100vw, 709px\" \/><\/h4>\n<p>Los comedores escolares son un servicio complementario que resulta de gran utilidad a padres y madres para ayudarles a&nbsp;conciliar la vida laboral y familiar. Tienen una duraci\u00f3n de hasta dos horas desde que acaba la jornada escolar de la ma\u00f1ana (de 14.00 a 16.00 horas).<\/p>\n<p>Los comedores son adem\u00e1s una pieza importante&nbsp;en todas las medidas dirigidas a mejorar los h\u00e1bitos alimenticios de los ni\u00f1os y ni\u00f1as y prevenir problemas de salud como la obesidad.<\/p>\n<p>Los comedores escolares de los centros p\u00fablicos andaluces promueven una alimentaci\u00f3n saludable que est\u00e1 supervisada por nutricionistas y que, entre otros aspectos, se caracteriza por:<\/p>\n<ul>\n<li>Una mayor proporci\u00f3n de verdura en los men\u00fas<\/li>\n<li>Fruta fresca como postre al menos cuatro d\u00edas a la semana<\/li>\n<li>Uso de aceite de oliva virgen extra<\/li>\n<li>M\u00e1s pescado que carne, que debe ser magra<\/li>\n<li>Prohibici\u00f3n de los alimentos precocinados y limitaci\u00f3n de los fritos<\/li>\n<li>Apuesta por la dieta mediterr\u00e1nea y los productos ecol\u00f3gicos<\/li>\n<\/ul>\n<p>Precio sin bonificaci\u00f3n: 4,50\u20ac al d\u00eda.<\/p>\n<p><strong>EMPRESA &#8211; Curso 2020-21<\/strong><\/p>\n<div>Catering: <strong>Seruni\u00f3n<\/strong><\/div>\n<div>Cauces para las familias:<\/div>\n<div>\n<div><a href=\"tel:955%20250%20260\" target=\"_blank\" rel=\"noopener noreferrer\">955 250 260<\/a><\/div>\n<\/div>\n<div>\n<div><a href=\"mailto:comedores@serunion.elior.com\" target=\"_blank\" rel=\"noopener noreferrer\">comedores@serunion.elior.com<\/a><\/div>\n<\/div>\n<div>&nbsp;<\/div>\n<div><strong>A partir del 1 de diciembre de 2020<\/strong><\/div>\n<div>Catering: Luis Sosa<\/div>\n<div>Cauces para las familias:<\/div>\n<div>954 090 936<\/div>\n<div>administracion2@luisrestauracion.es<\/div>\n<div>&nbsp;<\/div>\n","protected":false},"excerpt":{"rendered":"<p>Los comedores escolares son un servicio complementario que resulta de gran utilidad a padres y madres para ayudarles a&nbsp;conciliar la vida laboral y familiar. Tienen una duraci\u00f3n de hasta dos horas desde que acaba&#46;&#46;&#46;<\/p>\n","protected":false},"author":1,"featured_media":0,"parent":0,"menu_order":0,"comment_status":"closed","ping_status":"open","template":"","meta":{"ngg_post_thumbnail":0,"footnotes":"","_mc_calendar":[]},"aioseo_notices":[],"_links":{"self":[{"href":"https:\/\/blogsaverroes.juntadeandalucia.es\/ceipsanjosedepalmete\/wp-json\/wp\/v2\/pages\/99"}],"collection":[{"href":"https:\/\/blogsaverroes.juntadeandalucia.es\/ceipsanjosedepalmete\/wp-json\/wp\/v2\/pages"}],"about":[{"href":"https:\/\/blogsaverroes.juntadeandalucia.es\/ceipsanjosedepalmete\/wp-json\/wp\/v2\/types\/page"}],"author":[{"embeddable":true,"href":"https:\/\/blogsaverroes.juntadeandalucia.es\/ceipsanjosedepalmete\/wp-json\/wp\/v2\/users\/1"}],"replies":[{"embeddable":true,"href":"https:\/\/blogsaverroes.juntadeandalucia.es\/ceipsanjosedepalmete\/wp-json\/wp\/v2\/comments?post=99"}],"version-history":[{"count":9,"href":"https:\/\/blogsaverroes.juntadeandalucia.es\/ceipsanjosedepalmete\/wp-json\/wp\/v2\/pages\/99\/revisions"}],"predecessor-version":[{"id":9702,"href":"https:\/\/blogsaverroes.juntadeandalucia.es\/ceipsanjosedepalmete\/wp-json\/wp\/v2\/pages\/99\/revisions\/9702"}],"wp:attachment":[{"href":"https:\/\/blogsaverroes.juntadeandalucia.es\/ceipsanjosedepalmete\/wp-json\/wp\/v2\/media?parent=99"}],"curies":[{"name":"wp","href":"https:\/\/api.w.org\/{rel}","templated":true}]}}