{"id":1113,"date":"2015-03-12T11:00:55","date_gmt":"2015-03-12T11:00:55","guid":{"rendered":"http:\/\/blogsaverroes.juntadeandalucia.es\/pre\/ceip\/?page_id=2"},"modified":"2026-02-24T08:57:36","modified_gmt":"2026-02-24T08:57:36","slug":"inicio","status":"publish","type":"page","link":"https:\/\/blogsaverroes.juntadeandalucia.es\/ceipsanjoseobrero\/inicio\/","title":{"rendered":"Inicio"},"content":{"rendered":"ngg_shortcode_0_placeholder\n<h2 data-start=\"208\" data-end=\"255\">Bienvenidos al CEIP San Jos\u00e9 Obrero de Jerez<\/h2>\n<p data-start=\"257\" data-end=\"491\">El <strong data-start=\"260\" data-end=\"284\">CEIP San Jos\u00e9 Obrero<\/strong> es un colegio p\u00fablico de educaci\u00f3n infantil y primaria situado en Jerez de la Frontera, comprometido con una educaci\u00f3n <strong data-start=\"404\" data-end=\"490\">inclusiva, innovadora y centrada en el desarrollo integral de cada alumno y alumna<\/strong>.<\/p>\n<p data-start=\"493\" data-end=\"714\">Desde su labor diaria, el centro fomenta valores como el respeto, la creatividad, la solidaridad y el trabajo en equipo, siempre con el objetivo de que los estudiantes se sientan acompa\u00f1ados y motivados en su aprendizaje.<\/p>\n<h3 data-start=\"716\" data-end=\"740\">\u00bfQu\u00e9 nos diferencia?<\/h3>\n<ul data-start=\"742\" data-end=\"1701\">\n<li data-start=\"742\" data-end=\"1126\">\n<p data-start=\"744\" data-end=\"1126\">\ud83c\udf31 <strong data-start=\"747\" data-end=\"782\">Educaci\u00f3n inclusiva y adaptada:<\/strong> El colegio ha inaugurado recientemente un <em data-start=\"825\" data-end=\"845\">Aula de Regulaci\u00f3n<\/em> pionera en la provincia, dise\u00f1ada para atender y apoyar las necesidades sensoriales y emocionales del alumnado con Trastorno del Espectro del Autismo (TEA). Este espacio refleja el compromiso del centro con una educaci\u00f3n accesible para todos.<\/p>\n<\/li>\n<li data-start=\"1128\" data-end=\"1484\">\n<p data-start=\"1130\" data-end=\"1484\">\ud83c\udf33 <strong data-start=\"1133\" data-end=\"1166\">Aprendizaje en la naturaleza:<\/strong> La comunidad educativa ha puesto en marcha un <em data-start=\"1213\" data-end=\"1236\">Aula de la Naturaleza<\/em>, un espacio al aire libre donde el alumnado puede trabajar con huertos, explorar el medio ambiente y desarrollar proyectos interdisciplinarios que refuerzan los valores de sostenibilidad y cuidado del entorno.<\/p>\n<\/li>\n<li data-start=\"1486\" data-end=\"1701\">\n<p data-start=\"1488\" data-end=\"1701\">\ud83e\udd1d <strong data-start=\"1491\" data-end=\"1532\">Participaci\u00f3n activa de las familias:<\/strong> El centro cuenta con una AMPA muy implicada, cuyos proyectos colaboran estrechamente con el profesorado para enriquecer la experiencia escolar de todos los estudiantes.<\/p>\n<\/li>\n<\/ul>\n<p data-start=\"1703\" data-end=\"1927\">En el CEIP San Jos\u00e9 Obrero, cada d\u00eda se trabaja con ilusi\u00f3n para que el aprendizaje sea una aventura enriquecedora, donde la diversidad se convierte en una fortaleza y cada estudiante pueda crecer con confianza y entusiasmo.<\/p>\n","protected":false},"excerpt":{"rendered":"<p>Bienvenidos al CEIP San Jos\u00e9 Obrero de Jerez El CEIP San Jos\u00e9 Obrero es un colegio p\u00fablico de educaci\u00f3n infantil y primaria situado en Jerez de la Frontera, comprometido con una educaci\u00f3n inclusiva, innovadora y centrada&#46;&#46;&#46;<\/p>\n","protected":false},"author":1,"featured_media":0,"parent":0,"menu_order":0,"comment_status":"closed","ping_status":"closed","template":"","meta":{"ngg_post_thumbnail":0,"footnotes":"","_mc_calendar":[]},"aioseo_notices":[],"_links":{"self":[{"href":"https:\/\/blogsaverroes.juntadeandalucia.es\/ceipsanjoseobrero\/wp-json\/wp\/v2\/pages\/1113"}],"collection":[{"href":"https:\/\/blogsaverroes.juntadeandalucia.es\/ceipsanjoseobrero\/wp-json\/wp\/v2\/pages"}],"about":[{"href":"https:\/\/blogsaverroes.juntadeandalucia.es\/ceipsanjoseobrero\/wp-json\/wp\/v2\/types\/page"}],"author":[{"embeddable":true,"href":"https:\/\/blogsaverroes.juntadeandalucia.es\/ceipsanjoseobrero\/wp-json\/wp\/v2\/users\/1"}],"replies":[{"embeddable":true,"href":"https:\/\/blogsaverroes.juntadeandalucia.es\/ceipsanjoseobrero\/wp-json\/wp\/v2\/comments?post=1113"}],"version-history":[{"count":11,"href":"https:\/\/blogsaverroes.juntadeandalucia.es\/ceipsanjoseobrero\/wp-json\/wp\/v2\/pages\/1113\/revisions"}],"predecessor-version":[{"id":3727,"href":"https:\/\/blogsaverroes.juntadeandalucia.es\/ceipsanjoseobrero\/wp-json\/wp\/v2\/pages\/1113\/revisions\/3727"}],"wp:attachment":[{"href":"https:\/\/blogsaverroes.juntadeandalucia.es\/ceipsanjoseobrero\/wp-json\/wp\/v2\/media?parent=1113"}],"curies":[{"name":"wp","href":"https:\/\/api.w.org\/{rel}","templated":true}]}}