{"id":3758,"date":"2026-03-23T12:43:51","date_gmt":"2026-03-23T12:43:51","guid":{"rendered":"https:\/\/blogsaverroes.juntadeandalucia.es\/ceipsanjoseobrero\/?page_id=3758"},"modified":"2026-03-23T12:54:23","modified_gmt":"2026-03-23T12:54:23","slug":"noticias","status":"publish","type":"page","link":"https:\/\/blogsaverroes.juntadeandalucia.es\/ceipsanjoseobrero\/noticias\/","title":{"rendered":"Noticias"},"content":{"rendered":"<p><strong>CALIFICACI\u00d3NES 2\u00ba EVALUACI\u00d3N&nbsp;<\/strong><\/p>\n<p><img loading=\"lazy\" decoding=\"async\" class=\"\" src=\"https:\/\/thumbs.dreamstime.com\/b\/muchachos-y-muchachas-que-muestran-resultados-de-la-prueba-perfectos-83590096.jpg\" alt=\"Ni\u00f1os Y Ni\u00f1as Mostrando Resultados De Ex\u00e1menes Perfectos Ilustraci\u00f3n del Vector - Ilustraci\u00f3n de excelente, persona: 83590096\" width=\"299\" height=\"218\"><\/p>\n<p>Las calificaciones estar\u00e1n disponibles en el Punto de Recogida de iPasen a partir del pr\u00f3ximo <strong>jueves 26.<\/strong><\/p>\n<p>Las reuniones con los tutores ser\u00e1n el lunes <strong>6 de abril:<\/strong><br \/>\n<strong>\u20223er ciclo: 16:00 h<\/strong><br \/>\n<strong>\u20222\u00ba ciclo: 16:45 h<\/strong><br \/>\n<strong>\u2022Infantil: 17:30 h<\/strong><br \/>\n<strong>\u2022ler ciclo: 18:15 h<\/strong><\/p>\n<hr>\n<p>&nbsp;<\/p>\n<p><strong>CAMBIO DE FECHA REPARTO DE FRUTA AL 7,8 Y 9<\/strong><\/p>\n<p>&nbsp;<\/p>\n","protected":false},"excerpt":{"rendered":"<p>CALIFICACI\u00d3NES 2\u00ba EVALUACI\u00d3N&nbsp; Las calificaciones estar\u00e1n disponibles en el Punto de Recogida de iPasen a partir del pr\u00f3ximo jueves 26. Las reuniones con los tutores ser\u00e1n el lunes 6 de abril: \u20223er ciclo: 16:00 h \u20222\u00ba&#46;&#46;&#46;<\/p>\n","protected":false},"author":7075,"featured_media":0,"parent":0,"menu_order":0,"comment_status":"closed","ping_status":"closed","template":"","meta":{"ngg_post_thumbnail":0,"footnotes":"","_mc_calendar":[]},"aioseo_notices":[],"_links":{"self":[{"href":"https:\/\/blogsaverroes.juntadeandalucia.es\/ceipsanjoseobrero\/wp-json\/wp\/v2\/pages\/3758"}],"collection":[{"href":"https:\/\/blogsaverroes.juntadeandalucia.es\/ceipsanjoseobrero\/wp-json\/wp\/v2\/pages"}],"about":[{"href":"https:\/\/blogsaverroes.juntadeandalucia.es\/ceipsanjoseobrero\/wp-json\/wp\/v2\/types\/page"}],"author":[{"embeddable":true,"href":"https:\/\/blogsaverroes.juntadeandalucia.es\/ceipsanjoseobrero\/wp-json\/wp\/v2\/users\/7075"}],"replies":[{"embeddable":true,"href":"https:\/\/blogsaverroes.juntadeandalucia.es\/ceipsanjoseobrero\/wp-json\/wp\/v2\/comments?post=3758"}],"version-history":[{"count":3,"href":"https:\/\/blogsaverroes.juntadeandalucia.es\/ceipsanjoseobrero\/wp-json\/wp\/v2\/pages\/3758\/revisions"}],"predecessor-version":[{"id":3763,"href":"https:\/\/blogsaverroes.juntadeandalucia.es\/ceipsanjoseobrero\/wp-json\/wp\/v2\/pages\/3758\/revisions\/3763"}],"wp:attachment":[{"href":"https:\/\/blogsaverroes.juntadeandalucia.es\/ceipsanjoseobrero\/wp-json\/wp\/v2\/media?parent=3758"}],"curies":[{"name":"wp","href":"https:\/\/api.w.org\/{rel}","templated":true}]}}