{"id":144,"date":"2015-03-17T07:46:28","date_gmt":"2015-03-17T07:46:28","guid":{"rendered":"http:\/\/blogsaverroes.juntadeandalucia.es\/pre\/ceip\/?page_id=144"},"modified":"2024-12-03T12:51:21","modified_gmt":"2024-12-03T12:51:21","slug":"orientacion","status":"publish","type":"page","link":"https:\/\/blogsaverroes.juntadeandalucia.es\/ceipsanjuan\/orientacion\/","title":{"rendered":"Madres y Padres delegados\/as"},"content":{"rendered":"<p>Para el curso 2024\/2025 las madres y padres delegadas y subdelegadas son las siguientes:<\/p>\n<table class=\" aligncenter\" style=\"height: 234px;width: 128.689%\">\n<tbody>\n<tr style=\"height: 26px\">\n<td style=\"text-align: left;width: 470.917px;height: 26px\">3 a\u00f1os<strong>: Yolanda Castro<br \/>\n<\/strong><\/td>\n<td style=\"text-align: left;width: 10px;height: 26px\">&nbsp;<\/td>\n<\/tr>\n<tr style=\"height: 26px\">\n<td style=\"text-align: left;width: 470.917px;height: 26px\">4 a\u00f1os<strong>: Sacramento Marchal<br \/>\n<\/strong><\/td>\n<td style=\"text-align: left;width: 10px;height: 26px\">&nbsp;<\/td>\n<\/tr>\n<tr style=\"height: 26px\">\n<td style=\"text-align: left;width: 470.917px;height: 26px\">5 a\u00f1os: <strong>&nbsp;Lidia Higueras<\/strong><\/td>\n<td style=\"text-align: left;width: 10px;height: 26px\">&nbsp;<\/td>\n<\/tr>\n<tr style=\"height: 26px\">\n<td style=\"text-align: left;width: 470.917px;height: 26px\">Primero: <strong>Mar\u00eda Teresa Sansaloni<\/strong><\/td>\n<td style=\"text-align: left;width: 10px;height: 26px\">&nbsp;<\/td>\n<\/tr>\n<tr style=\"height: 26px\">\n<td style=\"text-align: left;width: 470.917px;height: 26px\">Segundo: <strong>Mar\u00eda de los \u00c1ngeles Infante<br \/>\n<\/strong><\/td>\n<td style=\"text-align: left;width: 10px;height: 26px\">&nbsp;<\/td>\n<\/tr>\n<tr style=\"height: 26px\">\n<td style=\"text-align: left;width: 470.917px;height: 26px\">Tercero: <strong>Beatriz Estepa<br \/>\n<\/strong><\/td>\n<td style=\"text-align: left;width: 10px;height: 26px\">&nbsp;<\/td>\n<\/tr>\n<tr style=\"height: 26px\">\n<td style=\"text-align: left;width: 470.917px;height: 26px\">Cuarto: <strong>Eva M\u00aa Montes<\/strong>&nbsp;&nbsp;<\/td>\n<td style=\"text-align: left;width: 10px;height: 26px\">&nbsp;<\/td>\n<\/tr>\n<tr style=\"height: 26px\">\n<td style=\"text-align: left;width: 470.917px;height: 26px\">Quinto y Sexto: <strong>Raquel G\u00f3mez<\/strong><\/td>\n<td style=\"text-align: left;width: 10px;height: 26px\">&nbsp;<\/td>\n<\/tr>\n<\/tbody>\n<\/table>\n<p><strong>&nbsp;<\/strong><\/p>\n","protected":false},"excerpt":{"rendered":"<p>Para el curso 2024\/2025 las madres y padres delegadas y subdelegadas son las siguientes: 3 a\u00f1os: Yolanda Castro &nbsp; 4 a\u00f1os: Sacramento Marchal &nbsp; 5 a\u00f1os: &nbsp;Lidia Higueras &nbsp; Primero: Mar\u00eda Teresa Sansaloni &nbsp; Segundo: Mar\u00eda de los \u00c1ngeles Infante &nbsp; Tercero: Beatriz Estepa &nbsp; Cuarto: Eva M\u00aa Montes&nbsp;&nbsp; &nbsp; Quinto y Sexto: Raquel G\u00f3mez &hellip; <\/p>\n<p class=\"link-more\"><a href=\"https:\/\/blogsaverroes.juntadeandalucia.es\/ceipsanjuan\/orientacion\/\" class=\"more-link\">Continuar leyendo<span class=\"screen-reader-text\"> \u00abMadres y Padres delegados\/as\u00bb<\/span><\/a><\/p>\n","protected":false},"author":1,"featured_media":0,"parent":0,"menu_order":0,"comment_status":"closed","ping_status":"open","template":"","meta":{"ngg_post_thumbnail":0,"footnotes":"","_mc_calendar":[]},"aioseo_notices":[],"_links":{"self":[{"href":"https:\/\/blogsaverroes.juntadeandalucia.es\/ceipsanjuan\/wp-json\/wp\/v2\/pages\/144"}],"collection":[{"href":"https:\/\/blogsaverroes.juntadeandalucia.es\/ceipsanjuan\/wp-json\/wp\/v2\/pages"}],"about":[{"href":"https:\/\/blogsaverroes.juntadeandalucia.es\/ceipsanjuan\/wp-json\/wp\/v2\/types\/page"}],"author":[{"embeddable":true,"href":"https:\/\/blogsaverroes.juntadeandalucia.es\/ceipsanjuan\/wp-json\/wp\/v2\/users\/1"}],"replies":[{"embeddable":true,"href":"https:\/\/blogsaverroes.juntadeandalucia.es\/ceipsanjuan\/wp-json\/wp\/v2\/comments?post=144"}],"version-history":[{"count":14,"href":"https:\/\/blogsaverroes.juntadeandalucia.es\/ceipsanjuan\/wp-json\/wp\/v2\/pages\/144\/revisions"}],"predecessor-version":[{"id":2890,"href":"https:\/\/blogsaverroes.juntadeandalucia.es\/ceipsanjuan\/wp-json\/wp\/v2\/pages\/144\/revisions\/2890"}],"wp:attachment":[{"href":"https:\/\/blogsaverroes.juntadeandalucia.es\/ceipsanjuan\/wp-json\/wp\/v2\/media?parent=144"}],"curies":[{"name":"wp","href":"https:\/\/api.w.org\/{rel}","templated":true}]}}