{"id":35,"date":"2015-03-13T08:21:43","date_gmt":"2015-03-13T08:21:43","guid":{"rendered":"http:\/\/blogsaverroes.juntadeandalucia.es\/pre\/ceip\/?page_id=35"},"modified":"2023-10-30T10:21:05","modified_gmt":"2023-10-30T10:21:05","slug":"el-centro-2","status":"publish","type":"page","link":"https:\/\/blogsaverroes.juntadeandalucia.es\/ceipsanjuan\/el-centro-2\/","title":{"rendered":"Datos del centro"},"content":{"rendered":"<p style=\"text-align: center\"><strong>Datos de contacto<\/strong><\/p>\n<p style=\"text-align: center\">CEIP San Juan<\/p>\n<p style=\"text-align: center\">Consejer\u00eda de Educaci\u00f3n y Deporte<\/p>\n<p style=\"text-align: center\">Calle de las Eras del Chaparral, S\/N, 23150<\/p>\n<p style=\"text-align: center\"><span style=\"font-size: 1rem\">Valdepe\u00f1as de Ja\u00e9n, Ja\u00e9n<\/span><\/p>\n<div class=\"_tN _IWg mod\" style=\"text-align: center\">\n<div class=\"_eFb\">\n<div class=\"_mr kno-fb-ctx\"><span class=\"_QUg\" style=\"font-size: 1rem\"><strong>Tel\u00e9fono<\/strong>: <\/span><span style=\"font-size: 1rem\">953 36 61 27<\/span><\/div>\n<div class=\"_tN mod\">\n<div class=\"_eFb\">\n<div class=\"_mr kno-fb-ctx\" style=\"text-align: center\"><strong>Tel\u00e9fono corporativo<\/strong>: 366127<\/div>\n<div class=\"_mr kno-fb-ctx\" style=\"text-align: center\"><strong>Correos electr\u00f3nicos<\/strong>: <a href=\"mailto:23005608@g.educaand.es\">23005608@g.educaand.es<\/a><\/div>\n<div class=\"_mr kno-fb-ctx\" style=\"text-align: center\"><a href=\"mailto:23005608.edu@juntadeandalucia.es\" target=\"_blank\" rel=\"noopener noreferrer\">23005608.edu@juntadeandalucia.es<\/a><\/div>\n<div class=\"_mr kno-fb-ctx\" style=\"text-align: center\"><strong>Web<\/strong>: <a href=\"http:\/\/blogsaverroes.juntadeandalucia.es\/ceipsanjuan\/\" target=\"_blank\" rel=\"noopener noreferrer\">http:\/\/blogsaverroes.juntadeandalucia.es\/ceipsanjuan\/<\/a><\/div>\n<div class=\"_mr kno-fb-ctx\" style=\"text-align: center\">&nbsp;<\/div>\n<div class=\"_mr kno-fb-ctx\" style=\"text-align: center\">&nbsp;<\/div>\n<p><iframe loading=\"lazy\" src=\"https:\/\/www.google.com\/maps\/embed?pb=!1m28!1m12!1m3!1d202012.53491689792!2d-3.8192243861105037!3d37.70921117606569!2m3!1f0!2f0!3f0!3m2!1i1024!2i768!4f13.1!4m13!3e0!4m5!1s0xd6dd773160c8bf5%3A0x6e6cd34b8e8ed37c!2zSmHDqW4!3m2!1d37.7795768!2d-3.7849277!4m5!1s0xd6dde104e3992c1%3A0x9abe0a6376803f3!2sColegio+P%C3%BAblico+San+Juan%2C+Calle+de+las+Eras+del+Chaparral%2C+0%2C+23150+Valdepe%C3%B1as+de+Ja%C3%A9n%2C+Ja%C3%A9n!3m2!1d37.591246999999996!2d-3.8130699999999997!5e0!3m2!1ses!2ses!4v1447616300409\" width=\"600\" height=\"450\" frameborder=\"0\"><\/iframe><\/p>\n<\/div>\n<\/div>\n<\/div>\n<\/div>\n","protected":false},"excerpt":{"rendered":"<p>Datos de contacto CEIP San Juan Consejer\u00eda de Educaci\u00f3n y Deporte Calle de las Eras del Chaparral, S\/N, 23150 Valdepe\u00f1as de Ja\u00e9n, Ja\u00e9n Tel\u00e9fono: 953 36 61 27 Tel\u00e9fono corporativo: 366127 Correos electr\u00f3nicos: 23005608@g.educaand.es 23005608.edu@juntadeandalucia.es Web: http:\/\/blogsaverroes.juntadeandalucia.es\/ceipsanjuan\/ &nbsp; &nbsp;<\/p>\n","protected":false},"author":1,"featured_media":0,"parent":0,"menu_order":0,"comment_status":"closed","ping_status":"open","template":"","meta":{"ngg_post_thumbnail":0,"footnotes":"","_mc_calendar":[]},"aioseo_notices":[],"_links":{"self":[{"href":"https:\/\/blogsaverroes.juntadeandalucia.es\/ceipsanjuan\/wp-json\/wp\/v2\/pages\/35"}],"collection":[{"href":"https:\/\/blogsaverroes.juntadeandalucia.es\/ceipsanjuan\/wp-json\/wp\/v2\/pages"}],"about":[{"href":"https:\/\/blogsaverroes.juntadeandalucia.es\/ceipsanjuan\/wp-json\/wp\/v2\/types\/page"}],"author":[{"embeddable":true,"href":"https:\/\/blogsaverroes.juntadeandalucia.es\/ceipsanjuan\/wp-json\/wp\/v2\/users\/1"}],"replies":[{"embeddable":true,"href":"https:\/\/blogsaverroes.juntadeandalucia.es\/ceipsanjuan\/wp-json\/wp\/v2\/comments?post=35"}],"version-history":[{"count":25,"href":"https:\/\/blogsaverroes.juntadeandalucia.es\/ceipsanjuan\/wp-json\/wp\/v2\/pages\/35\/revisions"}],"predecessor-version":[{"id":2864,"href":"https:\/\/blogsaverroes.juntadeandalucia.es\/ceipsanjuan\/wp-json\/wp\/v2\/pages\/35\/revisions\/2864"}],"wp:attachment":[{"href":"https:\/\/blogsaverroes.juntadeandalucia.es\/ceipsanjuan\/wp-json\/wp\/v2\/media?parent=35"}],"curies":[{"name":"wp","href":"https:\/\/api.w.org\/{rel}","templated":true}]}}