{"id":44,"date":"2015-03-13T08:42:15","date_gmt":"2015-03-13T08:42:15","guid":{"rendered":"http:\/\/blogsaverroes.juntadeandalucia.es\/pre\/ceip\/?page_id=44"},"modified":"2019-11-05T10:08:16","modified_gmt":"2019-11-05T10:08:16","slug":"planes-y-proyectos","status":"publish","type":"page","link":"https:\/\/blogsaverroes.juntadeandalucia.es\/ceipsanjuan\/planes-y-proyectos\/","title":{"rendered":"Planes y Programas"},"content":{"rendered":"<table>\n<tbody>\n<tr>\n<td><a href=\"http:\/\/portal.ced.junta-andalucia.es\/educacion\/webportal\/web\/convivencia-escolar\/eep\"><img loading=\"lazy\" decoding=\"async\" class=\"wp-image-2296 aligncenter\" src=\"http:\/\/blogsaverroes.juntadeandalucia.es\/ceipsanjuan\/files\/2015\/03\/convivencia_plus.png\" alt=\"convivencia_plus\" width=\"120\" height=\"106\"><\/a><\/td>\n<td>&nbsp;<\/td>\n<td><a href=\"http:\/\/portal.ced.junta-andalucia.es\/educacion\/webportal\/web\/portal-de-plurilinguismo\"><img loading=\"lazy\" decoding=\"async\" class=\"aligncenter wp-image-2301\" src=\"http:\/\/blogsaverroes.juntadeandalucia.es\/ceipsanjuan\/files\/2015\/03\/bilingue.jpg\" alt=\"bilingue\" width=\"121\" height=\"65\"><\/a><\/td>\n<\/tr>\n<\/tbody>\n<\/table>\n<p>El CEIP San Juan&nbsp;incluye en&nbsp;su Proyecto Educativo los&nbsp;diferentes <strong>Planes y Programas<\/strong> promovidos desde la Consejer\u00eda de Educaci\u00f3n.<\/p>\n<p>Este apartado recoge los&nbsp;Planes y Programas desarrollados por el centro:<\/p>\n<p>Programa de Centro Biling\u00fce- Ingl\u00e9s<\/p>\n<p>Escuela T.I.C. 2.0<\/p>\n<p>Proyectos Centro T.I.C.<\/p>\n<p>Red Andaluza Escuela Espacio de Paz &nbsp;y Centro de Convivencia Plus<\/p>\n<p>Plan de Igualdad entre hombres y mujeres en la educaci\u00f3n<\/p>\n<p>Pr\u00e1cticum Grado Maestro<\/p>\n<p>Plan de Salud Laboral y P.R.L.<\/p>\n<p>Escuelas Deportivas<\/p>\n<p>Plan de apertura de Centros Docentes<\/p>\n<p>&nbsp;<\/p>\n","protected":false},"excerpt":{"rendered":"<p>&nbsp; El CEIP San Juan&nbsp;incluye en&nbsp;su Proyecto Educativo los&nbsp;diferentes Planes y Programas promovidos desde la Consejer\u00eda de Educaci\u00f3n. Este apartado recoge los&nbsp;Planes y Programas desarrollados por el centro: Programa de Centro Biling\u00fce- Ingl\u00e9s Escuela T.I.C. 2.0 Proyectos Centro T.I.C. Red Andaluza Escuela Espacio de Paz &nbsp;y Centro de Convivencia Plus Plan de Igualdad entre hombres &hellip; <\/p>\n<p class=\"link-more\"><a href=\"https:\/\/blogsaverroes.juntadeandalucia.es\/ceipsanjuan\/planes-y-proyectos\/\" class=\"more-link\">Continuar leyendo<span class=\"screen-reader-text\"> \u00abPlanes y Programas\u00bb<\/span><\/a><\/p>\n","protected":false},"author":1,"featured_media":0,"parent":0,"menu_order":0,"comment_status":"closed","ping_status":"closed","template":"","meta":{"ngg_post_thumbnail":0,"footnotes":"","_mc_calendar":[]},"aioseo_notices":[],"_links":{"self":[{"href":"https:\/\/blogsaverroes.juntadeandalucia.es\/ceipsanjuan\/wp-json\/wp\/v2\/pages\/44"}],"collection":[{"href":"https:\/\/blogsaverroes.juntadeandalucia.es\/ceipsanjuan\/wp-json\/wp\/v2\/pages"}],"about":[{"href":"https:\/\/blogsaverroes.juntadeandalucia.es\/ceipsanjuan\/wp-json\/wp\/v2\/types\/page"}],"author":[{"embeddable":true,"href":"https:\/\/blogsaverroes.juntadeandalucia.es\/ceipsanjuan\/wp-json\/wp\/v2\/users\/1"}],"replies":[{"embeddable":true,"href":"https:\/\/blogsaverroes.juntadeandalucia.es\/ceipsanjuan\/wp-json\/wp\/v2\/comments?post=44"}],"version-history":[{"count":18,"href":"https:\/\/blogsaverroes.juntadeandalucia.es\/ceipsanjuan\/wp-json\/wp\/v2\/pages\/44\/revisions"}],"predecessor-version":[{"id":2543,"href":"https:\/\/blogsaverroes.juntadeandalucia.es\/ceipsanjuan\/wp-json\/wp\/v2\/pages\/44\/revisions\/2543"}],"wp:attachment":[{"href":"https:\/\/blogsaverroes.juntadeandalucia.es\/ceipsanjuan\/wp-json\/wp\/v2\/media?parent=44"}],"curies":[{"name":"wp","href":"https:\/\/api.w.org\/{rel}","templated":true}]}}