{"id":1788,"date":"2025-01-30T21:59:42","date_gmt":"2025-01-30T20:59:42","guid":{"rendered":"https:\/\/blogsaverroes.juntadeandalucia.es\/ceipsanjuanalh\/?page_id=1788"},"modified":"2025-03-11T19:11:05","modified_gmt":"2025-03-11T18:11:05","slug":"videotutoriales-familias-ipasen","status":"publish","type":"page","link":"https:\/\/blogsaverroes.juntadeandalucia.es\/ceipsanjuanalh\/videotutoriales-familias-ipasen\/","title":{"rendered":"Videotutoriales Familias IPasen"},"content":{"rendered":"[et_pb_section fb_built=&#8221;1&#8243; admin_label=&#8221;section&#8221; _builder_version=&#8221;4.16&#8243; global_colors_info=&#8221;{}&#8221;][et_pb_row admin_label=&#8221;row&#8221; _builder_version=&#8221;4.16&#8243; background_size=&#8221;initial&#8221; background_position=&#8221;top_left&#8221; background_repeat=&#8221;repeat&#8221; global_colors_info=&#8221;{}&#8221;][et_pb_column type=&#8221;4_4&#8243; _builder_version=&#8221;4.16&#8243; custom_padding=&#8221;|||&#8221; global_colors_info=&#8221;{}&#8221; custom_padding__hover=&#8221;|||&#8221;][et_pb_image src=&#8221;https:\/\/blogsaverroes.juntadeandalucia.es\/ceipsanjuanalh\/files\/2020\/01\/cabecera-interior-4.jpg&#8221; title_text=&#8221;cabecera-interior-4&#8243; _builder_version=&#8221;4.24.2&#8243; _module_preset=&#8221;default&#8221; global_colors_info=&#8221;{}&#8221;][\/et_pb_image][et_pb_text _builder_version=&#8221;4.24.2&#8243; _module_preset=&#8221;default&#8221; hover_enabled=&#8221;0&#8243; global_colors_info=&#8221;{}&#8221; sticky_enabled=&#8221;0&#8243;]\n<h3>Videotutoriales dirigidos a las familias: IPasen<\/h3>\n<ol>\n<li style=\"list-style-type: none\">\n<ol>\n<li><a title=\"Autologin, instalaci\u00f3n y configuraci\u00f3n ipasen\" href=\"https:\/\/www.youtube.com\/watch?v=bjQmLlB_v14&amp;feature=youtu.be\" target=\"_blank\" rel=\"noopener\">Autologin, instalaci\u00f3n y configuraci\u00f3n IPasen<\/a>.<\/li>\n<li><a title=\"Autorizaci\u00f3n para la recogida del alumnado ipasen\" href=\"https:\/\/www.youtube.com\/watch?v=RXztPN0qB3E&amp;feature=youtu.be\" target=\"_blank\" rel=\"noopener\">Autorizaci\u00f3n para la recogida del alumnado IPasen<\/a>.<\/li>\n<li><a title=\"Conocer usuario y contrase\u00f1a mail g.educaand.es alumnado\" href=\"https:\/\/www.youtube.com\/watch?v=zOanzI08qSg\" target=\"_blank\" rel=\"noopener\">Usuario y contrase\u00f1a aplicaciones Google<\/a> (Classroom, Gmail, etc. &#8211; Cuenta: usuario@g.educaand.es).<\/li>\n<li><a title=\"Consultar diferentes observaciones compartidas IPasen actualizaci\u00f3n\" href=\"https:\/\/www.youtube.com\/watch?v=HLmfMbKEUgg\" target=\"_blank\" rel=\"noopener\">Consultar observaciones compartidas<\/a>.<\/li>\n<li><a title=\"Consulta de actividades evaluables con IPasen\" href=\"https:\/\/www.youtube.com\/watch?v=SpwcJXTvgl4\" target=\"_blank\" rel=\"noopener\">Consultar actividades evaluables<\/a>.<\/li>\n<li><a title=\"Autorizaci\u00f3n de actividades con IPasen\" href=\"https:\/\/www.youtube.com\/watch?v=-9PxJkkSf0M\" target=\"_blank\" rel=\"noopener\">Autorizaci\u00f3n de actividades<\/a>.<\/li>\n<li><a title=\"Descarga documentaci\u00f3n punto de recogida con IPasen\" href=\"https:\/\/www.youtube.com\/watch?v=2ktEeEs63Kc&amp;feature=youtu.be\" target=\"_blank\" rel=\"noopener\">Descarga documentaci\u00f3n punto de recogida<\/a>.<\/li>\n<li><a title=\"Comunicaci\u00f3n familias con profesorado a trav\u00e9s de IPasen\" href=\"https:\/\/www.youtube.com\/watch?v=wFPhplDvtXk\" target=\"_blank\" rel=\"noopener\">Comunicaci\u00f3n familias con el profesorado<\/a>.<\/li>\n<li><a title=\"Comunicaci\u00f3n y justificaci\u00f3n ausencias con IPasen\" href=\"https:\/\/www.youtube.com\/watch?v=PkQABCDUuds\" target=\"_blank\" rel=\"noopener\">Comunicaci\u00f3n y justificaci\u00f3n de ausencias<\/a>.<\/li>\n<li><a title=\"Matr\u00edcula electr\u00f3nica con iANDE\" href=\"https:\/\/www.youtube.com\/watch?v=eHMWFfaG8rU\" target=\"_blank\" rel=\"noopener\">Matr\u00edcula electr\u00f3nica iANDE<\/a>.<\/li>\n<li><a href=\"https:\/\/www.youtube.com\/embed\/oZAcWLRNFQ0?rel=0&amp;autoplay=1&amp;redirect=\/educacion\/portales\/web\/educacion\/familias\" target=\"_blank\" rel=\"noopener\">IPasen lanza su nueva versi\u00f3n<\/a> (Con\u00f3cela)<\/li>\n<\/ol>\n<\/li>\n<\/ol>\n<hr>\n<h3>iPasen lanza su nueva versi\u00f3n&#8230;.desc\u00fabrela<\/h3>\n<p><iframe loading=\"lazy\" title=\"iPasen  lanza su nueva versi\u00f3n\" width=\"1080\" height=\"608\" src=\"https:\/\/www.youtube.com\/embed\/oZAcWLRNFQ0?feature=oembed\"  allow=\"accelerometer; autoplay; clipboard-write; encrypted-media; gyroscope; picture-in-picture; web-share\" referrerpolicy=\"strict-origin-when-cross-origin\" allowfullscreen><\/iframe><\/p>\n[\/et_pb_text][\/et_pb_column][\/et_pb_row][\/et_pb_section]\n","protected":false},"excerpt":{"rendered":"<p>Videotutoriales dirigidos a las familias: IPasen Autologin, instalaci\u00f3n y configuraci\u00f3n IPasen. Autorizaci\u00f3n para la recogida del alumnado IPasen. Usuario y contrase\u00f1a aplicaciones Google (Classroom, Gmail, etc. &#8211; Cuenta: usuario@g.educaand.es). Consultar observaciones compartidas. Consultar actividades evaluables. Autorizaci\u00f3n de actividades. Descarga documentaci\u00f3n punto de recogida. Comunicaci\u00f3n familias con el profesorado. Comunicaci\u00f3n y justificaci\u00f3n de ausencias. Matr\u00edcula electr\u00f3nica [&hellip;]<\/p>\n","protected":false},"author":19178,"featured_media":0,"parent":0,"menu_order":0,"comment_status":"closed","ping_status":"closed","template":"","meta":{"_et_pb_use_builder":"on","_et_pb_old_content":"","_et_gb_content_width":"","ngg_post_thumbnail":0,"footnotes":"","_mc_calendar":[]},"aioseo_notices":[],"_links":{"self":[{"href":"https:\/\/blogsaverroes.juntadeandalucia.es\/ceipsanjuanalh\/wp-json\/wp\/v2\/pages\/1788"}],"collection":[{"href":"https:\/\/blogsaverroes.juntadeandalucia.es\/ceipsanjuanalh\/wp-json\/wp\/v2\/pages"}],"about":[{"href":"https:\/\/blogsaverroes.juntadeandalucia.es\/ceipsanjuanalh\/wp-json\/wp\/v2\/types\/page"}],"author":[{"embeddable":true,"href":"https:\/\/blogsaverroes.juntadeandalucia.es\/ceipsanjuanalh\/wp-json\/wp\/v2\/users\/19178"}],"replies":[{"embeddable":true,"href":"https:\/\/blogsaverroes.juntadeandalucia.es\/ceipsanjuanalh\/wp-json\/wp\/v2\/comments?post=1788"}],"version-history":[{"count":21,"href":"https:\/\/blogsaverroes.juntadeandalucia.es\/ceipsanjuanalh\/wp-json\/wp\/v2\/pages\/1788\/revisions"}],"predecessor-version":[{"id":2801,"href":"https:\/\/blogsaverroes.juntadeandalucia.es\/ceipsanjuanalh\/wp-json\/wp\/v2\/pages\/1788\/revisions\/2801"}],"wp:attachment":[{"href":"https:\/\/blogsaverroes.juntadeandalucia.es\/ceipsanjuanalh\/wp-json\/wp\/v2\/media?parent=1788"}],"curies":[{"name":"wp","href":"https:\/\/api.w.org\/{rel}","templated":true}]}}