{"id":1820,"date":"2025-01-30T22:51:04","date_gmt":"2025-01-30T21:51:04","guid":{"rendered":"https:\/\/blogsaverroes.juntadeandalucia.es\/ceipsanjuanalh\/?page_id=1820"},"modified":"2025-03-24T23:12:51","modified_gmt":"2025-03-24T22:12:51","slug":"consejo-escolar","status":"publish","type":"page","link":"https:\/\/blogsaverroes.juntadeandalucia.es\/ceipsanjuanalh\/consejo-escolar\/","title":{"rendered":"Consejo Escolar"},"content":{"rendered":"[et_pb_section fb_built=&#8221;1&#8243; admin_label=&#8221;section&#8221; _builder_version=&#8221;4.16&#8243; global_colors_info=&#8221;{}&#8221;][et_pb_row column_structure=&#8221;3_5,2_5&#8243; admin_label=&#8221;row&#8221; _builder_version=&#8221;4.24.2&#8243; background_size=&#8221;initial&#8221; background_position=&#8221;top_left&#8221; background_repeat=&#8221;repeat&#8221; global_colors_info=&#8221;{}&#8221;][et_pb_column type=&#8221;3_5&#8243; _builder_version=&#8221;4.16&#8243; custom_padding=&#8221;|||&#8221; global_colors_info=&#8221;{}&#8221; custom_padding__hover=&#8221;|||&#8221;][et_pb_text _builder_version=&#8221;4.24.2&#8243; _module_preset=&#8221;default&#8221; hover_enabled=&#8221;0&#8243; global_colors_info=&#8221;{}&#8221; sticky_enabled=&#8221;0&#8243;]\n<h1>Consejo Escolar 2025\/27<\/h1>\n<hr>\n<h5>Sector del profesorado:<\/h5>\n<ul>\n<li style=\"list-style-type: none\">\n<ul>\n<li>Virtudes Salado Jaime.<\/li>\n<li>Mar\u00eda Isabel Vergara Gonz\u00e1lez.<\/li>\n<\/ul>\n<\/li>\n<\/ul>\n<h5>Sector de padres\/madres o tutores\/as:<\/h5>\n<p>&nbsp;<\/p>\n<h5>Representante del Ayuntamiento:<\/h5>\n<p>&nbsp;<\/p>\n<h5>Personal de Administraci\u00f3n y Servicios:<\/h5>\n<p>&nbsp;<\/p>\n<h5>Equipo Directivo:<\/h5>\n<ul>\n<li style=\"list-style-type: none\">\n<ul>\n<li>Mar\u00eda del Mar Rubia Garc\u00eda (Directora).<\/li>\n<li>Virginia Farf\u00e1n Jim\u00e9nez (Jefa de Estudios).<\/li>\n<li>Mar\u00eda Victoria Pe\u00f1a Montiel (Secretaria).<\/li>\n<\/ul>\n<\/li>\n<\/ul>\n[\/et_pb_text][et_pb_text _builder_version=&#8221;4.24.2&#8243; _module_preset=&#8221;default&#8221; global_colors_info=&#8221;{}&#8221;]\n<h1>Noticias relacionadas con el Consejo Escolar<\/h1>\n[\/et_pb_text][et_pb_blog posts_number=&#8221;3&#8243; include_categories=&#8221;11&#8243; show_author=&#8221;off&#8221; show_date=&#8221;off&#8221; show_categories=&#8221;off&#8221; _builder_version=&#8221;4.24.2&#8243; _module_preset=&#8221;default&#8221; global_colors_info=&#8221;{}&#8221;][\/et_pb_blog][\/et_pb_column][et_pb_column type=&#8221;2_5&#8243; _builder_version=&#8221;4.16&#8243; custom_padding=&#8221;|||&#8221; global_colors_info=&#8221;{}&#8221; custom_padding__hover=&#8221;|||&#8221;][et_pb_sidebar admin_label=&#8221;Barra lateral&#8221; _builder_version=&#8221;4.24.2&#8243; _module_preset=&#8221;default&#8221; global_colors_info=&#8221;{}&#8221;][\/et_pb_sidebar][et_pb_text _builder_version=&#8221;4.24.2&#8243; _module_preset=&#8221;default&#8221; global_colors_info=&#8221;{}&#8221;]\n<hr>\n<h1>Participaci\u00f3n en los Centros<\/h1>\n<p><img loading=\"lazy\" decoding=\"async\" class=\"wp-image-2828 size-medium aligncenter\" src=\"https:\/\/blogsaverroes.juntadeandalucia.es\/ceipsanjuanalh\/files\/2025\/03\/participacion-e1742602060502-300x86.png\" alt=\"\" width=\"300\" height=\"86\" srcset=\"https:\/\/blogsaverroes.juntadeandalucia.es\/ceipsanjuanalh\/files\/2025\/03\/participacion-e1742602060502-300x86.png 300w, https:\/\/blogsaverroes.juntadeandalucia.es\/ceipsanjuanalh\/files\/2025\/03\/participacion-e1742602060502.png 357w\" sizes=\"(max-width: 300px) 100vw, 300px\" \/>La participaci\u00f3n es un factor de calidad para el sistema educativo y un instrumento b\u00e1sico para la formaci\u00f3n de ciudadanos y ciudadanas aut\u00f3nomos, libres, responsables y comprometidos con los principios y valores de la Constituci\u00f3n.<\/p>\n<p>Existen distintas formas de participaci\u00f3n de las familias en los centros educativos: delegados y delegadas de padres y madres, a trav\u00e9s de asociaciones o del AMPA, o formando parte de los Consejos Escolares.<\/p>\n<p>Otra alternativa interesante en la que, como miembros esenciales de la comunidad educativa, pod\u00e9is tomar parte, es participando en experiencias diversas que se desarrollen en los centros y que faciliten el crecimiento integral de vuestros hijos e hijas.<\/p>\n<p style=\"text-align: center\"><a href=\"https:\/\/blogsaverroes.juntadeandalucia.es\/ceipsanjuanalh\/participacion\/\">&lt;&lt; Accede a Informaci\u00f3n sobre este aspecto &gt;&gt;<\/a><\/p>\n[\/et_pb_text][\/et_pb_column][\/et_pb_row][\/et_pb_section]\n","protected":false},"excerpt":{"rendered":"<p>Consejo Escolar 2025\/27 Sector del profesorado: Virtudes Salado Jaime. Mar\u00eda Isabel Vergara Gonz\u00e1lez. Sector de padres\/madres o tutores\/as: &nbsp; Representante del Ayuntamiento: &nbsp; Personal de Administraci\u00f3n y Servicios: &nbsp; Equipo Directivo: Mar\u00eda del Mar Rubia Garc\u00eda (Directora). Virginia Farf\u00e1n Jim\u00e9nez (Jefa de Estudios). Mar\u00eda Victoria Pe\u00f1a Montiel (Secretaria). Noticias relacionadas con el Consejo Escolar Participaci\u00f3n [&hellip;]<\/p>\n","protected":false},"author":19178,"featured_media":0,"parent":0,"menu_order":0,"comment_status":"closed","ping_status":"closed","template":"","meta":{"_et_pb_use_builder":"on","_et_pb_old_content":"","_et_gb_content_width":"","ngg_post_thumbnail":0,"footnotes":"","_mc_calendar":[]},"aioseo_notices":[],"_links":{"self":[{"href":"https:\/\/blogsaverroes.juntadeandalucia.es\/ceipsanjuanalh\/wp-json\/wp\/v2\/pages\/1820"}],"collection":[{"href":"https:\/\/blogsaverroes.juntadeandalucia.es\/ceipsanjuanalh\/wp-json\/wp\/v2\/pages"}],"about":[{"href":"https:\/\/blogsaverroes.juntadeandalucia.es\/ceipsanjuanalh\/wp-json\/wp\/v2\/types\/page"}],"author":[{"embeddable":true,"href":"https:\/\/blogsaverroes.juntadeandalucia.es\/ceipsanjuanalh\/wp-json\/wp\/v2\/users\/19178"}],"replies":[{"embeddable":true,"href":"https:\/\/blogsaverroes.juntadeandalucia.es\/ceipsanjuanalh\/wp-json\/wp\/v2\/comments?post=1820"}],"version-history":[{"count":24,"href":"https:\/\/blogsaverroes.juntadeandalucia.es\/ceipsanjuanalh\/wp-json\/wp\/v2\/pages\/1820\/revisions"}],"predecessor-version":[{"id":3454,"href":"https:\/\/blogsaverroes.juntadeandalucia.es\/ceipsanjuanalh\/wp-json\/wp\/v2\/pages\/1820\/revisions\/3454"}],"wp:attachment":[{"href":"https:\/\/blogsaverroes.juntadeandalucia.es\/ceipsanjuanalh\/wp-json\/wp\/v2\/media?parent=1820"}],"curies":[{"name":"wp","href":"https:\/\/api.w.org\/{rel}","templated":true}]}}