{"id":3563,"date":"2025-03-26T23:39:38","date_gmt":"2025-03-26T22:39:38","guid":{"rendered":"https:\/\/blogsaverroes.juntadeandalucia.es\/ceipsanjuanalh\/?page_id=3563"},"modified":"2025-05-18T14:43:52","modified_gmt":"2025-05-18T13:43:52","slug":"areas-de-aprendizaje","status":"publish","type":"page","link":"https:\/\/blogsaverroes.juntadeandalucia.es\/ceipsanjuanalh\/areas-de-aprendizaje\/","title":{"rendered":"\u00c1reas de aprendizaje"},"content":{"rendered":"[et_pb_section fb_built=&#8221;1&#8243; admin_label=&#8221;section&#8221; _builder_version=&#8221;4.16&#8243; global_colors_info=&#8221;{}&#8221;][et_pb_row column_structure=&#8221;3_5,2_5&#8243; admin_label=&#8221;row&#8221; _builder_version=&#8221;4.16&#8243; background_size=&#8221;initial&#8221; background_position=&#8221;top_left&#8221; background_repeat=&#8221;repeat&#8221; global_colors_info=&#8221;{}&#8221;][et_pb_column type=&#8221;3_5&#8243; _builder_version=&#8221;4.16&#8243; custom_padding=&#8221;|||&#8221; global_colors_info=&#8221;{}&#8221; custom_padding__hover=&#8221;|||&#8221;][et_pb_text _builder_version=&#8221;4.24.2&#8243; _module_preset=&#8221;default&#8221; hover_enabled=&#8221;0&#8243; global_colors_info=&#8221;{}&#8221; sticky_enabled=&#8221;0&#8243;]\n<h1>\u00c1reas de Aprendizaje:<\/h1>\n<hr>\n<h3>&nbsp;<\/h3>\n<h3>Educaci\u00f3n Infantil (2\u00ba ciclo) tienen 3 \u00e1mbitos de aprendizaje:<\/h3>\n<p>&nbsp;<\/p>\n<ul>\n<li style=\"list-style-type: none\">\n<ul>\n<li>Conocimiento de s\u00ed mismo y autonom\u00eda personal.<\/li>\n<li>Conocimiento del entorno.<\/li>\n<li>Lenguajes: Comunicaci\u00f3n y representaci\u00f3n.<\/li>\n<li>Religi\u00f3n y Alternativa a la Religi\u00f3n.<\/li>\n<\/ul>\n<\/li>\n<\/ul>\n<hr>\n<h3>&nbsp;<\/h3>\n<h3>Educaci\u00f3n Primaria:<\/h3>\n<p>En los tres ciclos de Educaci\u00f3n Primaria se impartir\u00e1n las siguientes \u00e1reas:<\/p>\n<ul>\n<li style=\"list-style-type: none\">\n<ul>\n<li>Conocimiento del Medio.<\/li>\n<li>Educaci\u00f3n art\u00edstica: Educaci\u00f3n musical y pl\u00e1stica.<\/li>\n<li>Educaci\u00f3n f\u00edsica.<\/li>\n<li>Lengua castellana y literatura.<\/li>\n<li>Lengua extranjera (1\u00aa Lengua): Ingl\u00e9s.<\/li>\n<li>Lengua Extranjera (2\u00aa Lengua de 3\u00ba ciclo de E.P.): Franc\u00e9s.<\/li>\n<li>Matem\u00e1ticas.<\/li>\n<li>Religi\u00f3n\/Atenci\u00f3n Educativa.<\/li>\n<li>Educaci\u00f3n a la Ciudadan\u00eda.<\/li>\n<\/ul>\n<\/li>\n<\/ul>\n[\/et_pb_text][\/et_pb_column][et_pb_column type=&#8221;2_5&#8243; _builder_version=&#8221;4.16&#8243; custom_padding=&#8221;|||&#8221; global_colors_info=&#8221;{}&#8221; custom_padding__hover=&#8221;|||&#8221;][et_pb_sidebar _builder_version=&#8221;4.24.2&#8243; _module_preset=&#8221;default&#8221; global_colors_info=&#8221;{}&#8221;][\/et_pb_sidebar][\/et_pb_column][\/et_pb_row][\/et_pb_section]\n","protected":false},"excerpt":{"rendered":"<p>\u00c1reas de Aprendizaje: &nbsp; Educaci\u00f3n Infantil (2\u00ba ciclo) tienen 3 \u00e1mbitos de aprendizaje: &nbsp; Conocimiento de s\u00ed mismo y autonom\u00eda personal. Conocimiento del entorno. Lenguajes: Comunicaci\u00f3n y representaci\u00f3n. Religi\u00f3n y Alternativa a la Religi\u00f3n. &nbsp; Educaci\u00f3n Primaria: En los tres ciclos de Educaci\u00f3n Primaria se impartir\u00e1n las siguientes \u00e1reas: Conocimiento del Medio. Educaci\u00f3n art\u00edstica: Educaci\u00f3n [&hellip;]<\/p>\n","protected":false},"author":19178,"featured_media":0,"parent":0,"menu_order":0,"comment_status":"closed","ping_status":"closed","template":"","meta":{"_et_pb_use_builder":"on","_et_pb_old_content":"","_et_gb_content_width":"","ngg_post_thumbnail":0,"footnotes":"","_mc_calendar":[]},"aioseo_notices":[],"_links":{"self":[{"href":"https:\/\/blogsaverroes.juntadeandalucia.es\/ceipsanjuanalh\/wp-json\/wp\/v2\/pages\/3563"}],"collection":[{"href":"https:\/\/blogsaverroes.juntadeandalucia.es\/ceipsanjuanalh\/wp-json\/wp\/v2\/pages"}],"about":[{"href":"https:\/\/blogsaverroes.juntadeandalucia.es\/ceipsanjuanalh\/wp-json\/wp\/v2\/types\/page"}],"author":[{"embeddable":true,"href":"https:\/\/blogsaverroes.juntadeandalucia.es\/ceipsanjuanalh\/wp-json\/wp\/v2\/users\/19178"}],"replies":[{"embeddable":true,"href":"https:\/\/blogsaverroes.juntadeandalucia.es\/ceipsanjuanalh\/wp-json\/wp\/v2\/comments?post=3563"}],"version-history":[{"count":16,"href":"https:\/\/blogsaverroes.juntadeandalucia.es\/ceipsanjuanalh\/wp-json\/wp\/v2\/pages\/3563\/revisions"}],"predecessor-version":[{"id":4324,"href":"https:\/\/blogsaverroes.juntadeandalucia.es\/ceipsanjuanalh\/wp-json\/wp\/v2\/pages\/3563\/revisions\/4324"}],"wp:attachment":[{"href":"https:\/\/blogsaverroes.juntadeandalucia.es\/ceipsanjuanalh\/wp-json\/wp\/v2\/media?parent=3563"}],"curies":[{"name":"wp","href":"https:\/\/api.w.org\/{rel}","templated":true}]}}