{"id":39,"date":"2020-01-09T12:44:11","date_gmt":"2020-01-09T11:44:11","guid":{"rendered":"http:\/\/blogsaverroes.juntadeandalucia.es\/pre\/nuevoceip2v2\/?page_id=39"},"modified":"2025-06-30T10:10:56","modified_gmt":"2025-06-30T09:10:56","slug":"comedor-escolar","status":"publish","type":"page","link":"https:\/\/blogsaverroes.juntadeandalucia.es\/ceipsanjuanalh\/comedor-escolar\/","title":{"rendered":"Comedor escolar"},"content":{"rendered":"[et_pb_section fb_built=&#8221;1&#8243; _builder_version=&#8221;4.16&#8243; custom_padding=&#8221;0px||0px|&#8221; z_index_tablet=&#8221;500&#8243; box_shadow_horizontal_tablet=&#8221;0px&#8221; box_shadow_vertical_tablet=&#8221;0px&#8221; box_shadow_blur_tablet=&#8221;40px&#8221; box_shadow_spread_tablet=&#8221;0px&#8221; global_colors_info=&#8221;{}&#8221;][et_pb_row _builder_version=&#8221;4.16&#8243; background_size=&#8221;initial&#8221; background_position=&#8221;top_left&#8221; background_repeat=&#8221;repeat&#8221; global_colors_info=&#8221;{}&#8221;][et_pb_column type=&#8221;4_4&#8243; _builder_version=&#8221;4.16&#8243; custom_padding=&#8221;|||&#8221; global_colors_info=&#8221;{}&#8221; custom_padding__hover=&#8221;|||&#8221;][et_pb_image src=&#8221;https:\/\/blogsaverroes.juntadeandalucia.es\/ceipsanjuanalh\/files\/2020\/01\/cabecera-interior-2-1.jpg&#8221; title_text=&#8221;cabecera-interior-2-1&#8243; admin_label=&#8221;Imagen de la portada&#8221; _builder_version=&#8221;4.16&#8243; z_index_tablet=&#8221;500&#8243; box_shadow_horizontal_tablet=&#8221;0px&#8221; box_shadow_vertical_tablet=&#8221;0px&#8221; box_shadow_blur_tablet=&#8221;40px&#8221; box_shadow_spread_tablet=&#8221;0px&#8221; global_colors_info=&#8221;{}&#8221;][\/et_pb_image][et_pb_text admin_label=&#8221;Texto descriptivo&#8221; _builder_version=&#8221;4.24.2&#8243; hover_enabled=&#8221;0&#8243; z_index_tablet=&#8221;500&#8243; text_text_shadow_horizontal_length_tablet=&#8221;0px&#8221; text_text_shadow_vertical_length_tablet=&#8221;0px&#8221; text_text_shadow_blur_strength_tablet=&#8221;1px&#8221; link_text_shadow_horizontal_length_tablet=&#8221;0px&#8221; link_text_shadow_vertical_length_tablet=&#8221;0px&#8221; link_text_shadow_blur_strength_tablet=&#8221;1px&#8221; ul_text_shadow_horizontal_length_tablet=&#8221;0px&#8221; ul_text_shadow_vertical_length_tablet=&#8221;0px&#8221; ul_text_shadow_blur_strength_tablet=&#8221;1px&#8221; ol_text_shadow_horizontal_length_tablet=&#8221;0px&#8221; ol_text_shadow_vertical_length_tablet=&#8221;0px&#8221; ol_text_shadow_blur_strength_tablet=&#8221;1px&#8221; quote_text_shadow_horizontal_length_tablet=&#8221;0px&#8221; quote_text_shadow_vertical_length_tablet=&#8221;0px&#8221; quote_text_shadow_blur_strength_tablet=&#8221;1px&#8221; header_text_shadow_horizontal_length_tablet=&#8221;0px&#8221; header_text_shadow_vertical_length_tablet=&#8221;0px&#8221; header_text_shadow_blur_strength_tablet=&#8221;1px&#8221; header_2_text_shadow_horizontal_length_tablet=&#8221;0px&#8221; header_2_text_shadow_vertical_length_tablet=&#8221;0px&#8221; header_2_text_shadow_blur_strength_tablet=&#8221;1px&#8221; header_3_text_shadow_horizontal_length_tablet=&#8221;0px&#8221; header_3_text_shadow_vertical_length_tablet=&#8221;0px&#8221; header_3_text_shadow_blur_strength_tablet=&#8221;1px&#8221; header_4_text_shadow_horizontal_length_tablet=&#8221;0px&#8221; header_4_text_shadow_vertical_length_tablet=&#8221;0px&#8221; header_4_text_shadow_blur_strength_tablet=&#8221;1px&#8221; header_5_text_shadow_horizontal_length_tablet=&#8221;0px&#8221; header_5_text_shadow_vertical_length_tablet=&#8221;0px&#8221; header_5_text_shadow_blur_strength_tablet=&#8221;1px&#8221; header_6_text_shadow_horizontal_length_tablet=&#8221;0px&#8221; header_6_text_shadow_vertical_length_tablet=&#8221;0px&#8221; header_6_text_shadow_blur_strength_tablet=&#8221;1px&#8221; box_shadow_horizontal_tablet=&#8221;0px&#8221; box_shadow_vertical_tablet=&#8221;0px&#8221; box_shadow_blur_tablet=&#8221;40px&#8221; box_shadow_spread_tablet=&#8221;0px&#8221; global_colors_info=&#8221;{}&#8221; sticky_enabled=&#8221;0&#8243;]\n<h2>Comedor escolar<\/h2>\n<p><img loading=\"lazy\" decoding=\"async\" class=\"alignleft wp-image-2713\" src=\"https:\/\/blogsaverroes.juntadeandalucia.es\/ceipsanjuanalh\/files\/2025\/03\/comedor-escolar-300x300.png\" alt=\"\" width=\"175\" height=\"175\">Los <strong>comedores escolares<\/strong> son un servicio complementario que resulta de gran utilidad a las familias para ayudarlas a <strong>conciliar su vida familiar y laboral.<\/strong>&nbsp;<\/p>\n<p>Los comedores son, adem\u00e1s, una pieza vital en todas las <strong>medidas dirigidas a mejorar los h\u00e1bitos alimenticios<\/strong> de nuestro alumnado; ayudando a prevenir problemas de salud, tales como, la obesidad, etc&#8230;<\/p>\n<p>Los <strong>comedores escolares<\/strong> de los centros p\u00fablicos andaluces <strong>promueven una alimentaci\u00f3n saludable<\/strong> que est\u00e1 <strong>supervisada por nutricionistas<\/strong> y que, entre otros aspectos, se caracteriza por:<\/p>\n<ul>\n<li style=\"list-style-type: none\">\n<ul>\n<li>Una mayor proporci\u00f3n de verdura en los men\u00fas.<\/li>\n<li>Fruta fresca como postre al menos cuatro d\u00edas a la semana.<\/li>\n<li>Uso de aceite de oliva virgen extra.<\/li>\n<li>M\u00e1s pescado que carne, que debe ser magra.<\/li>\n<li>Prohibici\u00f3n de los alimentos precocinados y limitaci\u00f3n de los fritos.<\/li>\n<li>Apuesta por la dieta mediterr\u00e1nea y los productos ecol\u00f3gicos.<\/li>\n<\/ul>\n<\/li>\n<\/ul>\n<h3><strong>&nbsp;Gesti\u00f3n Servicio de Comedor 2024\/25:<\/strong><\/h3>\n<p>Se recomienda que lea atentamente la carta de presentaci\u00f3n para evitar confusiones y problemas con los cobros:<\/p>\n<ul>\n<li style=\"list-style-type: none\">\n<ul>\n<li><a href=\"https:\/\/blogsaverroes.juntadeandalucia.es\/ceipsanjuanalh\/files\/2025\/01\/Carta-presentacion-curso-2024-2025-Malaga.pdf\">Carta de presentaci\u00f3n Curso 2024-2025<\/a> (Ver documento PDF)<\/li>\n<\/ul>\n<\/li>\n<\/ul>\n<p><img loading=\"lazy\" decoding=\"async\" class=\"wp-image-1866 size-full aligncenter\" src=\"https:\/\/blogsaverroes.juntadeandalucia.es\/ceipsanjuanalh\/files\/2025\/01\/image-1.jpg\" alt=\"\" width=\"797\" height=\"487\" srcset=\"https:\/\/blogsaverroes.juntadeandalucia.es\/ceipsanjuanalh\/files\/2025\/01\/image-1.jpg 797w, https:\/\/blogsaverroes.juntadeandalucia.es\/ceipsanjuanalh\/files\/2025\/01\/image-1-480x293.jpg 480w\" sizes=\"(min-width: 0px) and (max-width: 480px) 480px, (min-width: 481px) 797px, 100vw\" \/><\/p>\n<h1>Empresa<\/h1>\n<p><strong>Mediterr\u00e1nea<\/strong> es la empresa elegida por la Junta de Andaluc\u00eda para la concesi\u00f3n de nuestro comedor escolar.<\/p>\n<p>Dicha empresa se encarga de elaborar el men\u00fa y la comida de nuestro comedor escolar.<\/p>\n<p>Para la gesti\u00f3n de falta de asistencia al servicio de comedor, se pone a disposici\u00f3n de las familias la siguiente p\u00e1gina web:<\/p>\n<p style=\"text-align: center\"><a href=\"https:\/\/andalucia.mediterranea-group.com\/\" target=\"_blank\" rel=\"noopener\">https:\/\/andalucia.mediterranea-group.com\/<\/a><\/p>\n<p>Si aun no est\u00e1is dado de alta en la misma, ponemos a vuestra disposici\u00f3n el siguiente manual para el acceso y registro:<\/p>\n<ul>\n<li><a href=\"https:\/\/blogsaverroes.juntadeandalucia.es\/ceipsanjuanalh\/files\/2025\/01\/REGISTRO-WEB-PADRES.pdf\" target=\"_blank\" rel=\"noopener\">Manual de registro y acceso a la plataforma online Mediterr\u00e1nea Educaci\u00f3n<\/a>. (Ver documento PDF)<\/li>\n<\/ul>\n<table style=\"width: 63.2614%;border-collapse: collapse;height: 73px\">\n<tbody>\n<tr>\n<td style=\"width: 89.8414%;text-align: center\" colspan=\"2\">TURNOS DE COMEDOR<\/td>\n<\/tr>\n<tr>\n<td style=\"width: 29.1539%\">TURNO 1: 14:00 h. (Aprox.)<\/td>\n<td style=\"width: 60.6875%\">&nbsp;Infantil, primero y segundo de primaria.<\/td>\n<\/tr>\n<tr>\n<td style=\"width: 29.1539%\">TURNO 2: 14:30 h. (Aprox.)<\/td>\n<td style=\"width: 60.6875%\">&nbsp;Tercero, cuarto, quinto y sexto de primaria.<\/td>\n<\/tr>\n<\/tbody>\n<\/table>\n<p>La recogida del alumnado: a partir de las 15:00 h.<\/p>\n<p><strong>Datos de contacto:<\/strong><\/p>\n<ul>\n<li>EMAIL: administracion.malaga@mediterranea-group.com<\/li>\n<li>TLF: 952038248<\/li>\n<\/ul>\n<hr>\n<h1>Men\u00fa de Comedor:<\/h1>\n<p><img loading=\"lazy\" decoding=\"async\" class=\"alignnone wp-image-4433 size-full\" src=\"https:\/\/blogsaverroes.juntadeandalucia.es\/ceipsanjuanalh\/files\/2025\/06\/menu-26-de-mayo-a-20-de-junio-scaled.jpg\" alt=\"\" width=\"2560\" height=\"1921\" srcset=\"https:\/\/blogsaverroes.juntadeandalucia.es\/ceipsanjuanalh\/files\/2025\/06\/menu-26-de-mayo-a-20-de-junio-scaled.jpg 2560w, https:\/\/blogsaverroes.juntadeandalucia.es\/ceipsanjuanalh\/files\/2025\/06\/menu-26-de-mayo-a-20-de-junio-1280x961.jpg 1280w, https:\/\/blogsaverroes.juntadeandalucia.es\/ceipsanjuanalh\/files\/2025\/06\/menu-26-de-mayo-a-20-de-junio-980x735.jpg 980w, https:\/\/blogsaverroes.juntadeandalucia.es\/ceipsanjuanalh\/files\/2025\/06\/menu-26-de-mayo-a-20-de-junio-480x360.jpg 480w\" sizes=\"(min-width: 0px) and (max-width: 480px) 480px, (min-width: 481px) and (max-width: 980px) 980px, (min-width: 981px) and (max-width: 1280px) 1280px, (min-width: 1281px) 2560px, 100vw\" \/><\/p>\n<hr>\n<h2>Hist\u00f3rico<\/h2>\n<p><img loading=\"lazy\" decoding=\"async\" class=\"wp-image-4437 size-medium aligncenter\" src=\"https:\/\/blogsaverroes.juntadeandalucia.es\/ceipsanjuanalh\/files\/2025\/06\/Menu-Escolar-300x218.png\" alt=\"\" width=\"300\" height=\"218\"><\/p>\n<h4><strong>Curso Escolar 2025\/2026:<\/strong><\/h4>\n<ul>\n<li><span style=\"color: #000000\">Men\u00fa basal:<\/span><\/li>\n<\/ul>\n<h4><strong><span style=\"color: #000000\">Curso Escolar 2024\/2025:<\/span><\/strong><\/h4>\n<ul>\n<li><a href=\"https:\/\/blogsaverroes.juntadeandalucia.es\/ceipsanjuanalh\/files\/2025\/06\/menu-26-de-mayo-a-20-de-junio.pdf\" target=\"_blank\" rel=\"noopener\">Men\u00fa basal: 26 MAY a 20 JUN<\/a>.<\/li>\n<li><a href=\"https:\/\/blogsaverroes.juntadeandalucia.es\/ceipsanjuanalh\/files\/2025\/06\/menu-28-abril-a-23-de-mayo.pdf\" target=\"_blank\" rel=\"noopener\">Men\u00fa basal: 28 ABR a 23 MAY<\/a>.<\/li>\n<li><a href=\"https:\/\/blogsaverroes.juntadeandalucia.es\/ceipsanjuanalh\/files\/2025\/03\/menu-24-marzo-a-25-abril.pdf\" target=\"_blank\" rel=\"noopener\">Men\u00fa basal: 24 MAR a 25 ABR.<\/a><\/li>\n<li><a href=\"https:\/\/blogsaverroes.juntadeandalucia.es\/ceipsanjuanalh\/files\/2025\/03\/Menu-Basal-03-al-31-de-marzo.pdf\" target=\"_blank\" rel=\"noopener\">Men\u00fa Basal: 03 a 21 de MAR.<\/a><\/li>\n<li><a href=\"https:\/\/blogsaverroes.juntadeandalucia.es\/ceipsanjuanalh\/files\/2025\/02\/6.menu-27-enero-21-febrero.pdf\" target=\"_blank\" rel=\"noopener\">Men\u00fa basal: 27 ENE a 21 FEB.<\/a><\/li>\n<li><span style=\"color: #000000\"><a href=\"https:\/\/blogsaverroes.juntadeandalucia.es\/ceipsanjuanalh\/files\/2025\/02\/5.menu-16-diciembre-24-enero.pdf\" target=\"_blank\" rel=\"noopener\">Men\u00fa basal: 16 DIC a 24 ENE<\/a>.<\/span><\/li>\n<li><span style=\"color: #000000\"><a href=\"https:\/\/blogsaverroes.juntadeandalucia.es\/ceipsanjuanalh\/files\/2025\/02\/4.menu-18-nov-13-diciembre.pdf\" target=\"_blank\" rel=\"noopener\">Men\u00fa basal: 18 NOV a 13 DIC<\/a>.<\/span><\/li>\n<li><span style=\"color: #000000\"><a href=\"https:\/\/blogsaverroes.juntadeandalucia.es\/ceipsanjuanalh\/files\/2025\/02\/3.menu-21-octubre-15-noviembre-2024.pdf\" target=\"_blank\" rel=\"noopener\">Men\u00fa basal: 21 OCT a 15 NOV<\/a>.<\/span><\/li>\n<li><span style=\"color: #000000\"><a href=\"https:\/\/blogsaverroes.juntadeandalucia.es\/ceipsanjuanalh\/files\/2025\/02\/2.menu-octubre-2024.pdf\" target=\"_blank\" rel=\"noopener\">Men\u00fa basal: 23 SEPT a 18 OCT<\/a>.<\/span><\/li>\n<li><span style=\"color: #000000\"><a href=\"https:\/\/blogsaverroes.juntadeandalucia.es\/ceipsanjuanalh\/files\/2025\/02\/1.menu-septiembre-2024.pdf\" target=\"_blank\" rel=\"noopener\">Men\u00fa basal: 10 SEPT a 20 SEPT<\/a>.<\/span><\/li>\n<\/ul>\n<p>&nbsp;<\/p>\n[\/et_pb_text][\/et_pb_column][\/et_pb_row][\/et_pb_section]\n","protected":false},"excerpt":{"rendered":"<p>Comedor escolar Los comedores escolares son un servicio complementario que resulta de gran utilidad a las familias para ayudarlas a conciliar su vida familiar y laboral.&nbsp; Los comedores son, adem\u00e1s, una pieza vital en todas las medidas dirigidas a mejorar los h\u00e1bitos alimenticios de nuestro alumnado; ayudando a prevenir problemas de salud, tales como, la [&hellip;]<\/p>\n","protected":false},"author":7051,"featured_media":0,"parent":0,"menu_order":0,"comment_status":"closed","ping_status":"closed","template":"","meta":{"_et_pb_use_builder":"on","_et_pb_old_content":"","_et_gb_content_width":"","ngg_post_thumbnail":0,"footnotes":"","_mc_calendar":[]},"aioseo_notices":[],"_links":{"self":[{"href":"https:\/\/blogsaverroes.juntadeandalucia.es\/ceipsanjuanalh\/wp-json\/wp\/v2\/pages\/39"}],"collection":[{"href":"https:\/\/blogsaverroes.juntadeandalucia.es\/ceipsanjuanalh\/wp-json\/wp\/v2\/pages"}],"about":[{"href":"https:\/\/blogsaverroes.juntadeandalucia.es\/ceipsanjuanalh\/wp-json\/wp\/v2\/types\/page"}],"author":[{"embeddable":true,"href":"https:\/\/blogsaverroes.juntadeandalucia.es\/ceipsanjuanalh\/wp-json\/wp\/v2\/users\/7051"}],"replies":[{"embeddable":true,"href":"https:\/\/blogsaverroes.juntadeandalucia.es\/ceipsanjuanalh\/wp-json\/wp\/v2\/comments?post=39"}],"version-history":[{"count":70,"href":"https:\/\/blogsaverroes.juntadeandalucia.es\/ceipsanjuanalh\/wp-json\/wp\/v2\/pages\/39\/revisions"}],"predecessor-version":[{"id":4578,"href":"https:\/\/blogsaverroes.juntadeandalucia.es\/ceipsanjuanalh\/wp-json\/wp\/v2\/pages\/39\/revisions\/4578"}],"wp:attachment":[{"href":"https:\/\/blogsaverroes.juntadeandalucia.es\/ceipsanjuanalh\/wp-json\/wp\/v2\/media?parent=39"}],"curies":[{"name":"wp","href":"https:\/\/api.w.org\/{rel}","templated":true}]}}