{"id":4441,"date":"2025-06-02T20:50:04","date_gmt":"2025-06-02T19:50:04","guid":{"rendered":"https:\/\/blogsaverroes.juntadeandalucia.es\/ceipsanjuanalh\/?page_id=4441"},"modified":"2025-06-02T20:58:59","modified_gmt":"2025-06-02T19:58:59","slug":"proa-2","status":"publish","type":"page","link":"https:\/\/blogsaverroes.juntadeandalucia.es\/ceipsanjuanalh\/proa-2\/","title":{"rendered":"PROA"},"content":{"rendered":"[et_pb_section fb_built=&#8221;1&#8243; admin_label=&#8221;section&#8221; _builder_version=&#8221;4.16&#8243; global_colors_info=&#8221;{}&#8221;][et_pb_row column_structure=&#8221;3_5,2_5&#8243; admin_label=&#8221;row&#8221; _builder_version=&#8221;4.16&#8243; background_size=&#8221;initial&#8221; background_position=&#8221;top_left&#8221; background_repeat=&#8221;repeat&#8221; global_colors_info=&#8221;{}&#8221;][et_pb_column type=&#8221;3_5&#8243; _builder_version=&#8221;4.16&#8243; custom_padding=&#8221;|||&#8221; global_colors_info=&#8221;{}&#8221; custom_padding__hover=&#8221;|||&#8221;][et_pb_text _builder_version=&#8221;4.24.2&#8243; _module_preset=&#8221;default&#8221; hover_enabled=&#8221;0&#8243; global_colors_info=&#8221;{}&#8221; sticky_enabled=&#8221;0&#8243;]\n<p><img loading=\"lazy\" decoding=\"async\" class=\"wp-image-4444  alignleft\" src=\"https:\/\/blogsaverroes.juntadeandalucia.es\/ceipsanjuanalh\/files\/2025\/06\/logo-proa-300x91.png\" alt=\"\" width=\"171\" height=\"52\">El PROA Andaluc\u00eda se concibe como un conjunto de actuaciones dirigidas a mejorar el grado de adquisici\u00f3n de las competencias clave y la motivaci\u00f3n del alumnado con necesidades espec\u00edficas de apoyo educativo por precisar acciones de car\u00e1cter compensatorio, que en el caso del alumnado de origen extranjero, adem\u00e1s, pretenden conseguir un nivel adecuado de uso del espa\u00f1ol como lengua vehicular. Dichas acciones est\u00e1n dirigidas a evitar el riesgo de abandono temprano del Sistema Educativo y complementar las acciones encaminadas a la mejora del \u00e9xito escolar que se desarrollan en los centros docentes p\u00fablicos andaluces.<\/p>\n<p><img loading=\"lazy\" decoding=\"async\" class=\"wp-image-4286 size-full aligncenter\" src=\"https:\/\/blogsaverroes.juntadeandalucia.es\/ceipsanjuanalh\/files\/2025\/05\/Logos.png\" alt=\"\" width=\"761\" height=\"49\" srcset=\"https:\/\/blogsaverroes.juntadeandalucia.es\/ceipsanjuanalh\/files\/2025\/05\/Logos.png 761w, https:\/\/blogsaverroes.juntadeandalucia.es\/ceipsanjuanalh\/files\/2025\/05\/Logos-480x31.png 480w\" sizes=\"(min-width: 0px) and (max-width: 480px) 480px, (min-width: 481px) 761px, 100vw\" \/><\/p>\n<p>&nbsp;<\/p>\n<h3>Buenas Pr\u00e1cticas<\/h3>\n<ul>\n<li>Favorecer la inclusi\u00f3n educativa y social del alumnado que requiera de esta medida, facilit\u00e1ndoles t\u00e9cnicas y herramientas necesarias para un desenvolvimiento aut\u00f3nomo.<\/li>\n<li>Contribuir a la consecuci\u00f3n de los objetivos establecidos en el curr\u00edculo de la etapa de Educaci\u00f3n Primaria y Educaci\u00f3n Secundaria Obligatoria dentro del Proyecto Educativo del centro.<\/li>\n<li>Apoyar la transformaci\u00f3n social y cultural del centro escolar y de la comunidad educativa.<\/li>\n<li>A la finalizaci\u00f3n del curso escolar se llevar\u00e1n a cabo Jornadas de buenas pr\u00e1cticas.<\/li>\n<\/ul>\n<p>&nbsp;<\/p>\n<h3>\u00bfA qu\u00e9 alumno va dirigido)<\/h3>\n<p>Con car\u00e1cter general, el alumnado al que se dirige el PROA Andaluc\u00eda ser\u00e1 el escolarizado en aquellos centros p\u00fablicos dependientes de la Consejer\u00eda de Desarrollo Educativo y Formaci\u00f3n Profesional de la Junta de Andaluc\u00eda que cada Delegaci\u00f3n Territorial de Desarrollo Educativo, Formaci\u00f3n Profesional, Universidad, Investigaci\u00f3n e Innovaci\u00f3n, proponga cada curso de entre aquellos que impartan las ense\u00f1anzas de Educaci\u00f3n Primaria y Educaci\u00f3n Secundaria Obligatoria y que escolaricen a un n\u00famero significativo de alumnos y alumnas con necesidades espec\u00edficas de apoyo educativo por precisar acciones de car\u00e1cter compensatorio. Cada una de las actuaciones que componen el PROA Andaluc\u00eda cuenta con requisitos espec\u00edficos en relaci\u00f3n con el alumnado destinatario.<\/p>\n<p>Podr\u00e1 adscribirse al Programa para la asistencia a las actividades en horario no lectivo aquel alumnado escolarizado en los centros docentes privados sostenidos con fondos p\u00fablicos. En este caso, el alumnado acudir\u00e1 al centro docente p\u00fablico asignado por la Delegaci\u00f3n Territorial correspondiente con competencias en materia de educaci\u00f3n y se deber\u00e1 contar con una adecuada coordinaci\u00f3n entre el centro que imparte el Programa y aquel del que proviene el alumnado.<\/p>\n<h3>\u00bfC\u00f3mo participan los docentes?<\/h3>\n<p>Si formas parte del Claustro de tu centro y est\u00e1s interesado en impartir las actuaciones de Acompa\u00f1amiento Escolar o Acompa\u00f1amiento Ling\u00fc\u00edstico para Alumnado Inmigrante, informa al Equipo Directivo antes de que efect\u00faen la solicitud del programa.<\/p>\n<p>Si nadie del claustro est\u00e1 interesado en impartir estas actuaciones, existe una modalidad alternativa. En este caso, el Acompa\u00f1amiento Escolar ser\u00e1 llevado a cabo por mentoras o mentores que deber\u00e1n estar en posesi\u00f3n de una titulaci\u00f3n universitaria, de un t\u00edtulo de t\u00e9cnico superior o ser estudiantes universitarios. Ser\u00e1n contratados por una empresa, previo contrato establecido entre dicha empresa y el centro educativo.<\/p>\n<p><strong>Grupos y horarios<\/strong><\/p>\n<p>El Acompa\u00f1amiento Escolar Domiciliario se organizar\u00e1 en dos sesiones de dos horas cada una, si bien, se contempla, en este caso, la posibilidad de flexibilizar el horario de atenci\u00f3n a este alumnado ampliando el n\u00famero de sesiones pero sin superar las cuatro horas semanales.<\/p>\n<p>El Acompa\u00f1amiento Ling\u00fc\u00edstico para Alumnado Inmigrante podr\u00e1 organizarse en grupos de dos o cuatro horas semanales. Los grupos de dos horas semanales se impartir\u00e1n de manera continuada en un solo d\u00eda, mientras que en el caso de los grupos de cuatro horas semanales se organizar\u00e1n, en dos sesiones semanales de dos horas cada una, programadas de lunes a jueves.<\/p>\n<p>En el caso del Acompa\u00f1amiento Escolar, podr\u00e1n organizarse grupos de cuatro o seis horas semanales, en sesiones de dos o tres horas diarias (dependiendo de si incluyen o no actividad f\u00edsico-deportiva), organizadas de lunes a jueves.<\/p>\n<p>De cualquier manera, queda excluido el uso de la tarde de los viernes.<\/p>\n<p>Cada alumna o alumno, con car\u00e1cter general, solo podr\u00e1 estar matriculado en un grupo.<\/p>\n<p>El profesorado solo podr\u00e1 impartir docencia en un grupo. Para optar a la tutorizaci\u00f3n de dos grupos, la direcci\u00f3n del centro deber\u00e1 certificar que la organizaci\u00f3n y dedicaci\u00f3n de las horas no lectivas y de aquellas destinadas al desarrollo de las actuaciones de PROA Andaluc\u00eda son compatibles con el horario personal del profesorado.<\/p>\n<h3>\u00bfEn qu\u00e9 consiste?<\/h3>\n<p>El PROA Andaluc\u00eda se compone, a su vez, de cinco actuaciones diferenciadas:<\/p>\n<p><em><strong>Plan de Apoyo y Refuerzo en Centros de Educaci\u00f3n Primaria.(PARCEP)<\/strong><\/em><\/p>\n<p>El Plan de Apoyo y Refuerzo en Centros de Educaci\u00f3n Primaria (PARCEP) se concibe como un proyecto global que, integrado dentro del Plan de Centro, pone en pr\u00e1ctica un conjunto de actuaciones encaminadas a la mejora de la calidad y cantidad de los aprendizajes, de la relaci\u00f3n del alumnado con el centro, de la participaci\u00f3n de las familias y de las posibilidades educativas del entorno del centro.<\/p>\n<p><em><strong>Plan de apoyo y Refuerzo en Centros de Educaci\u00f3n Secundaria.(PARCES)<\/strong><\/em><\/p>\n<p>El Plan de Apoyo y Refuerzo en Centros de Educaci\u00f3n Secundaria (PARCES) se concibe como un proyecto global que, integrado dentro del Plan de Centro, pone en pr\u00e1ctica un conjunto de actuaciones encaminadas a la mejora de la calidad y cantidad de los aprendizajes, de la relaci\u00f3n del alumnado con el centro, de la participaci\u00f3n de las familias y de las posibilidades educativas del entorno del centro. De manera espec\u00edfica, el plan de apoyo y refuerzo en centros de educaci\u00f3n secundaria contribuye de manera directa a la reducci\u00f3n del absentismo escolar y del abandono escolar temprano.<\/p>\n<p><em><strong>Acompa\u00f1amiento Escolar<\/strong><\/em><\/p>\n<p>El Acompa\u00f1amiento Escolar es una actuaci\u00f3n dirigida a mejorar la adquisici\u00f3n de las competencias clave, especialmente en comunicaci\u00f3n ling\u00fc\u00edstica y razonamiento matem\u00e1tico, del alumnado con necesidades espec\u00edficas de apoyo educativo que precisa acciones de car\u00e1cter compensatorio. Por tanto, se concibe como una medida motivadora, a la vez que favorecedora del \u00e9xito escolar, as\u00ed como una importante v\u00eda para la prevenci\u00f3n del absentismo y abandono escolar temprano.<\/p>\n<p><em><strong>Acompa\u00f1amiento Escolar Domiciliario<\/strong><\/em><\/p>\n<p>El Acompa\u00f1amiento Escolar Domiciliario es una actuaci\u00f3n dirigida a posibilitar la continuidad del proceso educativo a aquel alumnado de entre 6 y 16 a\u00f1os que presente necesidades espec\u00edficas de apoyo educativo por raz\u00f3n de enfermedad y que, por prescripci\u00f3n m\u00e9dica no pueda asistir a su centro docente durante un per\u00edodo prolongado de tiempo. Esta actuaci\u00f3n permite complementar otras formas de atenci\u00f3n domiciliaria puestas en funcionamiento por la Consejer\u00eda de Desarrollo Educativo y Formaci\u00f3n Profesional, as\u00ed como atender a un mayor n\u00famero de alumnos y alumnas que lo requieren.<\/p>\n<p>La actuaci\u00f3n de Acompa\u00f1amiento Escolar Domiciliario se podr\u00e1 desarrollar, \u00fanicamente, cuando en el domicilio se encuentre una persona responsable legal del alumno o de la alumna, que permanecer\u00e1 en el domicilio hasta la finalizaci\u00f3n de cada sesi\u00f3n.<\/p>\n<p><em><strong>Acompa\u00f1amiento Ling\u00fc\u00edstico para Alumnado Inmigrante<\/strong><\/em><\/p>\n<p>El Acompa\u00f1amiento Ling\u00fc\u00edstico para Alumnado Inmigrante es una actuaci\u00f3n dirigida al alumnado de origen extranjero que presenta dificultades para la comprensi\u00f3n y uso del espa\u00f1ol como lengua vehicular. Se desarrolla en los centros educativos de Educaci\u00f3n Primaria o Educaci\u00f3n Secundaria obligatoria durante dos o cuatro horas semanales en horario extraescolar de tarde. En este espacio, pueden desarrollar tanto actividades espec\u00edficas para el aprendizaje de la lengua, como para el desarrollo de h\u00e1bitos de organizaci\u00f3n del tiempo y planificaci\u00f3n del trabajo, que les permitan mejorar sus rendimientos acad\u00e9micos.<\/p>\n[\/et_pb_text][\/et_pb_column][et_pb_column type=&#8221;2_5&#8243; _builder_version=&#8221;4.16&#8243; custom_padding=&#8221;|||&#8221; global_colors_info=&#8221;{}&#8221; custom_padding__hover=&#8221;|||&#8221;][et_pb_sidebar _builder_version=&#8221;4.24.2&#8243; _module_preset=&#8221;default&#8221; global_colors_info=&#8221;{}&#8221;][\/et_pb_sidebar][\/et_pb_column][\/et_pb_row][\/et_pb_section]\n","protected":false},"excerpt":{"rendered":"<p>El PROA Andaluc\u00eda se concibe como un conjunto de actuaciones dirigidas a mejorar el grado de adquisici\u00f3n de las competencias clave y la motivaci\u00f3n del alumnado con necesidades espec\u00edficas de apoyo educativo por precisar acciones de car\u00e1cter compensatorio, que en el caso del alumnado de origen extranjero, adem\u00e1s, pretenden conseguir un nivel adecuado de uso [&hellip;]<\/p>\n","protected":false},"author":19178,"featured_media":0,"parent":0,"menu_order":0,"comment_status":"closed","ping_status":"closed","template":"","meta":{"_et_pb_use_builder":"on","_et_pb_old_content":"","_et_gb_content_width":"","ngg_post_thumbnail":0,"footnotes":"","_mc_calendar":[]},"aioseo_notices":[],"_links":{"self":[{"href":"https:\/\/blogsaverroes.juntadeandalucia.es\/ceipsanjuanalh\/wp-json\/wp\/v2\/pages\/4441"}],"collection":[{"href":"https:\/\/blogsaverroes.juntadeandalucia.es\/ceipsanjuanalh\/wp-json\/wp\/v2\/pages"}],"about":[{"href":"https:\/\/blogsaverroes.juntadeandalucia.es\/ceipsanjuanalh\/wp-json\/wp\/v2\/types\/page"}],"author":[{"embeddable":true,"href":"https:\/\/blogsaverroes.juntadeandalucia.es\/ceipsanjuanalh\/wp-json\/wp\/v2\/users\/19178"}],"replies":[{"embeddable":true,"href":"https:\/\/blogsaverroes.juntadeandalucia.es\/ceipsanjuanalh\/wp-json\/wp\/v2\/comments?post=4441"}],"version-history":[{"count":4,"href":"https:\/\/blogsaverroes.juntadeandalucia.es\/ceipsanjuanalh\/wp-json\/wp\/v2\/pages\/4441\/revisions"}],"predecessor-version":[{"id":4450,"href":"https:\/\/blogsaverroes.juntadeandalucia.es\/ceipsanjuanalh\/wp-json\/wp\/v2\/pages\/4441\/revisions\/4450"}],"wp:attachment":[{"href":"https:\/\/blogsaverroes.juntadeandalucia.es\/ceipsanjuanalh\/wp-json\/wp\/v2\/media?parent=4441"}],"curies":[{"name":"wp","href":"https:\/\/api.w.org\/{rel}","templated":true}]}}