{"id":789,"date":"2024-12-17T16:56:45","date_gmt":"2024-12-17T15:56:45","guid":{"rendered":"https:\/\/blogsaverroes.juntadeandalucia.es\/ceipsanjuanalh\/?page_id=789"},"modified":"2025-03-06T23:01:10","modified_gmt":"2025-03-06T22:01:10","slug":"accesibilidad","status":"publish","type":"page","link":"https:\/\/blogsaverroes.juntadeandalucia.es\/ceipsanjuanalh\/accesibilidad\/","title":{"rendered":"Accesibilidad"},"content":{"rendered":"[et_pb_section fb_built=&#8221;1&#8243; admin_label=&#8221;section&#8221; _builder_version=&#8221;4.16&#8243; global_colors_info=&#8221;{}&#8221;][et_pb_row admin_label=&#8221;row&#8221; _builder_version=&#8221;4.16&#8243; background_size=&#8221;initial&#8221; background_position=&#8221;top_left&#8221; background_repeat=&#8221;repeat&#8221; global_colors_info=&#8221;{}&#8221;][et_pb_column type=&#8221;4_4&#8243; _builder_version=&#8221;4.16&#8243; custom_padding=&#8221;|||&#8221; global_colors_info=&#8221;{}&#8221; custom_padding__hover=&#8221;|||&#8221;][et_pb_text _builder_version=&#8221;4.24.2&#8243; _module_preset=&#8221;default&#8221; hover_enabled=&#8221;0&#8243; global_colors_info=&#8221;{}&#8221; sticky_enabled=&#8221;0&#8243;]\n<div class=\"et_pb_section et_pb_section_0 et_pb_with_background et_section_regular\">\n<div class=\"et_pb_row et_pb_row_0 ba_ip_ayuda_destacada\">\n<div class=\"et_pb_column et_pb_column_4_4 et_pb_column_0  et_pb_css_mix_blend_mode_passthrough et-last-child\">\n<div class=\"et_pb_module et_pb_text et_pb_text_0  et_pb_text_align_left et_pb_bg_layout_light\">\n<div class=\"et_pb_text_inner\">\n<h1>Accesibilidad<\/h1>\n<p><span style=\"color: #666666;font-size: 14px\">La Consejer\u00eda de Desarrollo Educativo y Formaci\u00f3n Profesional de la Junta de Andaluc\u00eda est\u00e1 comprometida en hacer accesible su sitio web de conformidad con el <\/span><a style=\"font-size: 14px\" href=\"https:\/\/www.boe.es\/buscar\/act.php?id=BOE-A-2018-12699\" target=\"_blank\" rel=\"noopener noreferrer\">Real Decreto 1112\/2018, de 7 de septiembre, sobre accesibilidad de los sitios web y aplicaciones para dispositivos m\u00f3viles del sector p\u00fablico<\/a><span style=\"color: #666666;font-size: 14px\">.<\/span><\/p>\n<p><span style=\"color: #666666;font-size: 14px\">La presente declaraci\u00f3n de accesibilidad se aplica al sitio web&nbsp;<\/span><a style=\"font-size: 14px\" href=\"https:\/\/blogsaverroes.juntadeandalucia.es\/\">https:\/\/blogsaverroes.juntadeandalucia.es\/<\/a><\/p>\n<\/div>\n<\/div>\n<\/div>\n<\/div>\n<\/div>\n<div class=\"et_pb_section et_pb_section_1 et_pb_with_background et_section_regular section_has_divider et_pb_top_divider\">\n<div class=\"et_pb_row et_pb_row_1\">\n<div class=\"et_pb_column et_pb_column_4_4 et_pb_column_1  et_pb_css_mix_blend_mode_passthrough et-last-child\">\n<div class=\"et_pb_module et_pb_text et_pb_text_1 ba_in_contenido  et_pb_text_align_left et_pb_bg_layout_light\">\n<div class=\"et_pb_text_inner\">\n<h1>Situaci\u00f3n de cumplimiento<\/h1>\n<p>Este sitio web es parcialmente conforme con el Real Decreto 1112\/2018, de 7 de septiembre, sobre accesibilidad de los sitios web y aplicaciones para dispositivos m\u00f3viles del sector p\u00fablico, debido a la falta de conformidad de los aspectos que se indican a continuaci\u00f3n.<\/p>\n<h2>Contenido no accesible<\/h2>\n<p>El contenido que se recoge a continuaci\u00f3n no es accesible por lo siguiente:<\/p>\n<ul>\n<li>Falta de conformidad con el RD 1112\/2018:\n<ul>\n<li>Este sitio Web es una red de miles de Blogs, por lo que se escapa del \u00e1mbito de control en materia de accesibilidad, los contenidos y modificaciones de aspectos visuales realizados por los usuarios internos de BlogsAverroes en sus blogs de aula y espacios de centro, una vez est\u00e9 creado el Sitio. Desde BlogsAverroes se realizan las garant\u00edas de accesibilidad para el Sitio Web Principal (sin acceso por usuarios internos en modo edici\u00f3n), as\u00ed como las plantillas de Centro por defecto antes de que los usuarios hagan modificaciones sobre sus espacios.<\/li>\n<li>En algunas p\u00e1ginas podr\u00edan identificarse problemas en la generaci\u00f3n del html (ej. listas incorrectamente formadas, agrupaci\u00f3n estructural, tablas).<\/li>\n<li>Existen fallos puntuales de redacci\u00f3n de los contenidos que pueden incumplir reglas sobre el uso de encabezados.<\/li>\n<\/ul>\n<\/li>\n<li>El contenido no entra dentro del \u00e1mbito de la legislaci\u00f3n aplicable:\n<ul>\n<li>Podr\u00edan existir archivos ofim\u00e1ticos en PDF u otros formatos publicados antes del 21 de marzo de 2022 que no cumplan en su totalidad todos los requisitos de accesibilidad.<\/li>\n<\/ul>\n<\/li>\n<\/ul>\n<h2>Preparaci\u00f3n de la presente declaraci\u00f3n de accesibilidad<\/h2>\n<p>La presente declaraci\u00f3n fue preparada el 21 de marzo de 2022, con conformidad del nivel AA de las WCAG 2.1. La preparaci\u00f3n se ha realizado mediante una autoevaluaci\u00f3n de los requisitos de la norma UNE-EN 301-549:2019. \u00daltima revisi\u00f3n realizada: En curso.<\/p>\n<h2>Observaciones y datos de contacto<\/h2>\n<p>Puede realizar comunicaciones sobre requisitos de accesibilidad (art\u00edculo 10.2.a) del RD 1112\/2018) como por ejemplo:<\/p>\n<ul>\n<li>Informar sobre cualquier posible incumplimiento por parte de este sitio web.<\/li>\n<li>Transmitir otras dificultades de acceso al contenido.<\/li>\n<li>Formular cualquier otra consulta o sugerencia de mejora relativa a la accesibilidad del sitio web.<\/li>\n<\/ul>\n<p>A trav\u00e9s de la direcci\u00f3n de correo electr\u00f3nico:&nbsp;<a href=\"mailto:blogsaverroes.ced@juntadeandalucia.es\">blogsaverroes.ced@juntadeandalucia.es<\/a>.<\/p>\n<p>Las comunicaciones ser\u00e1n recibidas y tratadas por el Servicio de Sistemas de Informaci\u00f3n.<\/p>\n<h2>Procedimiento de aplicaci\u00f3n<\/h2>\n<p>Puede realizar reclamaciones sobre sus solicitudes de informaci\u00f3n accesible o quejas (art\u00edculo 13 del RD 1112\/2018) a trav\u00e9s del&nbsp;<a href=\"https:\/\/www.juntadeandalucia.es\/servicios\/procedimientos\/detalle\/14637\/datos-basicos.html\" target=\"_blank\" rel=\"noopener noreferrer\">Libro de Sugerencias y Reclamaciones<\/a>, mediante&nbsp;<a href=\"https:\/\/www.juntadeandalucia.es\/lsr\/lsr\/inicio.jsp\" target=\"_blank\" rel=\"noopener noreferrer\">la solicitud en l\u00ednea<\/a>&nbsp;o bien rellenando los&nbsp;<a href=\"https:\/\/www.juntadeandalucia.es\/haciendayadministracionpublica\/rpa-icms-doc\/icmsDescargaDoc.do?tipo=4b40ba71bf0bae77c7a9e6765035191a&amp;id=6c408e43867f920423fa717a2e096d99\" target=\"_blank\" rel=\"noopener noreferrer\">formularios<\/a>&nbsp;y present\u00e1ndolos en los Registros de Documentos, indicando la materia \u00abAccesibilidad de sitio web o aplicaci\u00f3n m\u00f3vil\u00bb.<\/p>\n<\/div>\n<\/div>\n<\/div>\n<\/div>\n<\/div>\n[\/et_pb_text][\/et_pb_column][\/et_pb_row][\/et_pb_section]\n","protected":false},"excerpt":{"rendered":"<p>Accesibilidad La Consejer\u00eda de Desarrollo Educativo y Formaci\u00f3n Profesional de la Junta de Andaluc\u00eda est\u00e1 comprometida en hacer accesible su sitio web de conformidad con el Real Decreto 1112\/2018, de 7 de septiembre, sobre accesibilidad de los sitios web y aplicaciones para dispositivos m\u00f3viles del sector p\u00fablico. La presente declaraci\u00f3n de accesibilidad se aplica al [&hellip;]<\/p>\n","protected":false},"author":19178,"featured_media":0,"parent":0,"menu_order":0,"comment_status":"closed","ping_status":"closed","template":"","meta":{"_et_pb_use_builder":"on","_et_pb_old_content":"","_et_gb_content_width":"","ngg_post_thumbnail":0,"footnotes":"","_mc_calendar":[]},"aioseo_notices":[],"_links":{"self":[{"href":"https:\/\/blogsaverroes.juntadeandalucia.es\/ceipsanjuanalh\/wp-json\/wp\/v2\/pages\/789"}],"collection":[{"href":"https:\/\/blogsaverroes.juntadeandalucia.es\/ceipsanjuanalh\/wp-json\/wp\/v2\/pages"}],"about":[{"href":"https:\/\/blogsaverroes.juntadeandalucia.es\/ceipsanjuanalh\/wp-json\/wp\/v2\/types\/page"}],"author":[{"embeddable":true,"href":"https:\/\/blogsaverroes.juntadeandalucia.es\/ceipsanjuanalh\/wp-json\/wp\/v2\/users\/19178"}],"replies":[{"embeddable":true,"href":"https:\/\/blogsaverroes.juntadeandalucia.es\/ceipsanjuanalh\/wp-json\/wp\/v2\/comments?post=789"}],"version-history":[{"count":10,"href":"https:\/\/blogsaverroes.juntadeandalucia.es\/ceipsanjuanalh\/wp-json\/wp\/v2\/pages\/789\/revisions"}],"predecessor-version":[{"id":2577,"href":"https:\/\/blogsaverroes.juntadeandalucia.es\/ceipsanjuanalh\/wp-json\/wp\/v2\/pages\/789\/revisions\/2577"}],"wp:attachment":[{"href":"https:\/\/blogsaverroes.juntadeandalucia.es\/ceipsanjuanalh\/wp-json\/wp\/v2\/media?parent=789"}],"curies":[{"name":"wp","href":"https:\/\/api.w.org\/{rel}","templated":true}]}}