{"id":2018,"date":"2015-06-08T12:56:23","date_gmt":"2015-06-08T12:56:23","guid":{"rendered":"http:\/\/blogsaverroes.juntadeandalucia.es\/ceipsanjuandelacruzbaeza\/?page_id=2018"},"modified":"2025-04-25T11:40:14","modified_gmt":"2025-04-25T11:40:14","slug":"calendario","status":"publish","type":"page","link":"https:\/\/blogsaverroes.juntadeandalucia.es\/ceipsanjuandelacruzbaeza\/calendario\/","title":{"rendered":"Calendario"},"content":{"rendered":"<h2 style=\"text-align: center\"><strong><span style=\"color: #000080\">Curso 2024\/2025<\/span><\/strong><\/h2>\n<p>El calendario escolar es fijado cada a\u00f1o por la Consejer\u00eda de Educaci\u00f3n y Deporte, y adaptado a cada municipio por el Consejo Escolar Municipal<\/p>\n<p><img fetchpriority=\"high\" decoding=\"async\" class=\"alignnone size-full wp-image-3323\" src=\"https:\/\/blogsaverroes.juntadeandalucia.es\/ceipsanjuandelacruzbaeza\/files\/2025\/03\/Calendario-propio-sin-lineas-2024-25-a_page-0001.jpg\" alt=\"\" width=\"1241\" height=\"1755\" srcset=\"https:\/\/blogsaverroes.juntadeandalucia.es\/ceipsanjuandelacruzbaeza\/files\/2025\/03\/Calendario-propio-sin-lineas-2024-25-a_page-0001.jpg 1131w, https:\/\/blogsaverroes.juntadeandalucia.es\/ceipsanjuandelacruzbaeza\/files\/2025\/03\/Calendario-propio-sin-lineas-2024-25-a_page-0001-212x300.jpg 212w, https:\/\/blogsaverroes.juntadeandalucia.es\/ceipsanjuandelacruzbaeza\/files\/2025\/03\/Calendario-propio-sin-lineas-2024-25-a_page-0001-724x1024.jpg 724w, https:\/\/blogsaverroes.juntadeandalucia.es\/ceipsanjuandelacruzbaeza\/files\/2025\/03\/Calendario-propio-sin-lineas-2024-25-a_page-0001-768x1086.jpg 768w, https:\/\/blogsaverroes.juntadeandalucia.es\/ceipsanjuandelacruzbaeza\/files\/2025\/03\/Calendario-propio-sin-lineas-2024-25-a_page-0001-1086x1536.jpg 1086w\" sizes=\"(max-width: 1241px) 100vw, 1241px\" \/><\/p>\n<p>&nbsp;<\/p>\n<p>&nbsp;<\/p>\n<p>&nbsp;<\/p>\n<p>&nbsp;<\/p>\n<p>&nbsp;<\/p>\n<p>&nbsp;<\/p>\n<p>&nbsp;<\/p>\n<p>&nbsp;<\/p>\n<p>&nbsp;<\/p>\n","protected":false},"excerpt":{"rendered":"<p>Curso 2024\/2025 El calendario escolar es fijado cada a\u00f1o por la Consejer\u00eda de Educaci\u00f3n y Deporte, y adaptado a cada municipio por el Consejo Escolar Municipal &nbsp; &nbsp; &nbsp; &nbsp; &nbsp; &nbsp; &nbsp; &nbsp; &nbsp;<\/p>\n","protected":false},"author":1,"featured_media":0,"parent":0,"menu_order":0,"comment_status":"open","ping_status":"closed","template":"","meta":{"ngg_post_thumbnail":0,"footnotes":"","_mc_calendar":[]},"aioseo_notices":[],"_links":{"self":[{"href":"https:\/\/blogsaverroes.juntadeandalucia.es\/ceipsanjuandelacruzbaeza\/wp-json\/wp\/v2\/pages\/2018"}],"collection":[{"href":"https:\/\/blogsaverroes.juntadeandalucia.es\/ceipsanjuandelacruzbaeza\/wp-json\/wp\/v2\/pages"}],"about":[{"href":"https:\/\/blogsaverroes.juntadeandalucia.es\/ceipsanjuandelacruzbaeza\/wp-json\/wp\/v2\/types\/page"}],"author":[{"embeddable":true,"href":"https:\/\/blogsaverroes.juntadeandalucia.es\/ceipsanjuandelacruzbaeza\/wp-json\/wp\/v2\/users\/1"}],"replies":[{"embeddable":true,"href":"https:\/\/blogsaverroes.juntadeandalucia.es\/ceipsanjuandelacruzbaeza\/wp-json\/wp\/v2\/comments?post=2018"}],"version-history":[{"count":14,"href":"https:\/\/blogsaverroes.juntadeandalucia.es\/ceipsanjuandelacruzbaeza\/wp-json\/wp\/v2\/pages\/2018\/revisions"}],"predecessor-version":[{"id":3352,"href":"https:\/\/blogsaverroes.juntadeandalucia.es\/ceipsanjuandelacruzbaeza\/wp-json\/wp\/v2\/pages\/2018\/revisions\/3352"}],"wp:attachment":[{"href":"https:\/\/blogsaverroes.juntadeandalucia.es\/ceipsanjuandelacruzbaeza\/wp-json\/wp\/v2\/media?parent=2018"}],"curies":[{"name":"wp","href":"https:\/\/api.w.org\/{rel}","templated":true}]}}