{"id":2341,"date":"2016-11-27T08:14:25","date_gmt":"2016-11-27T08:14:25","guid":{"rendered":"http:\/\/blogsaverroes.juntadeandalucia.es\/ceipsanjuandelacruzbaeza\/?page_id=2341"},"modified":"2026-03-09T16:22:12","modified_gmt":"2026-03-09T16:22:12","slug":"apadrinamiento-lector","status":"publish","type":"page","link":"https:\/\/blogsaverroes.juntadeandalucia.es\/ceipsanjuandelacruzbaeza\/apadrinamiento-lector\/","title":{"rendered":"Apadrinamiento lector"},"content":{"rendered":"<p>El&nbsp;<strong>APADRINAMIENTO LECTOR<\/strong>&nbsp;es una experiencia sencilla puesta en marcha para el fomento de la lectura, pero que conlleva otros aprendizajes significativos tanto o m\u00e1s importantes que los pretendidos inicialmente, a partir de las emociones que surgen de la cooperaci\u00f3n entre grandes y peque\u00f1os. Y es que con esta actividad se crean unos lazos afectivos que a ninguno de los protagonistas nos va a dejar indiferente.<\/p>\n<div align=\"justify\"><iframe src=\"\/\/www.youtube.com\/embed\/J9lLklDQoDc\" width=\"560\" height=\"314\"><\/iframe><\/div>\n<div align=\"justify\">&nbsp;<\/div>\n<div align=\"justify\">&nbsp;<\/div>\n<div align=\"justify\">A comienzos de curso emparejamos todas las clases del colegio, de tal forma que cada clase&nbsp; sea \u00abapadrinada\u00bb por otra clase de ni\u00f1os de Primaria. Una vez emparejados, los tutores\/as respectivos mantenemos una serie de reuniones para planificar c\u00f3mo vamos a organizar el trabajo, cu\u00e1ntas veces nos vamos a reunir, qu\u00e9 d\u00eda de la semana, y emparejamos a cada ni\u00f1o\/a con su padrino o madrina, teniendo en cuenta algunas caracter\u00edsticas personales, tanto de los ahijados y las ahijadas como de los padrinos y las madrinas, para evitar posibles conflictos.<\/div>\n<p>&nbsp;<\/p>\n<p><img fetchpriority=\"high\" decoding=\"async\" class=\"alignnone size-full wp-image-3435\" src=\"https:\/\/blogsaverroes.juntadeandalucia.es\/ceipsanjuandelacruzbaeza\/files\/2026\/03\/72488703_1674052639396448_1892800947864731648_n.jpg\" alt=\"\" width=\"1600\" height=\"900\" srcset=\"https:\/\/blogsaverroes.juntadeandalucia.es\/ceipsanjuandelacruzbaeza\/files\/2026\/03\/72488703_1674052639396448_1892800947864731648_n.jpg 1600w, https:\/\/blogsaverroes.juntadeandalucia.es\/ceipsanjuandelacruzbaeza\/files\/2026\/03\/72488703_1674052639396448_1892800947864731648_n-300x169.jpg 300w, https:\/\/blogsaverroes.juntadeandalucia.es\/ceipsanjuandelacruzbaeza\/files\/2026\/03\/72488703_1674052639396448_1892800947864731648_n-1024x576.jpg 1024w, https:\/\/blogsaverroes.juntadeandalucia.es\/ceipsanjuandelacruzbaeza\/files\/2026\/03\/72488703_1674052639396448_1892800947864731648_n-768x432.jpg 768w, https:\/\/blogsaverroes.juntadeandalucia.es\/ceipsanjuandelacruzbaeza\/files\/2026\/03\/72488703_1674052639396448_1892800947864731648_n-1536x864.jpg 1536w, https:\/\/blogsaverroes.juntadeandalucia.es\/ceipsanjuandelacruzbaeza\/files\/2026\/03\/72488703_1674052639396448_1892800947864731648_n-750x422.jpg 750w\" sizes=\"(max-width: 1600px) 100vw, 1600px\" \/> <img decoding=\"async\" class=\"alignnone size-full wp-image-3436\" src=\"https:\/\/blogsaverroes.juntadeandalucia.es\/ceipsanjuandelacruzbaeza\/files\/2026\/03\/484999731_1096768305802845_550202774672071017_n.jpg\" alt=\"\" width=\"1800\" height=\"1800\" srcset=\"https:\/\/blogsaverroes.juntadeandalucia.es\/ceipsanjuandelacruzbaeza\/files\/2026\/03\/484999731_1096768305802845_550202774672071017_n.jpg 1600w, https:\/\/blogsaverroes.juntadeandalucia.es\/ceipsanjuandelacruzbaeza\/files\/2026\/03\/484999731_1096768305802845_550202774672071017_n-300x300.jpg 300w, https:\/\/blogsaverroes.juntadeandalucia.es\/ceipsanjuandelacruzbaeza\/files\/2026\/03\/484999731_1096768305802845_550202774672071017_n-1024x1024.jpg 1024w, https:\/\/blogsaverroes.juntadeandalucia.es\/ceipsanjuandelacruzbaeza\/files\/2026\/03\/484999731_1096768305802845_550202774672071017_n-150x150.jpg 150w, https:\/\/blogsaverroes.juntadeandalucia.es\/ceipsanjuandelacruzbaeza\/files\/2026\/03\/484999731_1096768305802845_550202774672071017_n-768x768.jpg 768w, https:\/\/blogsaverroes.juntadeandalucia.es\/ceipsanjuandelacruzbaeza\/files\/2026\/03\/484999731_1096768305802845_550202774672071017_n-1536x1536.jpg 1536w, https:\/\/blogsaverroes.juntadeandalucia.es\/ceipsanjuandelacruzbaeza\/files\/2026\/03\/484999731_1096768305802845_550202774672071017_n-750x750.jpg 750w\" sizes=\"(max-width: 1800px) 100vw, 1800px\" \/><\/p>\n<div align=\"justify\">Normalmente hacemos una primera sesi\u00f3n de \u00abpresentaci\u00f3n\u00bb, para que los ni\u00f1os\/as se conozcan y se firman los contratos de apadrinamiento.<\/div>\n<p>&nbsp;<\/p>\n<div align=\"justify\">Los maestros estamos presentes en el aula mientras dura la actividad para cualquier ayuda que necesiten los padrinos y las madrinas, aunque hay que reconocer que \u00e9stos son verdaderamente aut\u00f3nomos y responsables en su trabajo con los m\u00e1s peque\u00f1os. Y se que est\u00e1n tan pendientes del trabajo, que \u00a1casi siempre hay que recordarles que es hora de terminar!<\/div>\n<p>&nbsp;<\/p>\n<div align=\"justify\">Pero no solo se trabajan con esta actividad aspectos relacionados con la lectura&#8230;. y es que tambi\u00e9n se fomenta en los peque\u00f1os una relaci\u00f3n de afecto hacia los mayores (y viceversa) que hace que ahora no s\u00f3lo nos veamos los viernes, ya que se aprovechan todas las ocasiones que nos brinda la escuela a lo largo del curso para afianzar los v\u00ednculos afectivos.&nbsp;<\/div>\n<div align=\"justify\">&nbsp;<\/div>\n<div align=\"justify\">&nbsp;<\/div>\n","protected":false},"excerpt":{"rendered":"<p>El&nbsp;APADRINAMIENTO LECTOR&nbsp;es una experiencia sencilla puesta en marcha para el fomento de la lectura, pero que conlleva otros aprendizajes significativos tanto o m\u00e1s importantes que los pretendidos inicialmente, a partir de las emociones que surgen de la cooperaci\u00f3n entre grandes y peque\u00f1os. Y es que con esta actividad se crean unos lazos afectivos que a &hellip; <\/p>\n<p><a class=\"more-link btn\" href=\"https:\/\/blogsaverroes.juntadeandalucia.es\/ceipsanjuandelacruzbaeza\/apadrinamiento-lector\/\">Seguir leyendo<\/a><\/p>\n","protected":false},"author":2198,"featured_media":0,"parent":0,"menu_order":0,"comment_status":"open","ping_status":"open","template":"","meta":{"ngg_post_thumbnail":0,"footnotes":"","_mc_calendar":[]},"aioseo_notices":[],"_links":{"self":[{"href":"https:\/\/blogsaverroes.juntadeandalucia.es\/ceipsanjuandelacruzbaeza\/wp-json\/wp\/v2\/pages\/2341"}],"collection":[{"href":"https:\/\/blogsaverroes.juntadeandalucia.es\/ceipsanjuandelacruzbaeza\/wp-json\/wp\/v2\/pages"}],"about":[{"href":"https:\/\/blogsaverroes.juntadeandalucia.es\/ceipsanjuandelacruzbaeza\/wp-json\/wp\/v2\/types\/page"}],"author":[{"embeddable":true,"href":"https:\/\/blogsaverroes.juntadeandalucia.es\/ceipsanjuandelacruzbaeza\/wp-json\/wp\/v2\/users\/2198"}],"replies":[{"embeddable":true,"href":"https:\/\/blogsaverroes.juntadeandalucia.es\/ceipsanjuandelacruzbaeza\/wp-json\/wp\/v2\/comments?post=2341"}],"version-history":[{"count":4,"href":"https:\/\/blogsaverroes.juntadeandalucia.es\/ceipsanjuandelacruzbaeza\/wp-json\/wp\/v2\/pages\/2341\/revisions"}],"predecessor-version":[{"id":3438,"href":"https:\/\/blogsaverroes.juntadeandalucia.es\/ceipsanjuandelacruzbaeza\/wp-json\/wp\/v2\/pages\/2341\/revisions\/3438"}],"wp:attachment":[{"href":"https:\/\/blogsaverroes.juntadeandalucia.es\/ceipsanjuandelacruzbaeza\/wp-json\/wp\/v2\/media?parent=2341"}],"curies":[{"name":"wp","href":"https:\/\/api.w.org\/{rel}","templated":true}]}}