{"id":3181,"date":"2023-02-03T07:23:06","date_gmt":"2023-02-03T07:23:06","guid":{"rendered":"https:\/\/blogsaverroes.juntadeandalucia.es\/ceipsanjuandelacruzbaeza\/?page_id=3181"},"modified":"2023-02-03T07:23:06","modified_gmt":"2023-02-03T07:23:06","slug":"valores","status":"publish","type":"page","link":"https:\/\/blogsaverroes.juntadeandalucia.es\/ceipsanjuandelacruzbaeza\/valores\/","title":{"rendered":"VALORES"},"content":{"rendered":"<p><span style=\"font-weight: 400\">Nos marcamos como valores a fomentar en nuestro centro:&nbsp;<\/span><\/p>\n<ul>\n<li style=\"list-style-type: none\">\n<ul>\n<li style=\"font-weight: 400\"><b>RESPETO<\/b><span style=\"font-weight: 400\">, alumnado que llegue al reconocimiento del valor propio y al de los dem\u00e1s.<\/span><\/li>\n<li style=\"font-weight: 400\"><b>TOLERANCIA<\/b><span style=\"font-weight: 400\">, que trae consigo el respeto a las opiniones, ideas o actitudes de las dem\u00e1s personas aunque no coincidan con las nuestras.<\/span><\/li>\n<li style=\"font-weight: 400\"><b>INNOVACI\u00d3N<\/b><span style=\"font-weight: 400\">. Queremos un centro que apueste por innovar con el fin de progresar e ir marcandonos siempre nuevos objetivos<\/span><\/li>\n<li style=\"font-weight: 400\"><b>RESPONSABILIDAD<\/b><span style=\"font-weight: 400\">. Un centro con alumnado comprometido con sus obligaciones y cuidadoso a la hora de tomar decisiones o realizar algo.<\/span><\/li>\n<li style=\"font-weight: 400\"><b>COMPA\u00d1ERISMO<\/b><span style=\"font-weight: 400\">, amistad, colaboraci\u00f3n y solidaridad entre compa\u00f1eros.<\/span><\/li>\n<li style=\"font-weight: 400\"><b>INCLUSI\u00d3N<\/b><span style=\"font-weight: 400\">, oportunidad y posibilidades para todos.<\/span><\/li>\n<li style=\"font-weight: 400\"><b>ESFUERZO<\/b><span style=\"font-weight: 400\">, actitud importante para nuestro alumnado, relacionada con la fuerza o el empe\u00f1o con el que han de afrontar las dificultades.<\/span><\/li>\n<li style=\"font-weight: 400\"><b>IGUALDAD<\/b><span style=\"font-weight: 400\">, valor fundamental para un trato id\u00e9ntico hacia todas las personas con ausencia de cualquier tipo de descriminaci\u00f3n.<\/span><\/li>\n<li style=\"font-weight: 400\"><b>EMPAT\u00cdA<\/b><span style=\"font-weight: 400\">. Imprescindible que nuestro alumnado sepa identificarse con el otro y ponerse en su lugar.<\/span><\/li>\n<li><b>SOLIDARIDAD, e<span style=\"font-weight: 400\">ste valor tan importante que permite esa colaboraci\u00f3n mutua entre las personas.<\/span><\/b><\/li>\n<li><strong>COMPROMISO<\/strong>, <span style=\"font-weight: 400\">queremos un alumnado comprometido consigo mismo y con los dem\u00e1s; un alumnado que sea consciente de la importancia que existe en cumplir con alg\u00fan acuerdo anterior.<\/span><\/li>\n<li><strong>CUIDADO AMBIENTAL Y SALUD<\/strong>. <span style=\"font-weight: 400\">Un centro que apueste por la prevenci\u00f3n y la creaci\u00f3n de ambientes propicios para una adecuada salud humana.<\/span><\/li>\n<\/ul>\n<\/li>\n<\/ul>\n<p>&nbsp;<\/p>\n<p><b><\/b><b><\/b><\/p>\n<p>&nbsp;<\/p>\n<p>&nbsp;<\/p>\n","protected":false},"excerpt":{"rendered":"<p>Nos marcamos como valores a fomentar en nuestro centro:&nbsp; RESPETO, alumnado que llegue al reconocimiento del valor propio y al de los dem\u00e1s. TOLERANCIA, que trae consigo el respeto a las opiniones, ideas o actitudes de las dem\u00e1s personas aunque no coincidan con las nuestras. INNOVACI\u00d3N. Queremos un centro que apueste por innovar con el &hellip; <\/p>\n<p><a class=\"more-link btn\" href=\"https:\/\/blogsaverroes.juntadeandalucia.es\/ceipsanjuandelacruzbaeza\/valores\/\">Seguir leyendo<\/a><\/p>\n","protected":false},"author":2198,"featured_media":0,"parent":0,"menu_order":0,"comment_status":"closed","ping_status":"closed","template":"","meta":{"ngg_post_thumbnail":0,"footnotes":"","_mc_calendar":[]},"aioseo_notices":[],"_links":{"self":[{"href":"https:\/\/blogsaverroes.juntadeandalucia.es\/ceipsanjuandelacruzbaeza\/wp-json\/wp\/v2\/pages\/3181"}],"collection":[{"href":"https:\/\/blogsaverroes.juntadeandalucia.es\/ceipsanjuandelacruzbaeza\/wp-json\/wp\/v2\/pages"}],"about":[{"href":"https:\/\/blogsaverroes.juntadeandalucia.es\/ceipsanjuandelacruzbaeza\/wp-json\/wp\/v2\/types\/page"}],"author":[{"embeddable":true,"href":"https:\/\/blogsaverroes.juntadeandalucia.es\/ceipsanjuandelacruzbaeza\/wp-json\/wp\/v2\/users\/2198"}],"replies":[{"embeddable":true,"href":"https:\/\/blogsaverroes.juntadeandalucia.es\/ceipsanjuandelacruzbaeza\/wp-json\/wp\/v2\/comments?post=3181"}],"version-history":[{"count":1,"href":"https:\/\/blogsaverroes.juntadeandalucia.es\/ceipsanjuandelacruzbaeza\/wp-json\/wp\/v2\/pages\/3181\/revisions"}],"predecessor-version":[{"id":3182,"href":"https:\/\/blogsaverroes.juntadeandalucia.es\/ceipsanjuandelacruzbaeza\/wp-json\/wp\/v2\/pages\/3181\/revisions\/3182"}],"wp:attachment":[{"href":"https:\/\/blogsaverroes.juntadeandalucia.es\/ceipsanjuandelacruzbaeza\/wp-json\/wp\/v2\/media?parent=3181"}],"curies":[{"name":"wp","href":"https:\/\/api.w.org\/{rel}","templated":true}]}}