{"id":3221,"date":"2023-03-23T12:25:39","date_gmt":"2023-03-23T12:25:39","guid":{"rendered":"https:\/\/blogsaverroes.juntadeandalucia.es\/ceipsanjuandelacruzbaeza\/?page_id=3221"},"modified":"2023-03-24T11:50:45","modified_gmt":"2023-03-24T11:50:45","slug":"epsa-escuela-promotora-de-salud","status":"publish","type":"page","link":"https:\/\/blogsaverroes.juntadeandalucia.es\/ceipsanjuandelacruzbaeza\/epsa-escuela-promotora-de-salud\/","title":{"rendered":"EPSA (Escuela Promotora de Salud)"},"content":{"rendered":"<p>La Red Andaluza de Escuelas Promotoras de Salud (en adelante EPSA) constituye una herramienta de innovaci\u00f3n educativa para la puesta en marcha y desarrollo de un Proyecto de transformaci\u00f3n integral hacia entornos m\u00e1s sostenibles y saludables (ESS).<\/p>\n<p>Este Programa para la Innovaci\u00f3n Educativa se configura desde las pol\u00edticas de salud y educaci\u00f3n y los nuevos avances en neurociencia, con la finalidad de dotar de competencias y habilidades al alumnado para que la elecci\u00f3n m\u00e1s sencilla sea la m\u00e1s saludable, capacitar al profesorado para generar escenarios de ense\u00f1anza-aprendizaje cooperativos, creativos, flexibles e inclusivos, e implicar a la comunidad para construir un Proyecto de transformaci\u00f3n, f\u00edsica y social, hacia entornos m\u00e1s sostenibles y saludables.<\/p>\n<p><strong>Pilares b\u00e1sicos de las Escuelas Promotoras de Salud<\/strong><\/p>\n<p>Enfoque sist\u00e9mico e integral de promoci\u00f3n de la salud. Combinar la educaci\u00f3n para la salud en el aula con medidas en el entorno escolar, desarrollo de competencias para la vida y bienestar, y participaci\u00f3n de toda la comunidad educativa.<\/p>\n<ul>\n<li>Participaci\u00f3n. Sentido de pertenencia por parte del alumnado, profesionales y familias.<\/li>\n<li>Educaci\u00f3n de Calidad. Se favorece la mejora en los procesos de ense\u00f1anza aprendizaje (AE) desde los fundamentos de las teor\u00edas de la educaci\u00f3n y de la salud, as\u00ed como los nuevos avances en neurociencia.<\/li>\n<li>Evidencia. Desarrollo de nuevos enfoques y pr\u00e1cticas basadas en evidencias.<\/li>\n<li>Escuela y Comunidad. Los centros educativos se consideran agentes activos para el desarrollo comunitario. Escuelas abiertas a la comunidad.<\/li>\n<\/ul>\n<p><a title=\"Pincha en el enlace para ver nuestro Plan de Actuaci\u00f3n para el curso 2022-2023\" href=\"https:\/\/issuu.com\/sanjuandelacruz2012\/docs\/epsa_plan_actuacion_2022-23\">Pincha en el enlace para ver nuestro Plan de Actuaci\u00f3n para el curso 2022-2023<\/a><\/p>\n","protected":false},"excerpt":{"rendered":"<p>La Red Andaluza de Escuelas Promotoras de Salud (en adelante EPSA) constituye una herramienta de innovaci\u00f3n educativa para la puesta en marcha y desarrollo de un Proyecto de transformaci\u00f3n integral hacia entornos m\u00e1s sostenibles y saludables (ESS). Este Programa para la Innovaci\u00f3n Educativa se configura desde las pol\u00edticas de salud y educaci\u00f3n y los nuevos &hellip; <\/p>\n<p><a class=\"more-link btn\" href=\"https:\/\/blogsaverroes.juntadeandalucia.es\/ceipsanjuandelacruzbaeza\/epsa-escuela-promotora-de-salud\/\">Seguir leyendo<\/a><\/p>\n","protected":false},"author":2198,"featured_media":0,"parent":0,"menu_order":0,"comment_status":"closed","ping_status":"closed","template":"","meta":{"ngg_post_thumbnail":0,"footnotes":"","_mc_calendar":[]},"aioseo_notices":[],"_links":{"self":[{"href":"https:\/\/blogsaverroes.juntadeandalucia.es\/ceipsanjuandelacruzbaeza\/wp-json\/wp\/v2\/pages\/3221"}],"collection":[{"href":"https:\/\/blogsaverroes.juntadeandalucia.es\/ceipsanjuandelacruzbaeza\/wp-json\/wp\/v2\/pages"}],"about":[{"href":"https:\/\/blogsaverroes.juntadeandalucia.es\/ceipsanjuandelacruzbaeza\/wp-json\/wp\/v2\/types\/page"}],"author":[{"embeddable":true,"href":"https:\/\/blogsaverroes.juntadeandalucia.es\/ceipsanjuandelacruzbaeza\/wp-json\/wp\/v2\/users\/2198"}],"replies":[{"embeddable":true,"href":"https:\/\/blogsaverroes.juntadeandalucia.es\/ceipsanjuandelacruzbaeza\/wp-json\/wp\/v2\/comments?post=3221"}],"version-history":[{"count":5,"href":"https:\/\/blogsaverroes.juntadeandalucia.es\/ceipsanjuandelacruzbaeza\/wp-json\/wp\/v2\/pages\/3221\/revisions"}],"predecessor-version":[{"id":3228,"href":"https:\/\/blogsaverroes.juntadeandalucia.es\/ceipsanjuandelacruzbaeza\/wp-json\/wp\/v2\/pages\/3221\/revisions\/3228"}],"wp:attachment":[{"href":"https:\/\/blogsaverroes.juntadeandalucia.es\/ceipsanjuandelacruzbaeza\/wp-json\/wp\/v2\/media?parent=3221"}],"curies":[{"name":"wp","href":"https:\/\/api.w.org\/{rel}","templated":true}]}}