{"id":42,"date":"2015-03-13T08:40:47","date_gmt":"2015-03-13T08:40:47","guid":{"rendered":"http:\/\/blogsaverroes.juntadeandalucia.es\/pre\/ceip\/?page_id=42"},"modified":"2025-04-04T11:58:53","modified_gmt":"2025-04-04T11:58:53","slug":"equipo","status":"publish","type":"page","link":"https:\/\/blogsaverroes.juntadeandalucia.es\/ceipsanjuandelacruzbaeza\/equipo\/","title":{"rendered":"Equipo"},"content":{"rendered":"<p style=\"text-align: center\"><span style=\"color: #0000ff\"><strong>CURS<\/strong><strong>O 2024<\/strong><strong>\/2025<\/strong><\/span><\/p>\n<p><span style=\"color: #0000ff\"><strong>EQUIPO DIRECTIVO<\/strong><\/span><\/p>\n<table style=\"height: 54px\" width=\"835\">\n<tbody>\n<tr>\n<td style=\"width: 272.708px;text-align: center\"><span style=\"color: #0000ff\"><strong>DIRECCI\u00d3N<\/strong><\/span><\/td>\n<td style=\"width: 272.708px;text-align: center\"><span style=\"color: #0000ff\"><strong>JEFATURA&nbsp; DE ESTUDIOS<\/strong><\/span><\/td>\n<td style=\"width: 272.708px;text-align: center\"><span style=\"color: #0000ff\">&nbsp;<strong>SECRETAR\u00cdA<\/strong><\/span><\/td>\n<\/tr>\n<tr>\n<td style=\"width: 272.708px\"><strong><img decoding=\"async\" class=\"wp-image-3328 aligncenter\" src=\"https:\/\/blogsaverroes.juntadeandalucia.es\/ceipsanjuandelacruzbaeza\/files\/2025\/04\/WhatsApp-Image-2025-04-04-at-13.42.19.jpeg\" alt=\"\" width=\"137\" height=\"163\" srcset=\"https:\/\/blogsaverroes.juntadeandalucia.es\/ceipsanjuandelacruzbaeza\/files\/2025\/04\/WhatsApp-Image-2025-04-04-at-13.42.19.jpeg 1343w, https:\/\/blogsaverroes.juntadeandalucia.es\/ceipsanjuandelacruzbaeza\/files\/2025\/04\/WhatsApp-Image-2025-04-04-at-13.42.19-252x300.jpeg 252w, https:\/\/blogsaverroes.juntadeandalucia.es\/ceipsanjuandelacruzbaeza\/files\/2025\/04\/WhatsApp-Image-2025-04-04-at-13.42.19-860x1024.jpeg 860w, https:\/\/blogsaverroes.juntadeandalucia.es\/ceipsanjuandelacruzbaeza\/files\/2025\/04\/WhatsApp-Image-2025-04-04-at-13.42.19-768x915.jpeg 768w, https:\/\/blogsaverroes.juntadeandalucia.es\/ceipsanjuandelacruzbaeza\/files\/2025\/04\/WhatsApp-Image-2025-04-04-at-13.42.19-1289x1536.jpeg 1289w\" sizes=\"(max-width: 137px) 100vw, 137px\" \/><\/strong><\/td>\n<td style=\"width: 272.708px\"><strong>&nbsp;<\/strong><\/td>\n<td style=\"width: 272.708px\"><strong> <img decoding=\"async\" class=\"wp-image-3327 aligncenter\" src=\"https:\/\/blogsaverroes.juntadeandalucia.es\/ceipsanjuandelacruzbaeza\/files\/2025\/04\/WhatsApp-Image-2025-03-30-at-13.34.32-1-e1743767044467.jpeg\" alt=\"\" width=\"174\" height=\"165\" srcset=\"https:\/\/blogsaverroes.juntadeandalucia.es\/ceipsanjuandelacruzbaeza\/files\/2025\/04\/WhatsApp-Image-2025-03-30-at-13.34.32-1-e1743767044467.jpeg 750w, https:\/\/blogsaverroes.juntadeandalucia.es\/ceipsanjuandelacruzbaeza\/files\/2025\/04\/WhatsApp-Image-2025-03-30-at-13.34.32-1-e1743767044467-300x285.jpeg 300w\" sizes=\"(max-width: 174px) 100vw, 174px\" \/><br \/>\n<\/strong><\/td>\n<\/tr>\n<tr>\n<td style=\"width: 272.708px;text-align: center\">Juan Manuel Bl\u00e1zquez \u00c1lvarez<\/td>\n<td style=\"width: 272.708px\">\n<p style=\"text-align: center\">Ana G\u00e1mez S\u00e1nchez<\/p>\n<\/td>\n<td style=\"width: 272.708px;text-align: center\">Roc\u00edo Merlos Ruiz<\/td>\n<\/tr>\n<\/tbody>\n<\/table>\n<p style=\"text-align: center\"><span style=\"color: #0000ff\"><strong>DISTRIBUCI\u00d3N DE TUTOR\u00cdAS<\/strong><\/span><\/p>\n<p>&nbsp;<\/p>\n<table class=\" aligncenter\" style=\"height: 940px;width: 96.5026%\">\n<tbody>\n<tr style=\"height: 46px\">\n<td style=\"background-color: #f2bdeb;width: 96.6252%;border-color: #000000;height: 46px\" colspan=\"3\"><strong>EDUCACI\u00d3N INFANTIL<\/strong><\/td>\n<\/tr>\n<tr style=\"height: 70px\">\n<td style=\"width: 17.0515%;height: 208px\" rowspan=\"3\">INFANTIL<\/td>\n<td style=\"width: 20.9591%;height: 70px\">INF 1 A<\/td>\n<td style=\"width: 58.6146%;height: 70px\">M\u00aa Carmen Santamar\u00eda Hortig\u00fcela<\/td>\n<\/tr>\n<tr style=\"height: 46px\">\n<td style=\"width: 20.9591%;height: 46px\">INF 2 A<\/td>\n<td style=\"width: 58.6146%;height: 46px\">Ana G\u00e1mez S\u00e1nchez<\/td>\n<\/tr>\n<tr style=\"height: 46px\">\n<td style=\"width: 20.9591%;height: 46px\">INF 3 A<\/td>\n<td style=\"width: 58.6146%;height: 46px\">Isabel L\u00f3pez Garc\u00eda<\/td>\n<\/tr>\n<tr style=\"height: 46px\">\n<td style=\"border-color: #000000;background-color: #f2dd22;width: 96.6252%;height: 46px\" colspan=\"3\"><strong>EDUCACI\u00d3N PRIMARIA<\/strong><\/td>\n<\/tr>\n<tr style=\"height: 46px\">\n<td style=\"width: 17.0515%;height: 138px\" rowspan=\"3\">1 ER CICLO<\/td>\n<td style=\"width: 20.9591%;height: 46px\">&nbsp;1\u00ba A<\/td>\n<td style=\"width: 58.6146%;height: 46px\">Juana Mar\u00eda L\u00f3pez Garc\u00eda<\/td>\n<\/tr>\n<tr>\n<td style=\"width: 20.9591%\">&nbsp; 1\u00ba B<\/td>\n<td style=\"width: 58.6146%\">Natalia G\u00e1mez Garc\u00eda<\/td>\n<\/tr>\n<tr style=\"height: 46px\">\n<td style=\"width: 20.9591%;height: 46px\">&nbsp; 2\u00ba A<\/td>\n<td style=\"width: 58.6146%;height: 46px\">Julia Selfa Viedma<\/td>\n<\/tr>\n<tr>\n<td style=\"width: 17.0515%\">&nbsp;<\/td>\n<td style=\"width: 20.9591%\">2\u00ba B<\/td>\n<td style=\"width: 58.6146%\">M\u00aa Vicenta Lorite Ruiz<\/td>\n<\/tr>\n<tr style=\"height: 46px\">\n<td style=\"width: 17.0515%;height: 83.6876px\" rowspan=\"3\">2\u00ba CICLO<\/td>\n<td style=\"width: 20.9591%;height: 46px\">3\u00ba A<\/td>\n<td style=\"width: 58.6146%;height: 46px\">Francisca G\u00e1mez Moreno<\/td>\n<\/tr>\n<tr style=\"height: 46px\">\n<td style=\"width: 20.9591%;height: 46px\">&nbsp; 4\u00baA<\/td>\n<td style=\"width: 58.6146%;height: 46px\">Sara L\u00f3pez Justicia<\/td>\n<\/tr>\n<tr style=\"height: 37.6876px\">\n<td style=\"width: 20.9591%;height: 37.6876px\">&nbsp; 4\u00ba B<\/td>\n<td style=\"width: 58.6146%;height: 37.6876px\">M\u00aa Isabel Garc\u00eda Casado<\/td>\n<\/tr>\n<tr style=\"height: 46px\">\n<td style=\"width: 17.0515%;height: 197px\" rowspan=\"3\">3ER CICLO<\/td>\n<td style=\"width: 20.9591%;height: 46px\">5\u00ba A<\/td>\n<td style=\"width: 58.6146%;height: 46px\">Roc\u00edo Mart\u00ednez Rodr\u00edguez<\/td>\n<\/tr>\n<tr style=\"height: 56px\">\n<td style=\"width: 20.9591%;height: 56px\">5\u00baB<\/td>\n<td style=\"width: 58.6146%;height: 56px\">Chelo Rodr\u00edguez Trujillo<\/td>\n<\/tr>\n<tr style=\"height: 49px\">\n<td style=\"width: 20.9591%;height: 49px\">6\u00ba A<\/td>\n<td style=\"width: 58.6146%;height: 49px\">Roc\u00edo Merlos Ruiz<\/td>\n<\/tr>\n<\/tbody>\n<\/table>\n<p>&nbsp;<\/p>\n<table class=\" aligncenter\" style=\"height: 569px;width: 104.152%\" width=\"482\">\n<tbody>\n<tr style=\"height: 26px\">\n<td style=\"width: 474.931px;height: 26px\" colspan=\"2\"><span style=\"color: #0000ff\"><strong>PROFES&nbsp; PROFESORADO ESPECIALISTA<\/strong><\/span><\/td>\n<\/tr>\n<tr style=\"height: 26px\">\n<td style=\"width: 214.931px;height: 26px\">Ingl\u00e9s Infantil y Primaria<\/td>\n<td style=\"width: 254.931px;height: 26px\">Sara L\u00f3pez Justicia<\/td>\n<\/tr>\n<tr style=\"height: 26px\">\n<td style=\"width: 214.931px;height: 26px\">Ingl\u00e9s Primaria<\/td>\n<td style=\"width: 254.931px;height: 26px\">Consuelo Rodr\u00edguez Trujillo<\/td>\n<\/tr>\n<tr style=\"height: 26px\">\n<td style=\"width: 214.931px;height: 26px\">Franc\u00e9s Primaria<\/td>\n<td style=\"width: 254.931px;height: 26px\">Rocio Merlos Ru\u00edz<\/td>\n<\/tr>\n<tr style=\"height: 26px\">\n<td style=\"width: 214.931px;height: 26px\">M\u00fasica Primaria<\/td>\n<td style=\"width: 254.931px;height: 26px\">Juan Manuel Bl\u00e1zquez \u00c1lvarez<\/td>\n<\/tr>\n<tr style=\"height: 26px\">\n<td style=\"width: 214.931px;height: 26px\">Educaci\u00f3n F\u00edsica Primaria<\/td>\n<td style=\"width: 254.931px;height: 26px\">Jos\u00e9 Luis Rodr\u00edguez Palomares<\/td>\n<\/tr>\n<tr style=\"height: 26px\">\n<td style=\"width: 214.931px;height: 26px\">Pedagog\u00eda Terap\u00e9utica<\/td>\n<td style=\"width: 254.931px;height: 26px\">Gema Mart\u00ednez Trujillo&nbsp;<\/td>\n<\/tr>\n<tr>\n<td style=\"width: 214.931px\">Audici\u00f3n y Lenguaje<\/td>\n<td style=\"width: 254.931px\">Francisca Calles<\/td>\n<\/tr>\n<tr style=\"height: 101px\">\n<td style=\"width: 214.931px;height: 101px\">Religi\u00f3n Cat\u00f3lica<\/td>\n<td style=\"width: 254.931px;height: 101px\">M\u00aa Dolores S\u00e1nchez<\/p>\n<p>M\u00aa Dolores Viedma J\u00f3dar<\/td>\n<\/tr>\n<tr>\n<td style=\"width: 214.931px\">Apoyo y Refuerzo Primaria Biling\u00fce<\/td>\n<td style=\"width: 254.931px\">Lorena P\u00e9rez C\u00e1rdenas<\/td>\n<\/tr>\n<tr>\n<td style=\"width: 214.931px\">Refuerzo ZTS<\/td>\n<td style=\"width: 254.931px\">M\u00aa Carmen Cabrera Contreras<\/td>\n<\/tr>\n<tr style=\"height: 26px\">\n<td style=\"width: 214.931px;height: 26px\">Apoyo y Refuerzo Primaria<\/td>\n<td style=\"width: 254.931px;height: 26px\">Francisca Rasc\u00f3n Mu\u00f1oz<\/td>\n<\/tr>\n<tr style=\"height: 26px\">\n<td style=\"width: 214.931px;height: 26px\">A.T.A.L<\/td>\n<td style=\"width: 254.931px;height: 26px\">M\u00aa \u00c1ngeles Vargas Jim\u00e9nez<\/td>\n<\/tr>\n<tr style=\"height: 26px\">\n<td style=\"width: 474.931px;height: 26px\" colspan=\"2\"><span style=\"color: #0000ff\"><strong>PERSONAL DE ADMINISTRACI\u00d3N Y SERVICIOS<\/strong><\/span><\/td>\n<\/tr>\n<tr style=\"height: 26px\">\n<td style=\"width: 214.931px;height: 26px\">Monitora Apoyo Direcci\u00f3n<\/td>\n<td style=\"width: 254.931px;height: 26px\">Francisca Martos Martos<\/td>\n<\/tr>\n<tr style=\"height: 26px\">\n<td style=\"width: 214.931px;height: 26px\">Monitora Educ. Infantil<\/td>\n<td style=\"width: 254.931px;height: 26px\">In\u00e9s Bergillos G\u00f3mez<\/td>\n<\/tr>\n<tr style=\"height: 26px\">\n<td style=\"width: 214.931px;height: 26px\">Monitora Aula Espec\u00edfica<\/td>\n<td style=\"width: 254.931px;height: 26px\">M\u00aa Magdalena L\u00f3pez Martos<\/td>\n<\/tr>\n<tr style=\"height: 26px\">\n<td style=\"width: 474.931px;height: 26px\" colspan=\"2\"><span style=\"color: #0000ff\"><strong>EQUIPO DE ORIENTACI\u00d3N ESCOLAR<\/strong> (EOE)<\/span><\/td>\n<\/tr>\n<tr style=\"height: 26px\">\n<td style=\"width: 214.931px;height: 26px\">Orientador de referencia<\/td>\n<td style=\"width: 254.931px;height: 26px\">Jos\u00e9 Luis Anti\u00f1olo Pi\u00f1ar<\/td>\n<\/tr>\n<tr style=\"height: 26px\">\n<td style=\"width: 214.931px;height: 26px\">Audici\u00f3n y Lenguaje<\/td>\n<td style=\"width: 254.931px;height: 26px\">Esther Reina De Besa<\/td>\n<\/tr>\n<tr style=\"height: 26px\">\n<td style=\"width: 214.931px;height: 26px\">E. Compensatoria<\/td>\n<td style=\"width: 254.931px;height: 26px\">&nbsp;<\/td>\n<\/tr>\n<tr style=\"height: 26px\">\n<td style=\"width: 214.931px;height: 26px\">M\u00e9dica de referencia<\/td>\n<td style=\"width: 254.931px;height: 26px\">Mar\u00eda Teresa Torres Sagaz<\/td>\n<\/tr>\n<\/tbody>\n<\/table>\n<p><strong><em><u>&nbsp;<\/u><\/em><\/strong><\/p>\n<p>&nbsp;<\/p>\n","protected":false},"excerpt":{"rendered":"<p>CURSO 2024\/2025 EQUIPO DIRECTIVO DIRECCI\u00d3N JEFATURA&nbsp; DE ESTUDIOS &nbsp;SECRETAR\u00cdA &nbsp; Juan Manuel Bl\u00e1zquez \u00c1lvarez Ana G\u00e1mez S\u00e1nchez Roc\u00edo Merlos Ruiz DISTRIBUCI\u00d3N DE TUTOR\u00cdAS &nbsp; EDUCACI\u00d3N INFANTIL INFANTIL INF 1 A M\u00aa Carmen Santamar\u00eda Hortig\u00fcela INF 2 A Ana G\u00e1mez S\u00e1nchez INF 3 A Isabel L\u00f3pez Garc\u00eda EDUCACI\u00d3N PRIMARIA 1 ER CICLO &nbsp;1\u00ba A Juana Mar\u00eda &hellip; <\/p>\n<p><a class=\"more-link btn\" href=\"https:\/\/blogsaverroes.juntadeandalucia.es\/ceipsanjuandelacruzbaeza\/equipo\/\">Seguir leyendo<\/a><\/p>\n","protected":false},"author":1,"featured_media":0,"parent":0,"menu_order":0,"comment_status":"open","ping_status":"open","template":"","meta":{"ngg_post_thumbnail":0,"footnotes":"","_mc_calendar":[]},"aioseo_notices":[],"_links":{"self":[{"href":"https:\/\/blogsaverroes.juntadeandalucia.es\/ceipsanjuandelacruzbaeza\/wp-json\/wp\/v2\/pages\/42"}],"collection":[{"href":"https:\/\/blogsaverroes.juntadeandalucia.es\/ceipsanjuandelacruzbaeza\/wp-json\/wp\/v2\/pages"}],"about":[{"href":"https:\/\/blogsaverroes.juntadeandalucia.es\/ceipsanjuandelacruzbaeza\/wp-json\/wp\/v2\/types\/page"}],"author":[{"embeddable":true,"href":"https:\/\/blogsaverroes.juntadeandalucia.es\/ceipsanjuandelacruzbaeza\/wp-json\/wp\/v2\/users\/1"}],"replies":[{"embeddable":true,"href":"https:\/\/blogsaverroes.juntadeandalucia.es\/ceipsanjuandelacruzbaeza\/wp-json\/wp\/v2\/comments?post=42"}],"version-history":[{"count":22,"href":"https:\/\/blogsaverroes.juntadeandalucia.es\/ceipsanjuandelacruzbaeza\/wp-json\/wp\/v2\/pages\/42\/revisions"}],"predecessor-version":[{"id":3330,"href":"https:\/\/blogsaverroes.juntadeandalucia.es\/ceipsanjuandelacruzbaeza\/wp-json\/wp\/v2\/pages\/42\/revisions\/3330"}],"wp:attachment":[{"href":"https:\/\/blogsaverroes.juntadeandalucia.es\/ceipsanjuandelacruzbaeza\/wp-json\/wp\/v2\/media?parent=42"}],"curies":[{"name":"wp","href":"https:\/\/api.w.org\/{rel}","templated":true}]}}