{"id":44,"date":"2015-03-13T08:42:15","date_gmt":"2015-03-13T08:42:15","guid":{"rendered":"http:\/\/blogsaverroes.juntadeandalucia.es\/pre\/ceip\/?page_id=44"},"modified":"2025-06-06T11:23:36","modified_gmt":"2025-06-06T11:23:36","slug":"planes-y-proyectos","status":"publish","type":"page","link":"https:\/\/blogsaverroes.juntadeandalucia.es\/ceipsanjuandelacruzbaeza\/planes-y-proyectos\/","title":{"rendered":"Planes y Programas"},"content":{"rendered":"<p style=\"text-align: justify\">El CEIP San Juan de la Cruz en los \u00faltimos a\u00f1os ha ido incrementando el n\u00famero de planes y proyectos que se realizan en el centro, siempre persiguiendo el objetivo de mejora de la convivencia y la mejora de los resultados acad\u00e9micos.<\/p>\n<p style=\"text-align: justify\">Estos Planes y Proyectos responden a un an\u00e1lisis exhaustivo de los resultados de las pruebas externas, que tras un periodo de reflexi\u00f3n dieron lugar a las distintas propuestas de mejora.<\/p>\n<p style=\"text-align: justify\">El claustro de profesorado entiende que la realizaci\u00f3n de estos Planes y Proyectos redunda en beneficio del proceso educativo y en la mejora del \u00e9xito escolar, por lo que su desarrollo e inclusi\u00f3n en su programaci\u00f3n did\u00e1ctica conforman un compromiso de todos y cada uno de sus miembros.<\/p>\n<p>Los planes y proyectos que desarrolla el centro son:<\/p>\n<div class=\"WaaZC\">\n<div class=\"RJPOee EIJn2\">\n<div class=\"zMgcWd dSKvsb\" data-il=\"\">\n<div data-crb-p=\"\">\n<div class=\"xFTqob\">\n<div class=\"vM0jzc\">\n<ul style=\"list-style-type: square\">\n<li>PLAN DE IGUALDAD DE G\u00c9NERO EN EDUCACI\u00d3N<\/li>\n<li>PROGRAMA DE CENTRO BILING\u00dcE- INGL\u00c9S<\/li>\n<li>PLAN DE APERTURA DE CENTROS DOCENTES<\/li>\n<li>PLAN DE SALUD LABORAL Y P.R.L.<\/li>\n<li>ORGANIZACI\u00d3N Y FUNCIONAMIENTO DE LAS BIBLIOTECAS ESCOLARES<\/li>\n<li>COMUNIDAD DE APRENDIZAJE<\/li>\n<li>PR\u00c1CTICUM GRADO MAESTRO<\/li>\n<li>PREVENCI\u00d3N DE LA VIOLENCIA DE G\u00c9NERO<\/li>\n<li>PROA+ \u00abTRANSF\u00d3RMATE\u00bb<\/li>\n<li>PROGRAMA DE ATENCI\u00d3N SOCIOEDUCATIVA ZTS<\/li>\n<li>RED ANDALUZA ESCUELA \u00abESPACIO DE PAZ\u00bb<\/li>\n<li>TRANSFORMACI\u00d3N DIGITAL EDUCATIVA<\/li>\n<li>PROGRAMA CIMA:&nbsp; ECOESCUELA; ESCUELA PROMOTORA DE LA SALUD; PROGRAMA ESCOLAR DE CONSUMO DE FRUTAS, HORTALIZAS Y LECHE.<\/li>\n<\/ul>\n<\/div>\n<\/div>\n<\/div>\n<\/div>\n<\/div>\n<\/div>\n<p style=\"text-align: justify\">&nbsp;<\/p>\n<p>&nbsp;<\/p>\n<p style=\"text-align: center\">&nbsp;<\/p>\n<p>&nbsp;<\/p>\n<p>&nbsp;<\/p>\n<p>&nbsp;<\/p>\n<p>&nbsp;<\/p>\n","protected":false},"excerpt":{"rendered":"<p>El CEIP San Juan de la Cruz en los \u00faltimos a\u00f1os ha ido incrementando el n\u00famero de planes y proyectos que se realizan en el centro, siempre persiguiendo el objetivo de mejora de la convivencia y la mejora de los resultados acad\u00e9micos. Estos Planes y Proyectos responden a un an\u00e1lisis exhaustivo de los resultados de &hellip; <\/p>\n<p><a class=\"more-link btn\" href=\"https:\/\/blogsaverroes.juntadeandalucia.es\/ceipsanjuandelacruzbaeza\/planes-y-proyectos\/\">Seguir leyendo<\/a><\/p>\n","protected":false},"author":1,"featured_media":0,"parent":0,"menu_order":0,"comment_status":"open","ping_status":"closed","template":"","meta":{"ngg_post_thumbnail":0,"footnotes":"","_mc_calendar":[]},"aioseo_notices":[],"_links":{"self":[{"href":"https:\/\/blogsaverroes.juntadeandalucia.es\/ceipsanjuandelacruzbaeza\/wp-json\/wp\/v2\/pages\/44"}],"collection":[{"href":"https:\/\/blogsaverroes.juntadeandalucia.es\/ceipsanjuandelacruzbaeza\/wp-json\/wp\/v2\/pages"}],"about":[{"href":"https:\/\/blogsaverroes.juntadeandalucia.es\/ceipsanjuandelacruzbaeza\/wp-json\/wp\/v2\/types\/page"}],"author":[{"embeddable":true,"href":"https:\/\/blogsaverroes.juntadeandalucia.es\/ceipsanjuandelacruzbaeza\/wp-json\/wp\/v2\/users\/1"}],"replies":[{"embeddable":true,"href":"https:\/\/blogsaverroes.juntadeandalucia.es\/ceipsanjuandelacruzbaeza\/wp-json\/wp\/v2\/comments?post=44"}],"version-history":[{"count":13,"href":"https:\/\/blogsaverroes.juntadeandalucia.es\/ceipsanjuandelacruzbaeza\/wp-json\/wp\/v2\/pages\/44\/revisions"}],"predecessor-version":[{"id":3361,"href":"https:\/\/blogsaverroes.juntadeandalucia.es\/ceipsanjuandelacruzbaeza\/wp-json\/wp\/v2\/pages\/44\/revisions\/3361"}],"wp:attachment":[{"href":"https:\/\/blogsaverroes.juntadeandalucia.es\/ceipsanjuandelacruzbaeza\/wp-json\/wp\/v2\/media?parent=44"}],"curies":[{"name":"wp","href":"https:\/\/api.w.org\/{rel}","templated":true}]}}