{"id":40,"date":"2020-01-10T09:33:33","date_gmt":"2020-01-10T08:33:33","guid":{"rendered":"http:\/\/blogsaverroes.juntadeandalucia.es\/pre\/nuevoies2v2\/?page_id=40"},"modified":"2022-09-23T20:06:51","modified_gmt":"2022-09-23T18:06:51","slug":"comedor-escolar","status":"publish","type":"page","link":"https:\/\/blogsaverroes.juntadeandalucia.es\/ceipsanmarcosweb\/comedor-escolar\/","title":{"rendered":"Comedor escolar"},"content":{"rendered":"<p><img loading=\"lazy\" decoding=\"async\" class=\"alignnone  wp-image-751\" src=\"https:\/\/blogsaverroes.juntadeandalucia.es\/ceipsanmarcosweb\/files\/2022\/09\/comedor-anuncio.jpg\" alt=\"\" width=\"138\" height=\"164\"><\/p>\n<p>Nuestro Comedor Escolar es un servicio complementario que resulta de gran utilidad a padres y madres para ayudarles a conciliar la vida laboral y familiar. Tienen una duraci\u00f3n de hasta dos horas desde que acaba la jornada escolar de la ma\u00f1ana (de 14.00 a 16.00 horas).<\/p>\n<p>Promueve una&nbsp;<strong>alimentaci\u00f3n saludable<\/strong>&nbsp;que, se caracteriza por:<\/p>\n<ul>\n<li>Una mayor proporci\u00f3n de&nbsp;<strong>verdura<\/strong>&nbsp;en los men\u00fas.<\/li>\n<li><strong>Fruta fresca<\/strong>&nbsp;como postre cuatro d\u00edas a la semana.<\/li>\n<li>Uso de&nbsp;<strong>aceite de oliva virgen extra<\/strong>.<\/li>\n<li><strong>M\u00e1s pescado que carne<\/strong>, que debe ser magra.<\/li>\n<li><strong>Limitaci\u00f3n&nbsp;<\/strong>de los&nbsp;<strong>fritos<\/strong>.<\/li>\n<li>Apuesta por la&nbsp;<strong>dieta mediterr\u00e1nea<\/strong>.<\/li>\n<\/ul>\n<p><strong>Precio del Servicio<\/strong>: el precio es 4,38 euros al d\u00eda. Con la bonificaci\u00f3n correspondiente (si la hubiera) y multiplicando por el n\u00famero de d\u00edas de servicio de cada mes se obtiene el recibo mensual.<\/p>\n","protected":false},"excerpt":{"rendered":"<p>Nuestro Comedor Escolar es un servicio complementario que resulta de gran utilidad a padres y madres para ayudarles a conciliar la vida laboral y familiar. Tienen una duraci\u00f3n de hasta dos horas desde que&#46;&#46;&#46;<\/p>\n","protected":false},"author":7051,"featured_media":0,"parent":0,"menu_order":0,"comment_status":"closed","ping_status":"closed","template":"","meta":{"ngg_post_thumbnail":0,"footnotes":""},"aioseo_notices":[],"_links":{"self":[{"href":"https:\/\/blogsaverroes.juntadeandalucia.es\/ceipsanmarcosweb\/wp-json\/wp\/v2\/pages\/40"}],"collection":[{"href":"https:\/\/blogsaverroes.juntadeandalucia.es\/ceipsanmarcosweb\/wp-json\/wp\/v2\/pages"}],"about":[{"href":"https:\/\/blogsaverroes.juntadeandalucia.es\/ceipsanmarcosweb\/wp-json\/wp\/v2\/types\/page"}],"author":[{"embeddable":true,"href":"https:\/\/blogsaverroes.juntadeandalucia.es\/ceipsanmarcosweb\/wp-json\/wp\/v2\/users\/7051"}],"replies":[{"embeddable":true,"href":"https:\/\/blogsaverroes.juntadeandalucia.es\/ceipsanmarcosweb\/wp-json\/wp\/v2\/comments?post=40"}],"version-history":[{"count":4,"href":"https:\/\/blogsaverroes.juntadeandalucia.es\/ceipsanmarcosweb\/wp-json\/wp\/v2\/pages\/40\/revisions"}],"predecessor-version":[{"id":752,"href":"https:\/\/blogsaverroes.juntadeandalucia.es\/ceipsanmarcosweb\/wp-json\/wp\/v2\/pages\/40\/revisions\/752"}],"wp:attachment":[{"href":"https:\/\/blogsaverroes.juntadeandalucia.es\/ceipsanmarcosweb\/wp-json\/wp\/v2\/media?parent=40"}],"curies":[{"name":"wp","href":"https:\/\/api.w.org\/{rel}","templated":true}]}}