{"id":543,"date":"2022-03-03T22:32:47","date_gmt":"2022-03-03T21:32:47","guid":{"rendered":"https:\/\/blogsaverroes.juntadeandalucia.es\/ceipsanmarcosweb\/?page_id=543"},"modified":"2022-09-25T12:35:00","modified_gmt":"2022-09-25T10:35:00","slug":"datosdelcentro","status":"publish","type":"page","link":"https:\/\/blogsaverroes.juntadeandalucia.es\/ceipsanmarcosweb\/datosdelcentro\/","title":{"rendered":"Datos del Centro"},"content":{"rendered":"<h4 style=\"text-align: left\"><span style=\"font-size: 14pt\"><strong>CENTRO: C.E.I.P. \u201cSAN MARCOS\u201d<\/strong><\/span><\/h4>\n<table class=\" alignleft\" style=\"width: 63.2898%\">\n<tbody>\n<tr>\n<td style=\"width: 40.2097%\"><strong>C\u00f3digo del Centro<\/strong><\/td>\n<td style=\"width: 58.2865%\">&nbsp;23601321<\/td>\n<\/tr>\n<tr>\n<td style=\"width: 40.2097%\"><strong>Direcci\u00f3n&nbsp;<\/strong><\/td>\n<td style=\"width: 58.2865%\">&nbsp;C\/ La Cruz, s\/n, Edificio Las Pilas<\/td>\n<\/tr>\n<tr>\n<td style=\"width: 40.2097%\"><strong>C\u00f3digo Postal<\/strong><\/td>\n<td style=\"width: 58.2865%\">&nbsp;23100<\/td>\n<\/tr>\n<tr>\n<td style=\"width: 40.2097%\"><strong>Localidad<\/strong><\/td>\n<td style=\"width: 58.2865%\">Mancha Real<\/td>\n<\/tr>\n<tr>\n<td style=\"width: 40.2097%\"><strong>Provincia&nbsp;<\/strong><\/td>\n<td style=\"width: 58.2865%\">&nbsp;Ja\u00e9n<\/td>\n<\/tr>\n<tr>\n<td style=\"width: 40.2097%\"><strong>Tel\u00e9fonos<\/strong><\/td>\n<td style=\"width: 58.2865%\">953 36 66 30 \/ 671 53 62 26<\/td>\n<\/tr>\n<tr>\n<td style=\"width: 40.2097%\"><strong>Tel\u00e9fonos Corporativos<\/strong><\/td>\n<td style=\"width: 58.2865%\">&nbsp;72 57 45 \/ 63 62 26<\/td>\n<\/tr>\n<tr>\n<td style=\"width: 40.2097%\"><strong>Correo electr\u00f3nico<\/strong><\/td>\n<td style=\"width: 58.2865%\">&nbsp;23601321.edu@juntadeandalucia.es<\/td>\n<\/tr>\n<tr>\n<td style=\"width: 40.2097%\"><strong>P\u00e1gina web<\/strong><\/td>\n<td style=\"width: 58.2865%\"><a href=\"https:\/\/blogsaverroes.juntadeandalucia.es\/ceipsanmarcosweb\/\" target=\"_blank\" rel=\"noopener noreferrer\">Web del centro<\/a><\/td>\n<\/tr>\n<tr>\n<td style=\"width: 40.2097%\"><strong>Facebook&nbsp;<\/strong><\/td>\n<td style=\"width: 58.2865%\"><a href=\"https:\/\/www.facebook.com\/laspilastv\/\" target=\"_blank\" rel=\"noopener noreferrer\">P\u00e1gina de Facebook<\/a><\/td>\n<\/tr>\n<tr>\n<td style=\"width: 40.2097%\"><strong>Oferta Educativa<\/strong><\/td>\n<td style=\"width: 58.2865%\">Segundo ciclo de Educaci\u00f3n Infantil<\/p>\n<p>Educaci\u00f3n Primaria<\/p>\n<p>Educaci\u00f3n B\u00e1sica Especial<\/p>\n<ul>\n<li>Educaci\u00f3n especial unidad espec\u00edfica<\/li>\n<li>Educaci\u00f3n especial apoyo a la integraci\u00f3n<\/li>\n<li>Audici\u00f3n y lenguaje apoyo a la integraci\u00f3n<\/li>\n<\/ul>\n<\/td>\n<\/tr>\n<\/tbody>\n<\/table>\n<p style=\"text-align: left\"><img loading=\"lazy\" decoding=\"async\" class=\"alignnone  wp-image-649\" src=\"https:\/\/blogsaverroes.juntadeandalucia.es\/ceipsanmarcosweb\/files\/2022\/09\/Escudo-CEIP-San-Marcos-150x150.jpg\" alt=\"\" width=\"230\" height=\"230\"><iframe loading=\"lazy\" src=\"https:\/\/www.google.com\/maps\/embed?pb=!1m18!1m12!1m3!1d641.5465061133712!2d-3.6099851604709996!3d37.78231978778408!2m3!1f0!2f0!3f0!3m2!1i1024!2i768!4f13.1!3m3!1m2!1s0xd6e7aef8f904905%3A0xe90d86b930cc6af2!2sColegio%20P%C3%BAblico%20San%20Marcos!5e1!3m2!1ses!2ses!4v1662802969691!5m2!1ses!2ses\" width=\"600\" height=\"450\"><\/iframe>&nbsp;<\/p>\n","protected":false},"excerpt":{"rendered":"<p>CENTRO: C.E.I.P. \u201cSAN MARCOS\u201d C\u00f3digo del Centro &nbsp;23601321 Direcci\u00f3n&nbsp; &nbsp;C\/ La Cruz, s\/n, Edificio Las Pilas C\u00f3digo Postal &nbsp;23100 Localidad Mancha Real Provincia&nbsp; &nbsp;Ja\u00e9n Tel\u00e9fonos 953 36 66 30 \/ 671 53 62 26&#46;&#46;&#46;<\/p>\n","protected":false},"author":13488,"featured_media":0,"parent":0,"menu_order":0,"comment_status":"closed","ping_status":"closed","template":"","meta":{"ngg_post_thumbnail":0,"footnotes":""},"aioseo_notices":[],"_links":{"self":[{"href":"https:\/\/blogsaverroes.juntadeandalucia.es\/ceipsanmarcosweb\/wp-json\/wp\/v2\/pages\/543"}],"collection":[{"href":"https:\/\/blogsaverroes.juntadeandalucia.es\/ceipsanmarcosweb\/wp-json\/wp\/v2\/pages"}],"about":[{"href":"https:\/\/blogsaverroes.juntadeandalucia.es\/ceipsanmarcosweb\/wp-json\/wp\/v2\/types\/page"}],"author":[{"embeddable":true,"href":"https:\/\/blogsaverroes.juntadeandalucia.es\/ceipsanmarcosweb\/wp-json\/wp\/v2\/users\/13488"}],"replies":[{"embeddable":true,"href":"https:\/\/blogsaverroes.juntadeandalucia.es\/ceipsanmarcosweb\/wp-json\/wp\/v2\/comments?post=543"}],"version-history":[{"count":14,"href":"https:\/\/blogsaverroes.juntadeandalucia.es\/ceipsanmarcosweb\/wp-json\/wp\/v2\/pages\/543\/revisions"}],"predecessor-version":[{"id":805,"href":"https:\/\/blogsaverroes.juntadeandalucia.es\/ceipsanmarcosweb\/wp-json\/wp\/v2\/pages\/543\/revisions\/805"}],"wp:attachment":[{"href":"https:\/\/blogsaverroes.juntadeandalucia.es\/ceipsanmarcosweb\/wp-json\/wp\/v2\/media?parent=543"}],"curies":[{"name":"wp","href":"https:\/\/api.w.org\/{rel}","templated":true}]}}