{"id":545,"date":"2022-03-03T22:32:48","date_gmt":"2022-03-03T21:32:48","guid":{"rendered":"https:\/\/blogsaverroes.juntadeandalucia.es\/ceipsanmarcosweb\/?page_id=545"},"modified":"2022-08-28T13:36:17","modified_gmt":"2022-08-28T12:36:17","slug":"proa","status":"publish","type":"page","link":"https:\/\/blogsaverroes.juntadeandalucia.es\/ceipsanmarcosweb\/proa\/","title":{"rendered":"PROA"},"content":{"rendered":"<p>El objetivo principal del Programa es&nbsp;ser un recurso m\u00e1s a disposici\u00f3n de los centros educativos para frenar los casos de fracaso y\/o abandono escolar.<\/p>\n<hr>\n<p><strong>Servicio de Orientaci\u00f3n Educativa y Atenci\u00f3n a la Diversidad<\/strong><\/p>\n<p>El PROA Andaluc\u00eda se concibe como un conjunto de actuaciones dirigidas a mejorar el grado de adquisici\u00f3n de las competencias clave y la motivaci\u00f3n del alumnado con necesidades espec\u00edficas de apoyo educativo que precisan&nbsp;acciones de car\u00e1cter compensatorio. En el caso del alumnado de origen extranjero, adem\u00e1s, pretenden conseguir un nivel adecuado de uso del espa\u00f1ol como lengua vehicular, imprescindible en su proceso de ense\u00f1anza-aprendizaje y desarrollo e integraci\u00f3n social.<\/p>\n<p>Dichas acciones est\u00e1n dirigidas a evitar el riesgo de abandono temprano del sistema educativo, y complementar las acciones encaminadas a la mejora del \u00e9xito escolar, que se desarrollan en los centros docentes p\u00fablicos andaluces.<\/p>\n<p>El Programa se ha utilizado como instrumento para dar respuesta en los centros p\u00fablicos al alumnado que precisa actuaciones de car\u00e1cter compensatorio, con objeto de garantizar la igualdad de oportunidades, incrementar el \u00e9xito escolar del alumnado y prevenir el absentismo y el abandono escolar temprano.<\/p>\n<p>Se compone, a su vez, de cinco actuaciones diferenciadas:<\/p>\n<p>&#8211; Plan de Apoyo y Refuerzo en Centros de Educaci\u00f3n Primaria (PARCEP)<\/p>\n<p>&#8211; Plan de apoyo y Refuerzo en Centros de Educaci\u00f3n Secundaria (PARCES)<\/p>\n<p>&#8211; Acompa\u00f1amiento Escolar<\/p>\n<p>&#8211; Acompa\u00f1amiento Escolar Domiciliario<\/p>\n<p>&#8211; Acompa\u00f1amiento Ling\u00fc\u00edstico para Alumnado Inmigrante<\/p>\n<p><strong>Breve historia de PROA<\/strong><\/p>\n<ul>\n<li><strong>2006:&nbsp;se inicia el programa<\/strong>. Se suscribi\u00f3 un Convenio de Colaboraci\u00f3n entre el Ministerio de Educaci\u00f3n y la Consejer\u00eda de Educaci\u00f3n para su financiaci\u00f3n. En este a\u00f1o se cont\u00f3 con 438 participantes.<\/li>\n<li><strong>Crecimiento progresivo<\/strong>&nbsp;en los sucesivos a\u00f1os, en el curso 2011-2012 contamos con 6553 participantes.<\/li>\n<li>En el&nbsp;<strong>curso 2012-2013<\/strong>, el Ministerio de Educaci\u00f3n decidi\u00f3 retirar su aportaci\u00f3n y el programa pasa a ser financiado \u00fanicamente por el Gobierno Andaluz. Para su gesti\u00f3n y seguimiento el programa se incorpora al sistema informativo&nbsp;<em>S\u00e9neca<\/em>.<\/li>\n<li><strong>A partir de 2014<\/strong>, acuerdo Consejo de Gobierno y cofinanciaci\u00f3n con fondos sociales europeos. Este Programa es una de las operaciones que se incluyen en el Programa Operativo de Fondo Social Europeo para el periodo 2014-2020, el cual incluye entre sus objetivos la disminuci\u00f3n y prevenci\u00f3n del abandono escolar prematuro y promoci\u00f3n de la igualdad de acceso a una Educaci\u00f3n Primaria y Secundaria de calidad.<\/li>\n<li><strong>Actualmente&nbsp;<\/strong>se contin\u00faa con este modelo de cofinanciaci\u00f3n, el programa se desarrolla con fondos sociales europeos y propios de la junta de Andaluc\u00eda.<\/li>\n<\/ul>\n<p>En cuanto al&nbsp;<strong>alumnado atendido<\/strong>, estos son algunos datos de los \u00faltimos a\u00f1os de desarrollo del Programa:<\/p>\n<dl>\n<dd>&nbsp;<\/dd>\n<dd>\n<table width=\"572\" cellspacing=\"0\" cellpadding=\"7\">\n<colgroup>\n<col width=\"127\">\n<col width=\"128\">\n<col width=\"130\">\n<col width=\"129\"><\/colgroup>\n<tbody>\n<tr valign=\"top\">\n<td width=\"127\" height=\"5\">\n<p align=\"justify\"><span style=\"font-family: NewsGotT\"><span style=\"font-size: small\">CURSO<\/span><\/span><\/p>\n<\/td>\n<td width=\"128\">\n<p align=\"justify\"><span style=\"font-family: NewsGotT\"><span style=\"font-size: small\">GRUPOS<\/span><\/span><\/p>\n<\/td>\n<td width=\"130\">\n<p align=\"justify\"><span style=\"font-family: NewsGotT\"><span style=\"font-size: small\">ALUMNADO<\/span><\/span><\/p>\n<\/td>\n<td width=\"129\">\n<p align=\"justify\"><span style=\"font-family: NewsGotT\"><span style=\"font-size: small\"><span lang=\"es-ES\">PROMOCI<\/span><span lang=\"es-ES\">\u00d3<\/span><span lang=\"es-ES\">N<\/span><\/span><\/span><\/p>\n<\/td>\n<\/tr>\n<tr valign=\"top\">\n<td width=\"127\" height=\"6\">\n<p align=\"justify\"><span style=\"font-family: NewsGotT\"><span style=\"font-size: small\">2017\/18<\/span><\/span><\/p>\n<\/td>\n<td width=\"128\">\n<p align=\"justify\"><span style=\"font-family: NewsGotT\"><span style=\"font-size: small\">6523<\/span><\/span><\/p>\n<\/td>\n<td width=\"130\">\n<p align=\"justify\"><span style=\"font-family: NewsGotT\"><span style=\"font-size: small\">57105<\/span><\/span><\/p>\n<\/td>\n<td width=\"129\">\n<p align=\"justify\"><span style=\"font-family: NewsGotT\"><span style=\"font-size: small\">87.69 %<\/span><\/span><\/p>\n<\/td>\n<\/tr>\n<tr valign=\"top\">\n<td width=\"127\" height=\"6\">\n<p align=\"justify\"><span style=\"font-family: NewsGotT\"><span style=\"font-size: small\">2018\/19<\/span><\/span><\/p>\n<\/td>\n<td width=\"128\">\n<p align=\"justify\"><span style=\"font-family: NewsGotT\"><span style=\"font-size: small\">6556<\/span><\/span><\/p>\n<\/td>\n<td width=\"130\">\n<p align=\"justify\"><span style=\"font-family: NewsGotT\"><span style=\"font-size: small\">67602<\/span><\/span><\/p>\n<\/td>\n<td width=\"129\">\n<p align=\"justify\"><span style=\"font-family: NewsGotT\"><span style=\"font-size: small\">86.89 %<\/span><\/span><\/p>\n<\/td>\n<\/tr>\n<tr valign=\"top\">\n<td width=\"127\" height=\"6\">\n<p align=\"justify\"><span style=\"font-family: NewsGotT\"><span style=\"font-size: small\">2019\/20<\/span><\/span><\/p>\n<\/td>\n<td width=\"128\">\n<p align=\"justify\"><span style=\"font-family: NewsGotT\"><span style=\"font-size: small\">6584<\/span><\/span><\/p>\n<\/td>\n<td width=\"130\">\n<p align=\"justify\"><span style=\"font-family: NewsGotT\"><span style=\"font-size: small\">63958<\/span><\/span><\/p>\n<\/td>\n<td width=\"129\">\n<p align=\"justify\"><span style=\"font-family: NewsGotT\"><span style=\"font-size: small\">90.03 %<\/span><\/span><\/p>\n<\/td>\n<\/tr>\n<\/tbody>\n<\/table>\n<\/dd>\n<dd>&nbsp;<\/dd>\n<dd>Como se puede comprobar en la tabla, desde sus inicios&nbsp;el Programa PROA Andaluc\u00eda ha sido acogido de forma positiva y ha ido creciendo en n\u00famero de centros y grupos en los que se imparte, abarcando a un importante n\u00famero de alumnado que se beneficia del mismo. Muestra de los beneficios de este Programa y de su incidencia en la mejora de los resultados educativos de nuestro alumnado son los porcentajes de promoci\u00f3n del alumnado que se ha beneficiado del mismo, que en los \u00faltimos cursos se encuentra en torno al 87-90%.<\/dd>\n<\/dl>\n<p>En el curso escolar 2020\/21, casi 1600 centros est\u00e1n desarrollando el Programa, y aunque esto representa una disminuci\u00f3n con respecto al curso pasado est\u00e1 en relaci\u00f3n con los inevitables miedos, situaciones personales y familiares debido a la situaci\u00f3n sanitaria actual. Consideramos que, precisamente, en el presente curso escolar el Programa ser\u00e1 tambi\u00e9n una medida paliativa para el alumnado que haya podido tener dificultad en el proceso de ense\u00f1anza-aprendizaje como consecuencia del cierre de los centros educativos por el COVID-19.<\/p>\n<p>As\u00ed pues, en este sentido se propiciar\u00e1 el m\u00e1ximo grado de coordinaci\u00f3n con el profesorado que atiende al alumno o la alumna de forma habitual en su centro, siendo fundamental la colaboraci\u00f3n con el tutor o tutora para determinar el contenido de la programaci\u00f3n de trabajo de la forma m\u00e1s acorde posible a la que se ven\u00eda desarrollando en el centro y a la que el alumno o la alumna se reincorporar\u00e1. Ser\u00e1 prioritario que esta coordinaci\u00f3n garantice el seguimiento y desarrollo de los planes de refuerzo de las \u00e1reas instrumentales que este alumnado pueda llevar a cabo en horario lectivo.<\/p>\n<p>Por este motivo,&nbsp;<strong>se adelanta el inicio&nbsp;<\/strong>del Programa de Refuerzo, Orientaci\u00f3n y Apoyo en los centros docentes p\u00fablicos dependientes de la Consejer\u00eda de Educaci\u00f3n y Deporte de la Junta de Andaluc\u00eda (PROA Andaluc\u00eda) para el curso escolar 2020\/21, siendo la fecha de inicio el 28 de septiembre.<\/p>\n<p>Asimismo, este a\u00f1o se ha incluido como novedad la realizaci\u00f3n de una jornada de formaci\u00f3n online obligatoria para todos los centros participantes, al objeto de informarles sobre la organizaci\u00f3n y funcionamiento del Programa, para que este pueda desarrollarse con las garant\u00edas necesarias. Podr\u00e1 consultarse toda la informaci\u00f3n en la p\u00e1gina del AVFP, ya que el curso permanecer\u00e1 en abierto.<\/p>\n<p>Por otra parte, durante el curso escolar 2020\/21, los centros que desarrollen la actuaci\u00f3n de Acompa\u00f1amiento Escolar, y que preferentemente no cuenten con el programa Escuelas Deportivas, podr\u00e1n solicitar incluir actividades f\u00edsico-deportivas a fin de promover&nbsp;<strong>h\u00e1bitos de vida saludable<\/strong>, en las condiciones que se recogen en el Anexo correspondiente, y siempre bajo autorizaci\u00f3n de la Consejer\u00eda de Educaci\u00f3n y Deporte.<\/p>\n<p>De las modalidades que se pueden llevar a cabo, el Acompa\u00f1amiento Escolar es la m\u00e1s demandada, al ser la que cuenta con mayor n\u00famero de alumnado atendido. Consiste en un refuerzo de aprendizajes instrumentales para mejorar el nivel de adquisici\u00f3n de las competencias.&nbsp;<\/p>\n<p><strong>Acompa\u00f1amiento escolar<\/strong><\/p>\n<p>El Acompa\u00f1amiento Escolar podr\u00e1 llevarse a cabo a trav\u00e9s de dos modalidades:<\/p>\n<p>&#8211;&nbsp;<strong>Modalidad A.<\/strong>&nbsp;El acompa\u00f1amiento ser\u00e1 llevado a cabo por mentores\/mentoras que ser\u00e1n contratados por una empresa, previo contrato establecido entre dicha empresa y el centro educativo.<\/p>\n<p>&#8211;&nbsp;<strong>Modalidad B.<\/strong>&nbsp;El acompa\u00f1amiento ser\u00e1 realizado por el profesorado del propio centro educativo, incluyendo al profesorado en situaci\u00f3n de interinidad al que se le prevea una permanencia en el centro durante todo el per\u00edodo de duraci\u00f3n del acompa\u00f1amiento.<\/p>\n","protected":false},"excerpt":{"rendered":"<p>El objetivo principal del Programa es&nbsp;ser un recurso m\u00e1s a disposici\u00f3n de los centros educativos para frenar los casos de fracaso y\/o abandono escolar. Servicio de Orientaci\u00f3n Educativa y Atenci\u00f3n a la Diversidad El&#46;&#46;&#46;<\/p>\n","protected":false},"author":13488,"featured_media":0,"parent":0,"menu_order":0,"comment_status":"closed","ping_status":"closed","template":"","meta":{"ngg_post_thumbnail":0,"footnotes":""},"aioseo_notices":[],"_links":{"self":[{"href":"https:\/\/blogsaverroes.juntadeandalucia.es\/ceipsanmarcosweb\/wp-json\/wp\/v2\/pages\/545"}],"collection":[{"href":"https:\/\/blogsaverroes.juntadeandalucia.es\/ceipsanmarcosweb\/wp-json\/wp\/v2\/pages"}],"about":[{"href":"https:\/\/blogsaverroes.juntadeandalucia.es\/ceipsanmarcosweb\/wp-json\/wp\/v2\/types\/page"}],"author":[{"embeddable":true,"href":"https:\/\/blogsaverroes.juntadeandalucia.es\/ceipsanmarcosweb\/wp-json\/wp\/v2\/users\/13488"}],"replies":[{"embeddable":true,"href":"https:\/\/blogsaverroes.juntadeandalucia.es\/ceipsanmarcosweb\/wp-json\/wp\/v2\/comments?post=545"}],"version-history":[{"count":2,"href":"https:\/\/blogsaverroes.juntadeandalucia.es\/ceipsanmarcosweb\/wp-json\/wp\/v2\/pages\/545\/revisions"}],"predecessor-version":[{"id":588,"href":"https:\/\/blogsaverroes.juntadeandalucia.es\/ceipsanmarcosweb\/wp-json\/wp\/v2\/pages\/545\/revisions\/588"}],"wp:attachment":[{"href":"https:\/\/blogsaverroes.juntadeandalucia.es\/ceipsanmarcosweb\/wp-json\/wp\/v2\/media?parent=545"}],"curies":[{"name":"wp","href":"https:\/\/api.w.org\/{rel}","templated":true}]}}