{"id":611,"date":"2022-09-03T12:16:39","date_gmt":"2022-09-03T11:16:39","guid":{"rendered":"https:\/\/blogsaverroes.juntadeandalucia.es\/ceipsanmarcosweb\/?page_id=611"},"modified":"2025-10-13T18:28:04","modified_gmt":"2025-10-13T16:28:04","slug":"consejo-escolar","status":"publish","type":"page","link":"https:\/\/blogsaverroes.juntadeandalucia.es\/ceipsanmarcosweb\/consejo-escolar\/","title":{"rendered":"Consejo escolar"},"content":{"rendered":"<p style=\"text-align: center\"><span style=\"font-size: 18pt\"><strong>CONSEJO ESCOLAR CONSTITUIDO DURANTE EL CURSO 24-25<\/strong><\/span><\/p>\n<table style=\"height: 528px;width: 100%;border-collapse: collapse;background-color: #15dfed\">\n<tbody>\n<tr style=\"height: 24px\">\n<td style=\"width: 49.9408%;height: 24px\" width=\"288\"><strong>Francisco Amezcua Guerrero<\/strong><\/td>\n<td style=\"width: 49.9408%;height: 24px\" width=\"288\">Director<\/td>\n<\/tr>\n<tr style=\"height: 24px\">\n<td style=\"width: 49.9408%;height: 24px\" width=\"288\"><strong>Juan Carlos Chiach\u00edo Montilla<\/strong><\/td>\n<td style=\"width: 49.9408%;height: 24px\" width=\"288\">Jefe de Estudios<\/td>\n<\/tr>\n<tr style=\"height: 24px\">\n<td style=\"width: 49.9408%;height: 24px\" width=\"288\"><strong>M\u00aa Jos\u00e9 Fabrellas Jim\u00e9nez<\/strong><\/td>\n<td style=\"width: 49.9408%;height: 24px\" width=\"288\">Secretaria<\/td>\n<\/tr>\n<tr style=\"height: 24px\">\n<td style=\"width: 49.9408%;height: 24px\" width=\"288\"><strong>Silvia Og\u00e1yar Rosell\u00f3<\/strong><\/td>\n<td style=\"width: 49.9408%;height: 24px\" width=\"288\">Profesorado<\/td>\n<\/tr>\n<tr style=\"height: 24px\">\n<td style=\"width: 49.9408%;height: 24px\" width=\"288\"><strong>Miguel \u00c1ngel Arjona Cano<\/strong><\/td>\n<td style=\"width: 49.9408%;height: 24px\" width=\"288\">Profesorado<\/td>\n<\/tr>\n<tr style=\"height: 24px\">\n<td style=\"width: 49.9408%;height: 24px\" width=\"288\"><strong>Mar\u00eda Jim\u00e9nez Tirado<\/strong><\/td>\n<td style=\"width: 49.9408%;height: 24px\" width=\"288\">Profesorado<\/td>\n<\/tr>\n<tr style=\"height: 24px\">\n<td style=\"width: 49.9408%;height: 24px\" width=\"288\"><strong>M\u00aa Pilar Le\u00f3n P\u00e9rez<\/strong><\/td>\n<td style=\"width: 49.9408%;height: 24px\" width=\"288\">Profesorado<\/td>\n<\/tr>\n<tr style=\"height: 24px\">\n<td style=\"width: 49.9408%;height: 24px\" width=\"288\"><strong>Fuensanta Garc\u00eda Gonz\u00e1lez<\/strong><\/td>\n<td style=\"width: 49.9408%;height: 24px\" width=\"288\">Profesorado<\/td>\n<\/tr>\n<tr style=\"height: 24px\">\n<td style=\"width: 49.9408%;height: 24px\" width=\"288\"><strong>F\u00e1tima Guti\u00e9rrez Vela<\/strong><\/td>\n<td style=\"width: 49.9408%;height: 24px\" width=\"288\">Profesorado<\/td>\n<\/tr>\n<tr style=\"height: 24px\">\n<td style=\"width: 49.9408%;height: 24px\" width=\"288\"><strong>Rosario Ana Zurita Garrido<\/strong><\/td>\n<td style=\"width: 49.9408%;height: 24px\" width=\"288\">Profesorado<\/td>\n<\/tr>\n<tr style=\"height: 24px\">\n<td style=\"width: 49.9408%;height: 24px\" width=\"288\"><strong>M\u00aa Rosa Sanju\u00e1n Gallardo<\/strong><\/td>\n<td style=\"width: 49.9408%;height: 24px\" width=\"288\">Profesorado<\/td>\n<\/tr>\n<tr style=\"height: 24px\">\n<td style=\"width: 49.9408%;height: 24px\" width=\"288\"><strong>M\u00aa Dolores de Dios Guti\u00e9rrez<\/strong><\/td>\n<td style=\"width: 49.9408%;height: 24px\" width=\"288\">Madres\/Padres\/Tutores<\/td>\n<\/tr>\n<tr style=\"height: 24px\">\n<td style=\"width: 49.9408%;height: 24px\" width=\"288\"><strong>Juani Navarro Olmedo<\/strong><\/td>\n<td style=\"width: 49.9408%;height: 24px\" width=\"288\">Madres\/Padres\/Tutores<\/td>\n<\/tr>\n<tr style=\"height: 24px\">\n<td style=\"width: 49.9408%;height: 24px\" width=\"288\"><strong>Juan Francisco Galiano Fern\u00e1ndez<\/strong><\/td>\n<td style=\"width: 49.9408%;height: 24px\" width=\"288\">Madres\/Padres\/Tutores<\/td>\n<\/tr>\n<tr style=\"height: 24px\">\n<td style=\"width: 49.9408%;height: 24px\" width=\"288\"><strong>Carmen M\u00aa Gonz\u00e1lez Varela<\/strong><\/td>\n<td style=\"width: 49.9408%;height: 24px\" width=\"288\">Madres\/Padres\/Tutores<\/td>\n<\/tr>\n<tr style=\"height: 24px\">\n<td style=\"width: 49.9408%;height: 24px\" width=\"288\"><strong>Yasmina Hidalgo Moreno<\/strong><\/td>\n<td style=\"width: 49.9408%;height: 24px\" width=\"288\">Madres\/Padres\/Tutores<\/td>\n<\/tr>\n<tr style=\"height: 24px\">\n<td style=\"width: 49.9408%;height: 24px\" width=\"288\"><strong>M\u00aa \u00c1ngeles Salido Hidalgo<\/strong><\/td>\n<td style=\"width: 49.9408%;height: 24px\" width=\"288\">Madres\/Padres\/Tutores<\/td>\n<\/tr>\n<tr style=\"height: 24px\">\n<td style=\"width: 49.9408%;height: 24px\" width=\"288\"><strong>M\u00aa Bel\u00e9n L\u00f3pez Carrasco<\/strong><\/td>\n<td style=\"width: 49.9408%;height: 24px\" width=\"288\">Madres\/Padres\/Tutores<\/td>\n<\/tr>\n<tr style=\"height: 24px\">\n<td style=\"width: 49.9408%;height: 24px\" width=\"288\"><strong>Mar\u00eda Luc\u00eda Su\u00e1rez Cobo<\/strong><\/td>\n<td style=\"width: 49.9408%;height: 24px\" width=\"288\">Madres\/Padres\/Tutores<\/td>\n<\/tr>\n<tr style=\"height: 24px\">\n<td style=\"width: 49.9408%;height: 24px\" width=\"288\"><strong>M\u00aa del Roc\u00edo Molina Ortega<\/strong><\/td>\n<td style=\"width: 49.9408%;height: 24px\" width=\"288\">Representante AMPA \u201cLas Eras\u201d<\/td>\n<\/tr>\n<tr style=\"height: 24px\">\n<td style=\"width: 49.9408%;height: 24px\" width=\"288\"><strong>Ana M\u00aa L\u00f3pez Delgado<\/strong><\/td>\n<td style=\"width: 49.9408%;height: 24px\" width=\"288\">Representante del Ayuntamiento<\/td>\n<\/tr>\n<tr style=\"height: 24px\">\n<td style=\"width: 49.9408%;height: 24px\" width=\"288\"><strong>Inmaculada Molina Garc\u00eda<\/strong><\/td>\n<td style=\"width: 49.9408%;height: 24px\" width=\"288\">Coordinadora Plan Igualdad<\/td>\n<\/tr>\n<\/tbody>\n<\/table>\n","protected":false},"excerpt":{"rendered":"<p>CONSEJO ESCOLAR CONSTITUIDO DURANTE EL CURSO 24-25 Francisco Amezcua Guerrero Director Juan Carlos Chiach\u00edo Montilla Jefe de Estudios M\u00aa Jos\u00e9 Fabrellas Jim\u00e9nez Secretaria Silvia Og\u00e1yar Rosell\u00f3 Profesorado Miguel \u00c1ngel Arjona Cano Profesorado Mar\u00eda Jim\u00e9nez&#46;&#46;&#46;<\/p>\n","protected":false},"author":10452,"featured_media":0,"parent":0,"menu_order":0,"comment_status":"closed","ping_status":"closed","template":"","meta":{"ngg_post_thumbnail":0,"footnotes":""},"aioseo_notices":[],"_links":{"self":[{"href":"https:\/\/blogsaverroes.juntadeandalucia.es\/ceipsanmarcosweb\/wp-json\/wp\/v2\/pages\/611"}],"collection":[{"href":"https:\/\/blogsaverroes.juntadeandalucia.es\/ceipsanmarcosweb\/wp-json\/wp\/v2\/pages"}],"about":[{"href":"https:\/\/blogsaverroes.juntadeandalucia.es\/ceipsanmarcosweb\/wp-json\/wp\/v2\/types\/page"}],"author":[{"embeddable":true,"href":"https:\/\/blogsaverroes.juntadeandalucia.es\/ceipsanmarcosweb\/wp-json\/wp\/v2\/users\/10452"}],"replies":[{"embeddable":true,"href":"https:\/\/blogsaverroes.juntadeandalucia.es\/ceipsanmarcosweb\/wp-json\/wp\/v2\/comments?post=611"}],"version-history":[{"count":11,"href":"https:\/\/blogsaverroes.juntadeandalucia.es\/ceipsanmarcosweb\/wp-json\/wp\/v2\/pages\/611\/revisions"}],"predecessor-version":[{"id":901,"href":"https:\/\/blogsaverroes.juntadeandalucia.es\/ceipsanmarcosweb\/wp-json\/wp\/v2\/pages\/611\/revisions\/901"}],"wp:attachment":[{"href":"https:\/\/blogsaverroes.juntadeandalucia.es\/ceipsanmarcosweb\/wp-json\/wp\/v2\/media?parent=611"}],"curies":[{"name":"wp","href":"https:\/\/api.w.org\/{rel}","templated":true}]}}